{"id":1545,"date":"2026-04-21T16:36:19","date_gmt":"2026-04-21T20:36:19","guid":{"rendered":"https:\/\/beavertechcanada.com\/?page_id=1545"},"modified":"2026-05-05T15:57:30","modified_gmt":"2026-05-05T19:57:30","slug":"promo-couteaux","status":"publish","type":"page","link":"https:\/\/beavertechcanada.com\/fr\/promo-couteaux\/","title":{"rendered":"Promo-couteaux"},"content":{"rendered":"<p>[et_pb_section fb_built=\u00a0\u00bb1&Prime; module_class=\u00a0\u00bbhead-page\u00a0\u00bb _builder_version=\u00a0\u00bb4.27.0&Prime; _module_preset=\u00a0\u00bbdefault\u00a0\u00bb custom_padding=\u00a0\u00bb0px||0px||true|false\u00a0\u00bb locked=\u00a0\u00bboff\u00a0\u00bb global_colors_info=\u00a0\u00bb{}\u00a0\u00bb][et_pb_row column_structure=\u00a0\u00bb2_5,3_5&Prime; use_custom_gutter=\u00a0\u00bbon\u00a0\u00bb gutter_width=\u00a0\u00bb1&Prime; make_equal=\u00a0\u00bbon\u00a0\u00bb _builder_version=\u00a0\u00bb4.27.0&Prime; _module_preset=\u00a0\u00bbdefault\u00a0\u00bb width=\u00a0\u00bb100%\u00a0\u00bb max_width=\u00a0\u00bbnone\u00a0\u00bb custom_padding=\u00a0\u00bb0px||0px||true|false\u00a0\u00bb global_colors_info=\u00a0\u00bb{}\u00a0\u00bb][et_pb_column type=\u00a0\u00bb2_5&Prime; _builder_version=\u00a0\u00bb4.27.0&Prime; _module_preset=\u00a0\u00bbdefault\u00a0\u00bb global_colors_info=\u00a0\u00bb{}\u00a0\u00bb][et_pb_text _builder_version=\u00a0\u00bb4.27.6&Prime; _module_preset=\u00a0\u00bbdefault\u00a0\u00bb global_colors_info=\u00a0\u00bb{}\u00a0\u00bb]<\/p>\n<h1>Promo Met ta Beavertech en vedette<\/h1>\n<p>Obtenez<strong> 150 $ de rabais<\/strong> sur l\u2019achat d\u2019un kit de couteaux de remplacement en nous partageant une vid\u00e9o de votre d\u00e9broussailleuse BeaverTech en action.<\/p>\n<p>[\/et_pb_text][\/et_pb_column][et_pb_column type=\u00a0\u00bb3_5&Prime; _builder_version=\u00a0\u00bb4.27.0&Prime; _module_preset=\u00a0\u00bbdefault\u00a0\u00bb global_colors_info=\u00a0\u00bb{}\u00a0\u00bb][et_pb_image src=\u00a0\u00bbhttps:\/\/beavertechcanada.com\/wp-content\/uploads\/2024\/10\/DEBVTT-14-beavertech-3.jpg\u00a0\u00bb alt=\u00a0\u00bbDEBVTT-14-beavertech-3&Prime; title_text=\u00a0\u00bbDEBVTT-14-beavertech-3&Prime; force_fullwidth=\u00a0\u00bbon\u00a0\u00bb _builder_version=\u00a0\u00bb4.27.6&Prime; _module_preset=\u00a0\u00bbdefault\u00a0\u00bb global_colors_info=\u00a0\u00bb{}\u00a0\u00bb][\/et_pb_image][\/et_pb_column][\/et_pb_row][\/et_pb_section][et_pb_section fb_built=\u00a0\u00bb1&Prime; _builder_version=\u00a0\u00bb4.27.6&Prime; _module_preset=\u00a0\u00bbdefault\u00a0\u00bb global_colors_info=\u00a0\u00bb{}\u00a0\u00bb][et_pb_row _builder_version=\u00a0\u00bb4.27.6&Prime; _module_preset=\u00a0\u00bbdefault\u00a0\u00bb global_colors_info=\u00a0\u00bb{}\u00a0\u00bb][et_pb_column type=\u00a0\u00bb4_4&Prime; _builder_version=\u00a0\u00bb4.27.6&Prime; _module_preset=\u00a0\u00bbdefault\u00a0\u00bb global_colors_info=\u00a0\u00bb{}\u00a0\u00bb][et_pb_text _builder_version=\u00a0\u00bb4.27.6&Prime; _module_preset=\u00a0\u00bbdefault\u00a0\u00bb global_colors_info=\u00a0\u00bb{}\u00a0\u00bb]<\/p>\n<h2>Admissibilit\u00e9<\/h2>\n<ul>\n<li>\u00catre d\u00e9tenteur d\u2019un produit BeaverTech.<\/li>\n<li>Soumettre une vid\u00e9o en action mettant en vedette votre machine, en respectant les crit\u00e8res de la vid\u00e9o plus bas.<\/li>\n<li>Soumettre 2 photos de vos travaux, en respectant les crit\u00e8res plus bas.<\/li>\n<li>En soumettant votre participation, vous acceptez que Beavertech utilise le contenu (vid\u00e9os et photos) \u00e0 des fins promotionnelles.<\/li>\n<\/ul>\n<ul><\/ul>\n<p>[\/et_pb_text][\/et_pb_column][\/et_pb_row][\/et_pb_section][et_pb_section fb_built=\u00a0\u00bb1&Prime; _builder_version=\u00a0\u00bb4.27.6&Prime; _module_preset=\u00a0\u00bbdefault\u00a0\u00bb background_color=\u00a0\u00bb#eaeaea\u00a0\u00bb global_colors_info=\u00a0\u00bb{}\u00a0\u00bb][et_pb_row _builder_version=\u00a0\u00bb4.27.6&Prime; _module_preset=\u00a0\u00bbdefault\u00a0\u00bb global_colors_info=\u00a0\u00bb{}\u00a0\u00bb][et_pb_column type=\u00a0\u00bb4_4&Prime; _builder_version=\u00a0\u00bb4.27.6&Prime; _module_preset=\u00a0\u00bbdefault\u00a0\u00bb global_colors_info=\u00a0\u00bb{}\u00a0\u00bb][et_pb_text _builder_version=\u00a0\u00bb4.27.6&Prime; _module_preset=\u00a0\u00bbdefault\u00a0\u00bb custom_padding=\u00a0\u00bb||0px|||\u00a0\u00bb global_colors_info=\u00a0\u00bb{}\u00a0\u00bb]<\/p>\n<h4 style=\"text-align: left;\">Crit\u00e8res de la vid\u00e9o<\/h4>\n<ul>\n<li>Filmer <strong>\u00e0 l\u2019horizontale<\/strong> (t\u00e9l\u00e9phone tourn\u00e9 sur le c\u00f4t\u00e9, bouton vers la droite)<\/li>\n<li>Garder la <strong>machine bien au centre de l\u2019image<\/strong><\/li>\n<li>La d\u00e9broussailleuse doit \u00eatre<strong> en fonction (en train de couper)<\/strong><\/li>\n<li>Le travail de <strong>coupe doit \u00eatre visible<\/strong><\/li>\n<li>Dur\u00e9e recommand\u00e9e de<strong> 10 \u00e0 30 secondes<\/strong><\/li>\n<li>Vid\u00e9o <strong>claire et stable <\/strong>(\u00e9viter flou ou trop loin) Astuce : nettoyer la lentille de la cam\u00e9ra pour une image plus nette<\/li>\n<li><strong>Aucun montage requis<\/strong> (une seule prise suffit)<\/li>\n<\/ul>\n<p>[\/et_pb_text][et_pb_text _builder_version=\u00a0\u00bb4.27.6&Prime; _module_preset=\u00a0\u00bbdefault\u00a0\u00bb global_colors_info=\u00a0\u00bb{}\u00a0\u00bb]<\/p>\n<h4 style=\"text-align: left;\">Crit\u00e8res des photos<\/h4>\n<ul>\n<li>Filmer <strong>\u00e0 l\u2019horizontale<\/strong> (t\u00e9l\u00e9phone tourn\u00e9 sur le c\u00f4t\u00e9, bouton vers la droite)<\/li>\n<li>Garder la <strong>machine bien au centre de l\u2019image<\/strong><\/li>\n<li>La d\u00e9broussailleuse doit \u00eatre <strong>en fonction (en train de couper)<\/strong><\/li>\n<li>Le <strong>travail de coupe doit \u00eatre visible<\/strong><\/li>\n<li>Dur\u00e9e recommand\u00e9e de <strong>10 \u00e0 30 secondes<\/strong><\/li>\n<li>Vid\u00e9o <strong>claire et stable<\/strong> (\u00e9viter flou ou trop loin) Astuce : nettoyer la lentille de la cam\u00e9ra pour une image plus nette<\/li>\n<li><strong>Aucun montage requis<\/strong> (une seule prise suffit)<\/li>\n<\/ul>\n<p>[\/et_pb_text][\/et_pb_column][\/et_pb_row][\/et_pb_section][et_pb_section fb_built=\u00a0\u00bb1&Prime; _builder_version=\u00a0\u00bb4.27.6&Prime; _module_preset=\u00a0\u00bbdefault\u00a0\u00bb global_colors_info=\u00a0\u00bb{}\u00a0\u00bb][et_pb_row _builder_version=\u00a0\u00bb4.27.6&Prime; _module_preset=\u00a0\u00bbdefault\u00a0\u00bb global_colors_info=\u00a0\u00bb{}\u00a0\u00bb][et_pb_column type=\u00a0\u00bb4_4&Prime; _builder_version=\u00a0\u00bb4.27.6&Prime; _module_preset=\u00a0\u00bbdefault\u00a0\u00bb global_colors_info=\u00a0\u00bb{}\u00a0\u00bb][et_pb_text _builder_version=\u00a0\u00bb4.27.6&Prime; _module_preset=\u00a0\u00bbdefault\u00a0\u00bb hover_enabled=\u00a0\u00bb0&Prime; global_colors_info=\u00a0\u00bb{}\u00a0\u00bb sticky_enabled=\u00a0\u00bb0&Prime;]<\/p>\n<h2>Participation<\/h2>\n<p>Pour participer, t\u00e9l\u00e9verser votre vid\u00e9o et les deux photos en cliquant sur le lien ou en scannant le code QR avec votre t\u00e9l\u00e9phone.<\/p>\n<section class=\"text-token-text-primary w-full focus:outline-none [--shadow-height:45px] has-data-writing-block:pointer-events-none has-data-writing-block:-mt-(--shadow-height) has-data-writing-block:pt-(--shadow-height) [&amp;:has([data-writing-block])&gt;*]:pointer-events-auto [content-visibility:auto] supports-[content-visibility:auto]:[contain-intrinsic-size:auto_100lvh] R6Vx5W_threadScrollVars scroll-mb-[calc(var(--scroll-root-safe-area-inset-bottom,0px)+var(--thread-response-height))] scroll-mt-[calc(var(--header-height)+min(200px,max(70px,20svh)))]\" dir=\"auto\" data-turn-id=\"request-69e653d8-7a3c-83ea-bf49-e2d7cf21b4ec-27\" data-testid=\"conversation-turn-54\" data-scroll-anchor=\"false\" data-turn=\"assistant\">\n<div class=\"text-base my-auto mx-auto pb-10 [--thread-content-margin:var(--thread-content-margin-xs,calc(var(--spacing)*4))] @w-sm\/main:[--thread-content-margin:var(--thread-content-margin-sm,calc(var(--spacing)*6))] @w-lg\/main:[--thread-content-margin:var(--thread-content-margin-lg,calc(var(--spacing)*16))] px-(--thread-content-margin)\">\n<div class=\"[--thread-content-max-width:40rem] @w-lg\/main:[--thread-content-max-width:48rem] mx-auto max-w-(--thread-content-max-width) flex-1 group\/turn-messages focus-visible:outline-hidden relative flex w-full min-w-0 flex-col agent-turn\">\n<div class=\"flex max-w-full flex-col gap-4 grow\">\n<div data-message-author-role=\"assistant\" data-message-id=\"af536043-4d56-462a-be57-f7b4099fa685\" dir=\"auto\" data-message-model-slug=\"gpt-5-3\" class=\"min-h-8 text-message relative flex w-full flex-col items-end gap-2 text-start break-words whitespace-normal outline-none keyboard-focused:focus-ring [.text-message+&amp;]:mt-1\" data-turn-start-message=\"true\" tabindex=\"0\">\n<div class=\"flex w-full flex-col gap-1 empty:hidden\">\n<div class=\"markdown prose dark:prose-invert w-full wrap-break-word light markdown-new-styling\">\n<p data-start=\"0\" data-end=\"154\" data-is-last-node=\"\" data-is-only-node=\"\">Une fois votre participation valid\u00e9e, vous recevrez un code promo par courriel. Il vous suffira de le mentionner lors de votre prochain achat de couteaux.<\/p>\n<\/div>\n<\/div>\n<\/div>\n<\/div>\n<div class=\"z-0 flex min-h-[46px] justify-start\"><\/div>\n<div class=\"mt-3 w-full empty:hidden\">\n<div class=\"text-center\"><\/div>\n<\/div>\n<\/div>\n<\/div>\n<\/section>\n<div aria-hidden=\"true\" class=\"pointer-events-none -mt-px h-px translate-y-[calc(var(--scroll-root-safe-area-inset-bottom)-14*var(--spacing))]\"><\/div>\n<p>[\/et_pb_text][\/et_pb_column][\/et_pb_row][et_pb_row _builder_version=\u00a0\u00bb4.27.6&Prime; _module_preset=\u00a0\u00bbdefault\u00a0\u00bb global_colors_info=\u00a0\u00bb{}\u00a0\u00bb][et_pb_column type=\u00a0\u00bb4_4&Prime; _builder_version=\u00a0\u00bb4.27.6&Prime; _module_preset=\u00a0\u00bbdefault\u00a0\u00bb global_colors_info=\u00a0\u00bb{}\u00a0\u00bb][et_pb_text _builder_version=\u00a0\u00bb4.27.6&Prime; _module_preset=\u00a0\u00bbdefault\u00a0\u00bb module_alignment=\u00a0\u00bbcenter\u00a0\u00bb global_colors_info=\u00a0\u00bb{}\u00a0\u00bb]<\/p>\n<p style=\"text-align: center;\"><a href=\"https:\/\/www.dropbox.com\/request\/om7iamcbbbm9s4lyr2of\" target=\"_blank\" rel=\"noopener\">T\u00e9l\u00e9verser votre contenu en suivant ce lien<\/a><\/p>\n<p>[\/et_pb_text][et_pb_image src=\u00a0\u00bbhttps:\/\/beavertechcanada.com\/wp-content\/uploads\/2026\/05\/qr-code-promo-couteaux-beavertech.png\u00a0\u00bb alt=\u00a0\u00bbCode QR du lien de participation\u00a0\u00bb title_text=\u00a0\u00bbqr-code-promo-couteaux-beavertech\u00a0\u00bb align=\u00a0\u00bbcenter\u00a0\u00bb _builder_version=\u00a0\u00bb4.27.6&Prime; _module_preset=\u00a0\u00bbdefault\u00a0\u00bb width=\u00a0\u00bb20%\u00a0\u00bb module_alignment=\u00a0\u00bbcenter\u00a0\u00bb global_colors_info=\u00a0\u00bb{}\u00a0\u00bb][\/et_pb_image][\/et_pb_column][\/et_pb_row][\/et_pb_section]<\/p>\n","protected":false},"excerpt":{"rendered":"<p>Promo Met ta Beavertech en vedette Obtenez 150 $ de rabais sur l\u2019achat d\u2019un kit de couteaux de remplacement en nous partageant une vid\u00e9o de votre d\u00e9broussailleuse BeaverTech en action.Admissibilit\u00e9 \u00catre d\u00e9tenteur d\u2019un produit BeaverTech. Soumettre une vid\u00e9o en action mettant en vedette votre machine, en respectant les crit\u00e8res de la vid\u00e9o plus bas. Soumettre [&hellip;]<\/p>\n","protected":false},"author":6,"featured_media":0,"parent":0,"menu_order":0,"comment_status":"closed","ping_status":"closed","template":"","meta":{"_et_pb_use_builder":"on","_et_pb_old_content":"","_et_gb_content_width":"","footnotes":""},"class_list":["post-1545","page","type-page","status-publish","hentry"],"yoast_head":"<!-- This site is optimized with the Yoast SEO plugin v27.5 - https:\/\/yoast.com\/product\/yoast-seo-wordpress\/ -->\n<title>Promo-couteaux | BeaverTech<\/title>\n<meta name=\"description\" content=\"Soumettez une vid\u00e9o et des photos de votre d\u00e9broussailleuse BeaverTech et obtenez 150$ de rabais sur un kit de couteaux de remplacement.\" \/>\n<meta name=\"robots\" content=\"index, follow, max-snippet:-1, max-image-preview:large, max-video-preview:-1\" \/>\n<link rel=\"canonical\" href=\"https:\/\/beavertechcanada.com\/fr\/promo-couteaux\/\" \/>\n<meta property=\"og:locale\" content=\"fr_FR\" \/>\n<meta property=\"og:type\" content=\"article\" \/>\n<meta property=\"og:title\" content=\"Promo-couteaux | BeaverTech\" \/>\n<meta property=\"og:description\" content=\"Soumettez une vid\u00e9o et des photos de votre d\u00e9broussailleuse BeaverTech et obtenez 150$ de rabais sur un kit de couteaux de remplacement.\" \/>\n<meta property=\"og:url\" content=\"https:\/\/beavertechcanada.com\/fr\/promo-couteaux\/\" \/>\n<meta property=\"og:site_name\" content=\"BeaverTech\" \/>\n<meta property=\"article:publisher\" content=\"https:\/\/www.facebook.com\/debroussailleusebeavertech\" \/>\n<meta property=\"article:modified_time\" content=\"2026-05-05T19:57:30+00:00\" \/>\n<meta property=\"og:image\" content=\"https:\/\/beavertechcanada.com\/wp-content\/uploads\/2024\/09\/img-reseaux-sociaux-beavertech.jpg\" \/>\n\t<meta property=\"og:image:width\" content=\"1200\" \/>\n\t<meta property=\"og:image:height\" content=\"675\" \/>\n\t<meta property=\"og:image:type\" content=\"image\/jpeg\" \/>\n<meta name=\"twitter:card\" content=\"summary_large_image\" \/>\n<meta name=\"twitter:label1\" content=\"Dur\u00e9e de lecture estim\u00e9e\" \/>\n\t<meta name=\"twitter:data1\" content=\"2 minutes\" \/>\n<script type=\"application\/ld+json\" class=\"yoast-schema-graph\">{\"@context\":\"https:\\\/\\\/schema.org\",\"@graph\":[{\"@type\":\"WebPage\",\"@id\":\"https:\\\/\\\/beavertechcanada.com\\\/fr\\\/promo-couteaux\\\/\",\"url\":\"https:\\\/\\\/beavertechcanada.com\\\/fr\\\/promo-couteaux\\\/\",\"name\":\"Promo-couteaux | BeaverTech\",\"isPartOf\":{\"@id\":\"https:\\\/\\\/beavertechcanada.com\\\/fr\\\/#website\"},\"datePublished\":\"2026-04-21T20:36:19+00:00\",\"dateModified\":\"2026-05-05T19:57:30+00:00\",\"description\":\"Soumettez une vid\u00e9o et des photos de votre d\u00e9broussailleuse BeaverTech et obtenez 150$ de rabais sur un kit de couteaux de remplacement.\",\"breadcrumb\":{\"@id\":\"https:\\\/\\\/beavertechcanada.com\\\/fr\\\/promo-couteaux\\\/#breadcrumb\"},\"inLanguage\":\"fr-FR\",\"potentialAction\":[{\"@type\":\"ReadAction\",\"target\":[\"https:\\\/\\\/beavertechcanada.com\\\/fr\\\/promo-couteaux\\\/\"]}]},{\"@type\":\"BreadcrumbList\",\"@id\":\"https:\\\/\\\/beavertechcanada.com\\\/fr\\\/promo-couteaux\\\/#breadcrumb\",\"itemListElement\":[{\"@type\":\"ListItem\",\"position\":1,\"name\":\"Accueil\",\"item\":\"https:\\\/\\\/beavertechcanada.com\\\/fr\\\/\"},{\"@type\":\"ListItem\",\"position\":2,\"name\":\"Promo-couteaux\"}]},{\"@type\":\"WebSite\",\"@id\":\"https:\\\/\\\/beavertechcanada.com\\\/fr\\\/#website\",\"url\":\"https:\\\/\\\/beavertechcanada.com\\\/fr\\\/\",\"name\":\"BeaverTech\",\"description\":\"D\u00e9broussailleuses pour VTT, tracteurs, surfaceurs et excavatrices\",\"potentialAction\":[{\"@type\":\"SearchAction\",\"target\":{\"@type\":\"EntryPoint\",\"urlTemplate\":\"https:\\\/\\\/beavertechcanada.com\\\/fr\\\/?s={search_term_string}\"},\"query-input\":{\"@type\":\"PropertyValueSpecification\",\"valueRequired\":true,\"valueName\":\"search_term_string\"}}],\"inLanguage\":\"fr-FR\"}]}<\/script>\n<!-- \/ Yoast SEO plugin. -->","yoast_head_json":{"title":"Promo-couteaux | BeaverTech","description":"Soumettez une vid\u00e9o et des photos de votre d\u00e9broussailleuse BeaverTech et obtenez 150$ de rabais sur un kit de couteaux de remplacement.","robots":{"index":"index","follow":"follow","max-snippet":"max-snippet:-1","max-image-preview":"max-image-preview:large","max-video-preview":"max-video-preview:-1"},"canonical":"https:\/\/beavertechcanada.com\/fr\/promo-couteaux\/","og_locale":"fr_FR","og_type":"article","og_title":"Promo-couteaux | BeaverTech","og_description":"Soumettez une vid\u00e9o et des photos de votre d\u00e9broussailleuse BeaverTech et obtenez 150$ de rabais sur un kit de couteaux de remplacement.","og_url":"https:\/\/beavertechcanada.com\/fr\/promo-couteaux\/","og_site_name":"BeaverTech","article_publisher":"https:\/\/www.facebook.com\/debroussailleusebeavertech","article_modified_time":"2026-05-05T19:57:30+00:00","og_image":[{"width":1200,"height":675,"url":"https:\/\/beavertechcanada.com\/wp-content\/uploads\/2024\/09\/img-reseaux-sociaux-beavertech.jpg","type":"image\/jpeg"}],"twitter_card":"summary_large_image","twitter_misc":{"Dur\u00e9e de lecture estim\u00e9e":"2 minutes"},"schema":{"@context":"https:\/\/schema.org","@graph":[{"@type":"WebPage","@id":"https:\/\/beavertechcanada.com\/fr\/promo-couteaux\/","url":"https:\/\/beavertechcanada.com\/fr\/promo-couteaux\/","name":"Promo-couteaux | BeaverTech","isPartOf":{"@id":"https:\/\/beavertechcanada.com\/fr\/#website"},"datePublished":"2026-04-21T20:36:19+00:00","dateModified":"2026-05-05T19:57:30+00:00","description":"Soumettez une vid\u00e9o et des photos de votre d\u00e9broussailleuse BeaverTech et obtenez 150$ de rabais sur un kit de couteaux de remplacement.","breadcrumb":{"@id":"https:\/\/beavertechcanada.com\/fr\/promo-couteaux\/#breadcrumb"},"inLanguage":"fr-FR","potentialAction":[{"@type":"ReadAction","target":["https:\/\/beavertechcanada.com\/fr\/promo-couteaux\/"]}]},{"@type":"BreadcrumbList","@id":"https:\/\/beavertechcanada.com\/fr\/promo-couteaux\/#breadcrumb","itemListElement":[{"@type":"ListItem","position":1,"name":"Accueil","item":"https:\/\/beavertechcanada.com\/fr\/"},{"@type":"ListItem","position":2,"name":"Promo-couteaux"}]},{"@type":"WebSite","@id":"https:\/\/beavertechcanada.com\/fr\/#website","url":"https:\/\/beavertechcanada.com\/fr\/","name":"BeaverTech","description":"D\u00e9broussailleuses pour VTT, tracteurs, surfaceurs et excavatrices","potentialAction":[{"@type":"SearchAction","target":{"@type":"EntryPoint","urlTemplate":"https:\/\/beavertechcanada.com\/fr\/?s={search_term_string}"},"query-input":{"@type":"PropertyValueSpecification","valueRequired":true,"valueName":"search_term_string"}}],"inLanguage":"fr-FR"}]}},"_links":{"self":[{"href":"https:\/\/beavertechcanada.com\/fr\/wp-json\/wp\/v2\/pages\/1545","targetHints":{"allow":["GET"]}}],"collection":[{"href":"https:\/\/beavertechcanada.com\/fr\/wp-json\/wp\/v2\/pages"}],"about":[{"href":"https:\/\/beavertechcanada.com\/fr\/wp-json\/wp\/v2\/types\/page"}],"author":[{"embeddable":true,"href":"https:\/\/beavertechcanada.com\/fr\/wp-json\/wp\/v2\/users\/6"}],"replies":[{"embeddable":true,"href":"https:\/\/beavertechcanada.com\/fr\/wp-json\/wp\/v2\/comments?post=1545"}],"version-history":[{"count":38,"href":"https:\/\/beavertechcanada.com\/fr\/wp-json\/wp\/v2\/pages\/1545\/revisions"}],"predecessor-version":[{"id":1645,"href":"https:\/\/beavertechcanada.com\/fr\/wp-json\/wp\/v2\/pages\/1545\/revisions\/1645"}],"wp:attachment":[{"href":"https:\/\/beavertechcanada.com\/fr\/wp-json\/wp\/v2\/media?parent=1545"}],"curies":[{"name":"wp","href":"https:\/\/api.w.org\/{rel}","templated":true}]}}