{"id":3,"date":"2024-09-04T15:36:44","date_gmt":"2024-09-04T13:36:44","guid":{"rendered":"https:\/\/beavertechcanada.com\/?page_id=3"},"modified":"2024-09-25T11:30:36","modified_gmt":"2024-09-25T15:30:36","slug":"politique-de-confidentialite","status":"publish","type":"page","link":"https:\/\/beavertechcanada.com\/fr\/politique-de-confidentialite\/","title":{"rendered":"Politique de confidentialit\u00e9"},"content":{"rendered":"<p>[et_pb_section fb_built=\u00a0\u00bb1&Prime; admin_label=\u00a0\u00bbsection\u00a0\u00bb _builder_version=\u00a0\u00bb4.16&Prime; global_colors_info=\u00a0\u00bb{}\u00a0\u00bb][et_pb_row admin_label=\u00a0\u00bbrow\u00a0\u00bb _builder_version=\u00a0\u00bb4.16&Prime; background_size=\u00a0\u00bbinitial\u00a0\u00bb background_position=\u00a0\u00bbtop_left\u00a0\u00bb background_repeat=\u00a0\u00bbrepeat\u00a0\u00bb global_colors_info=\u00a0\u00bb{}\u00a0\u00bb][et_pb_column type=\u00a0\u00bb4_4&Prime; _builder_version=\u00a0\u00bb4.16&Prime; custom_padding=\u00a0\u00bb|||\u00a0\u00bb global_colors_info=\u00a0\u00bb{}\u00a0\u00bb custom_padding__hover=\u00a0\u00bb|||\u00a0\u00bb][et_pb_text admin_label=\u00a0\u00bbText\u00a0\u00bb _builder_version=\u00a0\u00bb4.27.0&Prime; background_size=\u00a0\u00bbinitial\u00a0\u00bb background_position=\u00a0\u00bbtop_left\u00a0\u00bb background_repeat=\u00a0\u00bbrepeat\u00a0\u00bb hover_enabled=\u00a0\u00bb0&Prime; global_colors_info=\u00a0\u00bb{}\u00a0\u00bb sticky_enabled=\u00a0\u00bb0&Prime;]<\/p>\n<h1><span>Politique de confidentialit\u00e9<\/span><\/h1>\n<div><span>Le respect de votre vie priv\u00e9e est de la plus haute importance pour BeaverTech.<\/span><\/div>\n<p>&nbsp;<\/p>\n<div><span>La politique de confidentialit\u00e9 vise \u00e0 vous informer des pratiques adopt\u00e9es \u00e0 l\u2019\u00e9gard des renseignements personnels ou confidentiels qui vous concernent ou qui concernent votre entreprise.<\/span><\/div>\n<p>&nbsp;<\/p>\n<h2><span>Donn\u00e9es \u00e9chang\u00e9es automatiquement<\/span><\/h2>\n<div><span>Lorsque vous acc\u00e9dez \u00e0 ce site Web, votre ordinateur et notre serveur \u00e9changent automatiquement des donn\u00e9es. Cet \u00e9change est n\u00e9cessaire pour que le serveur vous transmette un fichier compatible avec l\u2019\u00e9quipement informatique que vous utilisez. Les donn\u00e9es \u00e9chang\u00e9es sont les suivantes :<\/span><\/div>\n<p>&nbsp;<\/p>\n<ul>\n<li><span>l\u2019identification de votre fournisseur d\u2019acc\u00e8s \u00e0 Internet<\/span><span>;<\/span><\/li>\n<li><span>votre adresse IP (adresse num\u00e9rique qui permet de localiser de fa\u00e7on pr\u00e9cise un ordinateur connect\u00e9 au r\u00e9seau Internet, par exemple : 123.45.67.890)<\/span><span>;<\/span><\/li>\n<li><span>le type de navigateur (par exemple : Firefox, Explorer) et de syst\u00e8me d\u2019exploitation (par exemple : Windows, Mac OS) que vous utilisez<\/span><span>;<\/span><\/li>\n<li><span>les pages que vous visitez<\/span><span>;<\/span><\/li>\n<li><span>la date et l\u2019heure auxquelles vous acc\u00e9dez \u00e0 ces pages<\/span><span>;<\/span><\/li>\n<li><span>l\u2019adresse du site r\u00e9f\u00e9rent, si vous acc\u00e9dez \u00e0 ce site \u00e0 partir d\u2019un autre site Web.<\/span><\/li>\n<li><span>La plupart des informations transmises automatiquement entre ordinateurs ne permettent pas de conna\u00eetre votre identit\u00e9. Elles ne sont recueillies qu\u2019en raison d\u2019exigences technologiques inh\u00e9rentes \u00e0 la navigation sur Internet.<\/span><\/li>\n<\/ul>\n<p>&nbsp;<\/p>\n<div><span>BeaverTech conserve ces donn\u00e9es \u00e0 des fins statistiques. Elles servent \u00e0 comptabiliser le nombre de visites et \u00e0 conna\u00eetre les pages les plus fr\u00e9quent\u00e9es, la technologie utilis\u00e9e par les visiteurs, les adresses des sites r\u00e9f\u00e9rents et le pays d\u2019origine des visiteurs.<\/span><\/div>\n<p>&nbsp;<\/p>\n<h2><span>Utilisation de t\u00e9moins (cookies)<\/span><\/h2>\n<div><span>Des t\u00e9moins sont utilis\u00e9s pour faciliter la navigation dans les pages de ce service. Ces t\u00e9moins ne permettent pas de recueillir des renseignements personnels \u00e0 votre sujet. Vous pouvez \u00e0 tout moment param\u00e9trer votre navigateur pour qu\u2019il bloque les fichiers t\u00e9moins. Toutefois, cette action risque de vous priver de certaines fonctions offertes sur le site.<\/span><\/div>\n<p>&nbsp;<\/p>\n<div><span>Si vous utilisez un ordinateur dans un lieu public ou que vous partagez un ordinateur avec d\u2019autres utilisateurs, assurez-vous d\u2019effacer les traces de votre navigation emmagasin\u00e9es dans l\u2019historique avant de terminer chaque session.<\/span><\/div>\n<p>&nbsp;<\/p>\n<h2><span>Utilisation de Google Analytics<\/span><\/h2>\n<div><span>BeaverTech utilise sur ce site Google Analytics, un outil de mesure d\u2019audience Web.<\/span><\/div>\n<p>&nbsp;<\/p>\n<div><span>\u00c0 l\u2019aide de t\u00e9moins (cookies), Google Analytics collecte des renseignements concernant votre navigation sur ce site, lesquels sont conserv\u00e9s sur des serveurs situ\u00e9s notamment aux \u00c9tats-Unis. Google peut communiquer ces renseignements \u00e0 des tiers en cas d\u2019obligation l\u00e9gale ou lorsque ces tiers traitent les donn\u00e9es pour son compte.<\/span><\/div>\n<p>&nbsp;<\/p>\n<div><span>Les renseignements collect\u00e9s par l\u2019outil sont, par exemple, les pages que vous consultez, la date, l\u2019heure, la dur\u00e9e et la fr\u00e9quence de vos visites ainsi que les liens sur lesquels vous cliquez. Le type de syst\u00e8me d\u2019exploitation de votre ordinateur ainsi que la langue de celui-ci, le nom de votre fournisseur de services Internet et votre position g\u00e9ographique (la r\u00e9gion) font aussi partie des renseignements collect\u00e9s. Votre adresse IP est \u00e9galement recueillie, mais elle est anonymis\u00e9e (tronqu\u00e9e) afin d\u2019assurer la confidentialit\u00e9 des renseignements vous concernant. L\u2019anonymisation d\u2019une adresse IP permet d\u2019emp\u00eacher que l\u2019identit\u00e9 d\u2019un internaute soit connue au moyen de celle-ci.<\/span><\/div>\n<p>&nbsp;<\/p>\n<div><span>Google n\u2019utilise les renseignements collect\u00e9s que pour produire des statistiques et des rapports sur la navigation sur ce site, ce qui permet \u00e0 BeaverTech d\u2019am\u00e9liorer sa prestation \u00e9lectronique de services. Google ne mettra en aucun cas en relation les renseignements collect\u00e9s sur ce site avec une autre donn\u00e9e qu\u2019il conserve.<\/span><\/div>\n<p>&nbsp;<\/p>\n<div><span>Si vous le d\u00e9sirez, vous pouvez emp\u00eacher l\u2019enregistrement par Google des renseignements relatifs \u00e0 votre navigation en installant sur votre ordinateur le module compl\u00e9mentaire de navigateur pour la d\u00e9sactivation de Google Analytics.<\/span><\/div>\n<p>&nbsp;<\/p>\n<h2><span>Hotjar<\/span><\/h2>\n<div><span>Hotjar est un outil d\u2019analyse et de r\u00e9troaction qui permet d\u2019obtenir d\u2019autres types de renseignements sur les comportements des utilisateurs. Hotjar enregistre les mouvements de l\u2019utilisateur, comme les d\u00e9placements et les pointages de la souris, les clics et l\u2019engagement avec les \u00e9l\u00e9ments interactifs de la page Web. Il offre \u00e9galement des sondages contextuels et des bo\u00eetes de commentaires. Hotjar masque les renseignements saisis dans les formulaires qui sont susceptibles de contenir des donn\u00e9es sensibles, comme des mots de passe, de sorte qu\u2019ils n\u2019apparaissent pas dans les enregistrements des comportements des utilisateurs. Hotjar utilise un identifiant unique afin d\u2019assurer le suivi des utilisateurs d\u2019une session de navigation \u00e0 l\u2019autre, sans toutefois retenir les adresses IP compl\u00e8tes.<\/span><\/div>\n<p>&nbsp;<\/p>\n<div><span>Donn\u00e9es personnelles collig\u00e9es : t\u00e9moins et donn\u00e9es relatives \u00e0 l\u2019utilisation<\/span><\/div>\n<p>&nbsp;<\/p>\n<div><span>Lieu de traitement : Union europ\u00e9enne<\/span><\/div>\n<p>&nbsp;<\/p>\n<div><span>Pour obtenir de plus amples renseignements, veuillez consulter la politique de confidentialit\u00e9 de Hotjar. Vous pouvez \u00e9galement refuser que Hotjar recueille vos donn\u00e9es. (Pri\u00e8re de noter que Hotjar n\u2019exerce pas de suivi des utilisateurs qui ont d\u00e9sactiv\u00e9 leurs t\u00e9moins ni n\u2019enregistre leurs comportements.)<\/span><\/div>\n<p>&nbsp;<\/p>\n<h2><span>Responsable de la protection des renseignements personnels<\/span><\/h2>\n<div><span>La Loi sur la protection des renseignements personnels vous conf\u00e8re les droits suivants :<\/span><\/div>\n<p>&nbsp;<\/p>\n<div><span>le respect de la confidentialit\u00e9 des renseignements personnels<\/span><span>;<\/span><\/div>\n<div><span>la rectification de vos renseignements personnels s\u2019ils se r\u00e9v\u00e8lent incomplets, inexacts ou \u00e9quivoques, ou si leur collecte, leur communication ou leur conservation ne sont pas autoris\u00e9es par la Loi.<\/span><\/div>\n<div><span>La personne responsable de l\u2019application de la Loi sur la protection des renseignements personnels est, \u00e0 ce titre, \u00e9galement charg\u00e9e de veiller au respect de cette politique.<\/span><\/div>\n<p>&nbsp;<\/p>\n<div><span>Pour toute question au sujet du traitement ou de la mise \u00e0 jour de vos renseignements personnels ou pour nous faire part de toute pr\u00e9occupation \u00e0 cet \u00e9gard, veuillez communiquer avec :<\/span><\/div>\n<p>&nbsp;<\/p>\n<div>Maxime Lapointe<br \/>Propri\u00e9taire<br \/>T\u00e9l\u00e9phone:<a href=\"tel:4182746323;2\"> 418 274-6323 poste 2<\/a><br \/><span style=\"text-decoration: line-through;\"><\/span><\/div>\n<div><a href=\"mailto:m.lapointe@serviceams.ca\">m.lapointe@serviceams.ca<\/a><\/div>\n<\/p>\n<p>[\/et_pb_text][\/et_pb_column][\/et_pb_row][\/et_pb_section]<\/p>\n","protected":false},"excerpt":{"rendered":"<p>Politique de confidentialit\u00e9 Le respect de votre vie priv\u00e9e est de la plus haute importance pour BeaverTech. &nbsp; La politique de confidentialit\u00e9 vise \u00e0 vous informer des pratiques adopt\u00e9es \u00e0 l\u2019\u00e9gard des renseignements personnels ou confidentiels qui vous concernent ou qui concernent votre entreprise. &nbsp; Donn\u00e9es \u00e9chang\u00e9es automatiquement Lorsque vous acc\u00e9dez \u00e0 ce site Web, [&hellip;]<\/p>\n","protected":false},"author":8,"featured_media":0,"parent":0,"menu_order":0,"comment_status":"closed","ping_status":"closed","template":"","meta":{"_et_pb_use_builder":"on","_et_pb_old_content":"<!-- wp:heading --><h2>Qui sommes-nous\u00a0?<\/h2><!-- \/wp:heading --><!-- wp:paragraph --><p><strong class=\"privacy-policy-tutorial\">Texte sugg\u00e9r\u00e9\u00a0: <\/strong>L\u2019adresse de notre site est\u00a0: https:\/\/beavertechcanada.com.<\/p><!-- \/wp:paragraph --><!-- wp:heading --><h2>Commentaires<\/h2><!-- \/wp:heading --><!-- wp:paragraph --><p><strong class=\"privacy-policy-tutorial\">Texte sugg\u00e9r\u00e9\u00a0: <\/strong>Quand vous laissez un commentaire sur notre site, les donn\u00e9es inscrites dans le formulaire de commentaire, mais aussi votre adresse IP et l\u2019agent utilisateur de votre navigateur sont collect\u00e9s pour nous aider \u00e0 la d\u00e9tection des commentaires ind\u00e9sirables.<\/p><!-- \/wp:paragraph --><!-- wp:paragraph --><p>Une cha\u00eene anonymis\u00e9e cr\u00e9\u00e9e \u00e0 partir de votre adresse e-mail (\u00e9galement appel\u00e9e hash) peut \u00eatre envoy\u00e9e au service Gravatar pour v\u00e9rifier si vous utilisez ce dernier. Les clauses de confidentialit\u00e9 du service Gravatar sont disponibles ici\u00a0: https:\/\/automattic.com\/privacy\/. Apr\u00e8s validation de votre commentaire, votre photo de profil sera visible publiquement \u00e0 cot\u00e9 de votre commentaire.<\/p><!-- \/wp:paragraph --><!-- wp:heading --><h2>M\u00e9dias<\/h2><!-- \/wp:heading --><!-- wp:paragraph --><p><strong class=\"privacy-policy-tutorial\">Texte sugg\u00e9r\u00e9\u00a0: <\/strong>Si vous t\u00e9l\u00e9versez des images sur le site, nous vous conseillons d\u2019\u00e9viter de t\u00e9l\u00e9verser des images contenant des donn\u00e9es EXIF de coordonn\u00e9es GPS. Les personnes visitant votre site peuvent t\u00e9l\u00e9charger et extraire des donn\u00e9es de localisation depuis ces images.<\/p><!-- \/wp:paragraph --><!-- wp:heading --><h2>Cookies<\/h2><!-- \/wp:heading --><!-- wp:paragraph --><p><strong class=\"privacy-policy-tutorial\">Texte sugg\u00e9r\u00e9\u00a0: <\/strong>Si vous d\u00e9posez un commentaire sur notre site, il vous sera propos\u00e9 d\u2019enregistrer votre nom, adresse e-mail et site dans des cookies. C\u2019est uniquement pour votre confort afin de ne pas avoir \u00e0 saisir ces informations si vous d\u00e9posez un autre commentaire plus tard. Ces cookies expirent au bout d\u2019un an.<\/p><!-- \/wp:paragraph --><!-- wp:paragraph --><p>Si vous vous rendez sur la page de connexion, un cookie temporaire sera cr\u00e9\u00e9 afin de d\u00e9terminer si votre navigateur accepte les cookies. Il ne contient pas de donn\u00e9es personnelles et sera supprim\u00e9 automatiquement \u00e0 la fermeture de votre navigateur.<\/p><!-- \/wp:paragraph --><!-- wp:paragraph --><p>Lorsque vous vous connecterez, nous mettrons en place un certain nombre de cookies pour enregistrer vos informations de connexion et vos pr\u00e9f\u00e9rences d\u2019\u00e9cran. La dur\u00e9e de vie d\u2019un cookie de connexion est de deux jours, celle d\u2019un cookie d\u2019option d\u2019\u00e9cran est d\u2019un an. Si vous cochez \u00ab\u00a0Se souvenir de moi\u00a0\u00bb, votre cookie de connexion sera conserv\u00e9 pendant deux semaines. Si vous vous d\u00e9connectez de votre compte, le cookie de connexion sera effac\u00e9.<\/p><!-- \/wp:paragraph --><!-- wp:paragraph --><p>En modifiant ou en publiant une publication, un cookie suppl\u00e9mentaire sera enregistr\u00e9 dans votre navigateur. Ce cookie ne comprend aucune donn\u00e9e personnelle. Il indique simplement l\u2019ID de la publication que vous venez de modifier. Il expire au bout d\u2019un jour.<\/p><!-- \/wp:paragraph --><!-- wp:heading --><h2>Contenu embarqu\u00e9 depuis d\u2019autres sites<\/h2><!-- \/wp:heading --><!-- wp:paragraph --><p><strong class=\"privacy-policy-tutorial\">Texte sugg\u00e9r\u00e9\u00a0: <\/strong>Les articles de ce site peuvent inclure des contenus int\u00e9gr\u00e9s (par exemple des vid\u00e9os, images, articles\u2026). Le contenu int\u00e9gr\u00e9 depuis d\u2019autres sites se comporte de la m\u00eame mani\u00e8re que si le visiteur se rendait sur cet autre site.<\/p><!-- \/wp:paragraph --><!-- wp:paragraph --><p>Ces sites web pourraient collecter des donn\u00e9es sur vous, utiliser des cookies, embarquer des outils de suivis tiers, suivre vos interactions avec ces contenus embarqu\u00e9s si vous disposez d\u2019un compte connect\u00e9 sur leur site web.<\/p><!-- \/wp:paragraph --><!-- wp:heading --><h2>Utilisation et transmission de vos donn\u00e9es personnelles<\/h2><!-- \/wp:heading --><!-- wp:paragraph --><p><strong class=\"privacy-policy-tutorial\">Texte sugg\u00e9r\u00e9\u00a0: <\/strong>Si vous demandez une r\u00e9initialisation de votre mot de passe, votre adresse IP sera incluse dans l\u2019e-mail de r\u00e9initialisation.<\/p><!-- \/wp:paragraph --><!-- wp:heading --><h2>Dur\u00e9es de stockage de vos donn\u00e9es<\/h2><!-- \/wp:heading --><!-- wp:paragraph --><p><strong class=\"privacy-policy-tutorial\">Texte sugg\u00e9r\u00e9\u00a0: <\/strong>Si vous laissez un commentaire, le commentaire et ses m\u00e9tadonn\u00e9es sont conserv\u00e9s ind\u00e9finiment. Cela permet de reconna\u00eetre et approuver automatiquement les commentaires suivants au lieu de les laisser dans la file de mod\u00e9ration.<\/p><!-- \/wp:paragraph --><!-- wp:paragraph --><p>Pour les comptes qui s\u2019inscrivent sur notre site (le cas \u00e9ch\u00e9ant), nous stockons \u00e9galement les donn\u00e9es personnelles indiqu\u00e9es dans leur profil. Tous les comptes peuvent voir, modifier ou supprimer leurs informations personnelles \u00e0 tout moment (\u00e0 l\u2019exception de leur identifiant). Les gestionnaires du site peuvent aussi voir et modifier ces informations.<\/p><!-- \/wp:paragraph --><!-- wp:heading --><h2>Les droits que vous avez sur vos donn\u00e9es<\/h2><!-- \/wp:heading --><!-- wp:paragraph --><p><strong class=\"privacy-policy-tutorial\">Texte sugg\u00e9r\u00e9\u00a0: <\/strong>Si vous avez un compte ou si vous avez laiss\u00e9 des commentaires sur le site, vous pouvez demander \u00e0 recevoir un fichier contenant toutes les donn\u00e9es personnelles que nous poss\u00e9dons \u00e0 votre sujet, incluant celles que vous nous avez fournies. Vous pouvez \u00e9galement demander la suppression des donn\u00e9es personnelles vous concernant. Cela ne prend pas en compte les donn\u00e9es stock\u00e9es \u00e0 des fins administratives, l\u00e9gales ou pour des raisons de s\u00e9curit\u00e9.<\/p><!-- \/wp:paragraph --><!-- wp:heading --><h2>Transmission de vos donn\u00e9es personnelles<\/h2><!-- \/wp:heading --><!-- wp:paragraph --><p><strong class=\"privacy-policy-tutorial\">Texte sugg\u00e9r\u00e9\u00a0: <\/strong>Les commentaires des visiteurs peuvent \u00eatre v\u00e9rifi\u00e9s \u00e0 l\u2019aide d\u2019un service automatis\u00e9 de d\u00e9tection des commentaires ind\u00e9sirables.<\/p><!-- \/wp:paragraph -->","_et_gb_content_width":"","footnotes":""},"class_list":["post-3","page","type-page","status-publish","hentry"],"yoast_head":"<!-- This site is optimized with the Yoast SEO plugin v27.4 - https:\/\/yoast.com\/product\/yoast-seo-wordpress\/ -->\n<title>Politique de confidentialit\u00e9 | BeaverTech<\/title>\n<meta name=\"description\" content=\"Le respect de votre vie priv\u00e9e est de la plus haute importance pour BeaverTech. Consultez notre politique de confidentialit\u00e9.\" \/>\n<meta name=\"robots\" content=\"index, follow, max-snippet:-1, max-image-preview:large, max-video-preview:-1\" \/>\n<link rel=\"canonical\" href=\"https:\/\/beavertechcanada.com\/fr\/politique-de-confidentialite\/\" \/>\n<meta property=\"og:locale\" content=\"fr_FR\" \/>\n<meta property=\"og:type\" content=\"article\" \/>\n<meta property=\"og:title\" content=\"Politique de confidentialit\u00e9 | BeaverTech\" \/>\n<meta property=\"og:description\" content=\"Le respect de votre vie priv\u00e9e est de la plus haute importance pour BeaverTech. Consultez notre politique de confidentialit\u00e9.\" \/>\n<meta property=\"og:url\" content=\"https:\/\/beavertechcanada.com\/fr\/politique-de-confidentialite\/\" \/>\n<meta property=\"og:site_name\" content=\"BeaverTech\" \/>\n<meta property=\"article:publisher\" content=\"https:\/\/www.facebook.com\/debroussailleusebeavertech\" \/>\n<meta property=\"article:modified_time\" content=\"2024-09-25T15:30:36+00:00\" \/>\n<meta property=\"og:image\" content=\"https:\/\/beavertechcanada.com\/wp-content\/uploads\/2024\/09\/img-reseaux-sociaux-beavertech.jpg\" \/>\n\t<meta property=\"og:image:width\" content=\"1200\" \/>\n\t<meta property=\"og:image:height\" content=\"675\" \/>\n\t<meta property=\"og:image:type\" content=\"image\/jpeg\" \/>\n<meta name=\"twitter:card\" content=\"summary_large_image\" \/>\n<meta name=\"twitter:label1\" content=\"Dur\u00e9e de lecture estim\u00e9e\" \/>\n\t<meta name=\"twitter:data1\" content=\"5 minutes\" \/>\n<script type=\"application\/ld+json\" class=\"yoast-schema-graph\">{\"@context\":\"https:\\\/\\\/schema.org\",\"@graph\":[{\"@type\":\"WebPage\",\"@id\":\"https:\\\/\\\/beavertechcanada.com\\\/fr\\\/politique-de-confidentialite\\\/\",\"url\":\"https:\\\/\\\/beavertechcanada.com\\\/fr\\\/politique-de-confidentialite\\\/\",\"name\":\"Politique de confidentialit\u00e9 | BeaverTech\",\"isPartOf\":{\"@id\":\"https:\\\/\\\/beavertechcanada.com\\\/fr\\\/#website\"},\"datePublished\":\"2024-09-04T13:36:44+00:00\",\"dateModified\":\"2024-09-25T15:30:36+00:00\",\"description\":\"Le respect de votre vie priv\u00e9e est de la plus haute importance pour BeaverTech. Consultez notre politique de confidentialit\u00e9.\",\"breadcrumb\":{\"@id\":\"https:\\\/\\\/beavertechcanada.com\\\/fr\\\/politique-de-confidentialite\\\/#breadcrumb\"},\"inLanguage\":\"fr-FR\",\"potentialAction\":[{\"@type\":\"ReadAction\",\"target\":[\"https:\\\/\\\/beavertechcanada.com\\\/fr\\\/politique-de-confidentialite\\\/\"]}]},{\"@type\":\"BreadcrumbList\",\"@id\":\"https:\\\/\\\/beavertechcanada.com\\\/fr\\\/politique-de-confidentialite\\\/#breadcrumb\",\"itemListElement\":[{\"@type\":\"ListItem\",\"position\":1,\"name\":\"Accueil\",\"item\":\"https:\\\/\\\/beavertechcanada.com\\\/fr\\\/\"},{\"@type\":\"ListItem\",\"position\":2,\"name\":\"Politique de confidentialit\u00e9\"}]},{\"@type\":\"WebSite\",\"@id\":\"https:\\\/\\\/beavertechcanada.com\\\/fr\\\/#website\",\"url\":\"https:\\\/\\\/beavertechcanada.com\\\/fr\\\/\",\"name\":\"BeaverTech\",\"description\":\"D\u00e9broussailleuses pour VTT, tracteurs, surfaceurs et excavatrices\",\"potentialAction\":[{\"@type\":\"SearchAction\",\"target\":{\"@type\":\"EntryPoint\",\"urlTemplate\":\"https:\\\/\\\/beavertechcanada.com\\\/fr\\\/?s={search_term_string}\"},\"query-input\":{\"@type\":\"PropertyValueSpecification\",\"valueRequired\":true,\"valueName\":\"search_term_string\"}}],\"inLanguage\":\"fr-FR\"}]}<\/script>\n<!-- \/ Yoast SEO plugin. -->","yoast_head_json":{"title":"Politique de confidentialit\u00e9 | BeaverTech","description":"Le respect de votre vie priv\u00e9e est de la plus haute importance pour BeaverTech. Consultez notre politique de confidentialit\u00e9.","robots":{"index":"index","follow":"follow","max-snippet":"max-snippet:-1","max-image-preview":"max-image-preview:large","max-video-preview":"max-video-preview:-1"},"canonical":"https:\/\/beavertechcanada.com\/fr\/politique-de-confidentialite\/","og_locale":"fr_FR","og_type":"article","og_title":"Politique de confidentialit\u00e9 | BeaverTech","og_description":"Le respect de votre vie priv\u00e9e est de la plus haute importance pour BeaverTech. Consultez notre politique de confidentialit\u00e9.","og_url":"https:\/\/beavertechcanada.com\/fr\/politique-de-confidentialite\/","og_site_name":"BeaverTech","article_publisher":"https:\/\/www.facebook.com\/debroussailleusebeavertech","article_modified_time":"2024-09-25T15:30:36+00:00","og_image":[{"width":1200,"height":675,"url":"https:\/\/beavertechcanada.com\/wp-content\/uploads\/2024\/09\/img-reseaux-sociaux-beavertech.jpg","type":"image\/jpeg"}],"twitter_card":"summary_large_image","twitter_misc":{"Dur\u00e9e de lecture estim\u00e9e":"5 minutes"},"schema":{"@context":"https:\/\/schema.org","@graph":[{"@type":"WebPage","@id":"https:\/\/beavertechcanada.com\/fr\/politique-de-confidentialite\/","url":"https:\/\/beavertechcanada.com\/fr\/politique-de-confidentialite\/","name":"Politique de confidentialit\u00e9 | BeaverTech","isPartOf":{"@id":"https:\/\/beavertechcanada.com\/fr\/#website"},"datePublished":"2024-09-04T13:36:44+00:00","dateModified":"2024-09-25T15:30:36+00:00","description":"Le respect de votre vie priv\u00e9e est de la plus haute importance pour BeaverTech. Consultez notre politique de confidentialit\u00e9.","breadcrumb":{"@id":"https:\/\/beavertechcanada.com\/fr\/politique-de-confidentialite\/#breadcrumb"},"inLanguage":"fr-FR","potentialAction":[{"@type":"ReadAction","target":["https:\/\/beavertechcanada.com\/fr\/politique-de-confidentialite\/"]}]},{"@type":"BreadcrumbList","@id":"https:\/\/beavertechcanada.com\/fr\/politique-de-confidentialite\/#breadcrumb","itemListElement":[{"@type":"ListItem","position":1,"name":"Accueil","item":"https:\/\/beavertechcanada.com\/fr\/"},{"@type":"ListItem","position":2,"name":"Politique de confidentialit\u00e9"}]},{"@type":"WebSite","@id":"https:\/\/beavertechcanada.com\/fr\/#website","url":"https:\/\/beavertechcanada.com\/fr\/","name":"BeaverTech","description":"D\u00e9broussailleuses pour VTT, tracteurs, surfaceurs et excavatrices","potentialAction":[{"@type":"SearchAction","target":{"@type":"EntryPoint","urlTemplate":"https:\/\/beavertechcanada.com\/fr\/?s={search_term_string}"},"query-input":{"@type":"PropertyValueSpecification","valueRequired":true,"valueName":"search_term_string"}}],"inLanguage":"fr-FR"}]}},"_links":{"self":[{"href":"https:\/\/beavertechcanada.com\/fr\/wp-json\/wp\/v2\/pages\/3","targetHints":{"allow":["GET"]}}],"collection":[{"href":"https:\/\/beavertechcanada.com\/fr\/wp-json\/wp\/v2\/pages"}],"about":[{"href":"https:\/\/beavertechcanada.com\/fr\/wp-json\/wp\/v2\/types\/page"}],"author":[{"embeddable":true,"href":"https:\/\/beavertechcanada.com\/fr\/wp-json\/wp\/v2\/users\/8"}],"replies":[{"embeddable":true,"href":"https:\/\/beavertechcanada.com\/fr\/wp-json\/wp\/v2\/comments?post=3"}],"version-history":[{"count":5,"href":"https:\/\/beavertechcanada.com\/fr\/wp-json\/wp\/v2\/pages\/3\/revisions"}],"predecessor-version":[{"id":385,"href":"https:\/\/beavertechcanada.com\/fr\/wp-json\/wp\/v2\/pages\/3\/revisions\/385"}],"wp:attachment":[{"href":"https:\/\/beavertechcanada.com\/fr\/wp-json\/wp\/v2\/media?parent=3"}],"curies":[{"name":"wp","href":"https:\/\/api.w.org\/{rel}","templated":true}]}}