{"id":34,"date":"2024-09-05T09:07:53","date_gmt":"2024-09-05T13:07:53","guid":{"rendered":"https:\/\/beavertechcanada.com\/?page_id=34"},"modified":"2026-01-30T15:40:20","modified_gmt":"2026-01-30T20:40:20","slug":"espace-distributeur","status":"publish","type":"page","link":"https:\/\/beavertechcanada.com\/fr\/espace-distributeur\/","title":{"rendered":"Espace distributeur"},"content":{"rendered":"<div class=\"passster-form\" id=\"ps-289\">\n    <form class=\"password-form\" method=\"post\" autocomplete=\"off\" target=\"_top\">\n        <span class=\"ps-form-headline\">Zone prot\u00e9g\u00e9e<\/span>\n        <p>Ce contenu est prot\u00e9g\u00e9 par un mot de passe. Veuillez le v\u00e9rifier avec un mot de passe pour le d\u00e9verrouiller.<\/p>\n        <fieldset>\n            <span class=\"ps-loader\"><img decoding=\"async\" src=\"https:\/\/beavertechcanada.com\/wp-content\/plugins\/content-protector\/assets\/public\/ps-loader.svg\" alt=\"\" \/><\/span>\n            <label for=\"input-ps-289\" style=\"display:none;\">Enter your password<\/label>\n            <input placeholder=\"Entrez votre mot de passe..\" type=\"password\" tabindex=\"1\" name=\"passster_password\"\n                   id=\"input-ps-289\" class=\"passster-password\" autocomplete=\"off\"\n                   data-protection-type=\"password\" data-list=\"[PASSSTER_LIST]\" data-lists=\"[PASSSTER_LISTS]\" data-area=\"[PASSSTER_AREA]\"\n                   data-protection=\"full\">\n            \n            <button name=\"submit\" type=\"submit\" class=\"passster-submit\" data-psid=\"ps-289\" \n                    data-submit=\"...Checking Password\" data-redirect=\"\">D\u00e9verrouiller\n            <\/button>\n            <div class=\"passster-error\"><\/div>\n        <\/fieldset>\n    <\/form>\n<\/div>","protected":false},"excerpt":{"rendered":"<p>Espace distributeurCatalogue distributeurCatalogue client<\/p>\n","protected":false},"author":8,"featured_media":0,"parent":0,"menu_order":0,"comment_status":"closed","ping_status":"closed","template":"","meta":{"_et_pb_use_builder":"on","_et_pb_old_content":"<!-- wp:divi\/placeholder \/-->","_et_gb_content_width":"","footnotes":""},"class_list":["post-34","page","type-page","status-publish","hentry"],"yoast_head":"<!-- This site is optimized with the Yoast SEO plugin v27.4 - https:\/\/yoast.com\/product\/yoast-seo-wordpress\/ -->\n<title>Espace distributeur | BeaverTech<\/title>\n<meta name=\"robots\" content=\"noindex, follow\" \/>\n<meta property=\"og:locale\" content=\"fr_FR\" \/>\n<meta property=\"og:type\" content=\"article\" \/>\n<meta property=\"og:title\" content=\"Espace distributeur | BeaverTech\" \/>\n<meta property=\"og:description\" content=\"Espace distributeurCatalogue distributeurCatalogue client\" \/>\n<meta property=\"og:url\" content=\"https:\/\/beavertechcanada.com\/fr\/espace-distributeur\/\" \/>\n<meta property=\"og:site_name\" content=\"BeaverTech\" \/>\n<meta property=\"article:publisher\" content=\"https:\/\/www.facebook.com\/debroussailleusebeavertech\" \/>\n<meta property=\"article:modified_time\" content=\"2026-01-30T20:40:20+00:00\" \/>\n<meta property=\"og:image\" content=\"https:\/\/beavertechcanada.com\/wp-content\/uploads\/2024\/09\/img-reseaux-sociaux-beavertech.jpg\" \/>\n\t<meta property=\"og:image:width\" content=\"1200\" \/>\n\t<meta property=\"og:image:height\" content=\"675\" \/>\n\t<meta property=\"og:image:type\" content=\"image\/jpeg\" \/>\n<meta name=\"twitter:card\" content=\"summary_large_image\" \/>\n<meta name=\"twitter:label1\" content=\"Dur\u00e9e de lecture estim\u00e9e\" \/>\n\t<meta name=\"twitter:data1\" content=\"1 minute\" \/>\n<script type=\"application\/ld+json\" class=\"yoast-schema-graph\">{\"@context\":\"https:\\\/\\\/schema.org\",\"@graph\":[{\"@type\":\"WebPage\",\"@id\":\"https:\\\/\\\/beavertechcanada.com\\\/fr\\\/espace-distributeur\\\/\",\"url\":\"https:\\\/\\\/beavertechcanada.com\\\/fr\\\/espace-distributeur\\\/\",\"name\":\"Espace distributeur | BeaverTech\",\"isPartOf\":{\"@id\":\"https:\\\/\\\/beavertechcanada.com\\\/fr\\\/#website\"},\"datePublished\":\"2024-09-05T13:07:53+00:00\",\"dateModified\":\"2026-01-30T20:40:20+00:00\",\"breadcrumb\":{\"@id\":\"https:\\\/\\\/beavertechcanada.com\\\/fr\\\/espace-distributeur\\\/#breadcrumb\"},\"inLanguage\":\"fr-FR\",\"potentialAction\":[{\"@type\":\"ReadAction\",\"target\":[\"https:\\\/\\\/beavertechcanada.com\\\/fr\\\/espace-distributeur\\\/\"]}]},{\"@type\":\"BreadcrumbList\",\"@id\":\"https:\\\/\\\/beavertechcanada.com\\\/fr\\\/espace-distributeur\\\/#breadcrumb\",\"itemListElement\":[{\"@type\":\"ListItem\",\"position\":1,\"name\":\"Accueil\",\"item\":\"https:\\\/\\\/beavertechcanada.com\\\/fr\\\/\"},{\"@type\":\"ListItem\",\"position\":2,\"name\":\"Espace distributeur\"}]},{\"@type\":\"WebSite\",\"@id\":\"https:\\\/\\\/beavertechcanada.com\\\/fr\\\/#website\",\"url\":\"https:\\\/\\\/beavertechcanada.com\\\/fr\\\/\",\"name\":\"BeaverTech\",\"description\":\"D\u00e9broussailleuses pour VTT, tracteurs, surfaceurs et excavatrices\",\"potentialAction\":[{\"@type\":\"SearchAction\",\"target\":{\"@type\":\"EntryPoint\",\"urlTemplate\":\"https:\\\/\\\/beavertechcanada.com\\\/fr\\\/?s={search_term_string}\"},\"query-input\":{\"@type\":\"PropertyValueSpecification\",\"valueRequired\":true,\"valueName\":\"search_term_string\"}}],\"inLanguage\":\"fr-FR\"}]}<\/script>\n<!-- \/ Yoast SEO plugin. -->","yoast_head_json":{"title":"Espace distributeur | BeaverTech","robots":{"index":"noindex","follow":"follow"},"og_locale":"fr_FR","og_type":"article","og_title":"Espace distributeur | BeaverTech","og_description":"Espace distributeurCatalogue distributeurCatalogue client","og_url":"https:\/\/beavertechcanada.com\/fr\/espace-distributeur\/","og_site_name":"BeaverTech","article_publisher":"https:\/\/www.facebook.com\/debroussailleusebeavertech","article_modified_time":"2026-01-30T20:40:20+00:00","og_image":[{"width":1200,"height":675,"url":"https:\/\/beavertechcanada.com\/wp-content\/uploads\/2024\/09\/img-reseaux-sociaux-beavertech.jpg","type":"image\/jpeg"}],"twitter_card":"summary_large_image","twitter_misc":{"Dur\u00e9e de lecture estim\u00e9e":"1 minute"},"schema":{"@context":"https:\/\/schema.org","@graph":[{"@type":"WebPage","@id":"https:\/\/beavertechcanada.com\/fr\/espace-distributeur\/","url":"https:\/\/beavertechcanada.com\/fr\/espace-distributeur\/","name":"Espace distributeur | BeaverTech","isPartOf":{"@id":"https:\/\/beavertechcanada.com\/fr\/#website"},"datePublished":"2024-09-05T13:07:53+00:00","dateModified":"2026-01-30T20:40:20+00:00","breadcrumb":{"@id":"https:\/\/beavertechcanada.com\/fr\/espace-distributeur\/#breadcrumb"},"inLanguage":"fr-FR","potentialAction":[{"@type":"ReadAction","target":["https:\/\/beavertechcanada.com\/fr\/espace-distributeur\/"]}]},{"@type":"BreadcrumbList","@id":"https:\/\/beavertechcanada.com\/fr\/espace-distributeur\/#breadcrumb","itemListElement":[{"@type":"ListItem","position":1,"name":"Accueil","item":"https:\/\/beavertechcanada.com\/fr\/"},{"@type":"ListItem","position":2,"name":"Espace distributeur"}]},{"@type":"WebSite","@id":"https:\/\/beavertechcanada.com\/fr\/#website","url":"https:\/\/beavertechcanada.com\/fr\/","name":"BeaverTech","description":"D\u00e9broussailleuses pour VTT, tracteurs, surfaceurs et excavatrices","potentialAction":[{"@type":"SearchAction","target":{"@type":"EntryPoint","urlTemplate":"https:\/\/beavertechcanada.com\/fr\/?s={search_term_string}"},"query-input":{"@type":"PropertyValueSpecification","valueRequired":true,"valueName":"search_term_string"}}],"inLanguage":"fr-FR"}]}},"_links":{"self":[{"href":"https:\/\/beavertechcanada.com\/fr\/wp-json\/wp\/v2\/pages\/34","targetHints":{"allow":["GET"]}}],"collection":[{"href":"https:\/\/beavertechcanada.com\/fr\/wp-json\/wp\/v2\/pages"}],"about":[{"href":"https:\/\/beavertechcanada.com\/fr\/wp-json\/wp\/v2\/types\/page"}],"author":[{"embeddable":true,"href":"https:\/\/beavertechcanada.com\/fr\/wp-json\/wp\/v2\/users\/8"}],"replies":[{"embeddable":true,"href":"https:\/\/beavertechcanada.com\/fr\/wp-json\/wp\/v2\/comments?post=34"}],"version-history":[{"count":18,"href":"https:\/\/beavertechcanada.com\/fr\/wp-json\/wp\/v2\/pages\/34\/revisions"}],"predecessor-version":[{"id":1405,"href":"https:\/\/beavertechcanada.com\/fr\/wp-json\/wp\/v2\/pages\/34\/revisions\/1405"}],"wp:attachment":[{"href":"https:\/\/beavertechcanada.com\/fr\/wp-json\/wp\/v2\/media?parent=34"}],"curies":[{"name":"wp","href":"https:\/\/api.w.org\/{rel}","templated":true}]}}