{"id":41,"date":"2024-09-05T09:43:49","date_gmt":"2024-09-05T13:43:49","guid":{"rendered":"https:\/\/beavertechcanada.com\/?page_id=41"},"modified":"2024-09-25T13:46:00","modified_gmt":"2024-09-25T17:46:00","slug":"distributeurs","status":"publish","type":"page","link":"https:\/\/beavertechcanada.com\/fr\/distributeurs\/","title":{"rendered":"Distributeurs"},"content":{"rendered":"<p>[et_pb_section fb_built=\u00a0\u00bb1&Prime; module_class=\u00a0\u00bbhead-page\u00a0\u00bb _builder_version=\u00a0\u00bb4.27.0&Prime; _module_preset=\u00a0\u00bbdefault\u00a0\u00bb custom_padding=\u00a0\u00bb0px||0px||true|false\u00a0\u00bb locked=\u00a0\u00bboff\u00a0\u00bb global_colors_info=\u00a0\u00bb{}\u00a0\u00bb][et_pb_row column_structure=\u00a0\u00bb2_5,3_5&Prime; use_custom_gutter=\u00a0\u00bbon\u00a0\u00bb gutter_width=\u00a0\u00bb1&Prime; make_equal=\u00a0\u00bbon\u00a0\u00bb _builder_version=\u00a0\u00bb4.27.0&Prime; _module_preset=\u00a0\u00bbdefault\u00a0\u00bb width=\u00a0\u00bb100%\u00a0\u00bb max_width=\u00a0\u00bbnone\u00a0\u00bb custom_padding=\u00a0\u00bb0px||0px||true|false\u00a0\u00bb global_colors_info=\u00a0\u00bb{}\u00a0\u00bb][et_pb_column type=\u00a0\u00bb2_5&Prime; _builder_version=\u00a0\u00bb4.27.0&Prime; _module_preset=\u00a0\u00bbdefault\u00a0\u00bb global_colors_info=\u00a0\u00bb{}\u00a0\u00bb][et_pb_text _builder_version=\u00a0\u00bb4.27.0&Prime; _module_preset=\u00a0\u00bbdefault\u00a0\u00bb custom_margin=\u00a0\u00bb||0px||false|false\u00a0\u00bb global_colors_info=\u00a0\u00bb{}\u00a0\u00bb]<\/p>\n<h1>O\u00f9 acheter vos produits de d\u00e9broussaillage BeaverTech<\/h1>\n<p>[\/et_pb_text][\/et_pb_column][et_pb_column type=\u00a0\u00bb3_5&Prime; _builder_version=\u00a0\u00bb4.27.0&Prime; _module_preset=\u00a0\u00bbdefault\u00a0\u00bb global_colors_info=\u00a0\u00bb{}\u00a0\u00bb][et_pb_image src=\u00a0\u00bbhttps:\/\/beavertechcanada.com\/wp-content\/uploads\/2024\/09\/debrousailleuse-vtt-beavertech.jpg\u00a0\u00bb alt=\u00a0\u00bbdebrousailleuse-vtt-beavertech\u00a0\u00bb title_text=\u00a0\u00bbdebrousailleuse-vtt-beavertech\u00a0\u00bb force_fullwidth=\u00a0\u00bbon\u00a0\u00bb _builder_version=\u00a0\u00bb4.27.0&Prime; _module_preset=\u00a0\u00bbdefault\u00a0\u00bb global_colors_info=\u00a0\u00bb{}\u00a0\u00bb][\/et_pb_image][\/et_pb_column][\/et_pb_row][\/et_pb_section][et_pb_section fb_built=\u00a0\u00bb1&Prime; _builder_version=\u00a0\u00bb4.27.0&Prime; _module_preset=\u00a0\u00bbdefault\u00a0\u00bb global_colors_info=\u00a0\u00bb{}\u00a0\u00bb][et_pb_row _builder_version=\u00a0\u00bb4.27.0&Prime; _module_preset=\u00a0\u00bbdefault\u00a0\u00bb global_colors_info=\u00a0\u00bb{}\u00a0\u00bb][et_pb_column type=\u00a0\u00bb4_4&Prime; _builder_version=\u00a0\u00bb4.27.0&Prime; _module_preset=\u00a0\u00bbdefault\u00a0\u00bb global_colors_info=\u00a0\u00bb{}\u00a0\u00bb][et_pb_text _builder_version=\u00a0\u00bb4.27.0&Prime; _module_preset=\u00a0\u00bbdefault\u00a0\u00bb global_colors_info=\u00a0\u00bb{}\u00a0\u00bb]<\/p>\n<h3 style=\"text-align: center;\">Des produits 100 % Qu\u00e9b\u00e9cois<\/h3>\n<h2 style=\"text-align: center;\">Distribu\u00e9s au Canada et aux \u00c9tats-Unis<\/h2>\n<p style=\"text-align: center;\">Les produits BeaverTech, fi\u00e8rement fabriqu\u00e9s \u00e0 Normandin dans l&rsquo;atelier \u00abService AMS\u00bb, sont le fruit d&rsquo;une expertise qu\u00e9b\u00e9coise en mati\u00e8re de d\u00e9broussaillage. Con\u00e7us pour les secteurs forestier et agricole, ces \u00e9quipements innovants, adapt\u00e9s \u00e0 tout type d&rsquo;engin (excavatrice, tracteur, surfaceur et VTT), se distinguent par leur performance et leur robustesse.<\/p>\n<p style=\"text-align: center;\">Soutenues par une \u00e9quipe d&rsquo;ing\u00e9nieurs et de concepteurs motiv\u00e9s, les d\u00e9broussailleuses BeaverTech, brevet\u00e9es, sont d\u00e9sormais commercialis\u00e9es \u00e0 travers le Canada et les \u00c9tats-Unis. Elles offrent des solutions efficaces aux forestiers, agriculteurs et propri\u00e9taires de grands espaces en qu\u00eate d&rsquo;outils fiables et durables.<\/p>\n<h6 style=\"text-align: center;\">D\u00e9couvrez les endroits o\u00f9 vous procurer les produits de d\u00e9broussaillage BeaverTech.<\/h6>\n<p>[\/et_pb_text][et_pb_text _builder_version=\u00a0\u00bb4.27.0&Prime; _module_preset=\u00a0\u00bbdefault\u00a0\u00bb hover_enabled=\u00a0\u00bb0&Prime; global_colors_info=\u00a0\u00bb{}\u00a0\u00bb module_class=\u00a0\u00bbdistributeurs\u00a0\u00bb sticky_enabled=\u00a0\u00bb0&Prime;]<\/p>\n<p><span><style>\r\n\t#wpsl-stores .wpsl-store-thumb {height:45px !important; width:45px !important;}\r\n\t#wpsl-stores, #wpsl-direction-details, #wpsl-gmap {height:350px !important;}\r\n\t#wpsl-gmap .wpsl-info-window {max-width:225px !important;}\r\n\t.wpsl-input label, #wpsl-radius label, #wpsl-category label {width:95px;}\r\n\t#wpsl-search-input  {width:179px;}\r\n<\/style>\r\n<div id=\"wpsl-wrap\">\r\n\t<div class=\"wpsl-search wpsl-clearfix wpsl-no-filters\">\r\n\t\t<div id=\"wpsl-search-wrap\">\r\n\t\t\t<form autocomplete=\"off\">\r\n\t\t\t<div class=\"wpsl-input\">\r\n\t\t\t\t<div><label for=\"wpsl-search-input\">Votre position<\/label><\/div>\r\n\t\t\t\t<input id=\"wpsl-search-input\" type=\"text\" value=\"\" name=\"wpsl-search-input\" placeholder=\"\" aria-required=\"true\" \/>\r\n\t\t\t<\/div>\r\n\t\t\t\t<div class=\"wpsl-search-btn-wrap\"><input id=\"wpsl-search-btn\" type=\"submit\" value=\"Rechercher\"><\/div>\r\n\t\t<\/form>\r\n\t\t<\/div>\r\n\t<\/div>\r\n\t<div id=\"wpsl-gmap\" class=\"wpsl-gmap-canvas\"><\/div>\r\n\t<div id=\"wpsl-result-list\">\r\n\t\t<div id=\"wpsl-stores\" >\r\n\t\t\t<ul><\/ul>\r\n\t\t<\/div>\r\n\t\t<div id=\"wpsl-direction-details\">\r\n\t\t\t<ul><\/ul>\r\n\t\t<\/div>\r\n\t<\/div>\r\n<\/div>\r\n\u00a0<\/span><\/p>\n<p>[\/et_pb_text][\/et_pb_column][\/et_pb_row][\/et_pb_section][et_pb_section fb_built=\u00a0\u00bb1&Prime; _builder_version=\u00a0\u00bb4.27.0&Prime; _module_preset=\u00a0\u00bbdefault\u00a0\u00bb background_image=\u00a0\u00bbhttps:\/\/beavertechcanada.com\/wp-content\/uploads\/2024\/09\/bandeau-devenir-distributeur-beavertech-1.jpg\u00a0\u00bb global_module=\u00a0\u00bb142&Prime; global_colors_info=\u00a0\u00bb{}\u00a0\u00bb][et_pb_row _builder_version=\u00a0\u00bb4.27.0&Prime; _module_preset=\u00a0\u00bbdefault\u00a0\u00bb global_colors_info=\u00a0\u00bb{}\u00a0\u00bb][et_pb_column type=\u00a0\u00bb4_4&Prime; _builder_version=\u00a0\u00bb4.27.0&Prime; _module_preset=\u00a0\u00bbdefault\u00a0\u00bb global_colors_info=\u00a0\u00bb{}\u00a0\u00bb][et_pb_text module_class=\u00a0\u00bbtexte-blanc\u00a0\u00bb _builder_version=\u00a0\u00bb4.27.0&Prime; _module_preset=\u00a0\u00bbdefault\u00a0\u00bb global_colors_info=\u00a0\u00bb{}\u00a0\u00bb]<\/p>\n<h3 style=\"text-align: center;\">Devenir distributeur des d\u00e9broussailleuses pour vtt ou tracteur<\/h3>\n<h2 style=\"text-align: center;\">Devenez distributeur des<br \/>d\u00e9broussailleuses BeaverTech<\/h2>\n<p style=\"text-align: center;\">Si vous poss\u00e9dez ou travaillez pour une entreprise de revente connexe \u00e0 nos produits, devenez un concessionnaire agr\u00e9\u00e9 BeaverTech d\u00e8s aujourd&rsquo;hui!<\/p>\n<p>[\/et_pb_text][et_pb_button button_url=\u00a0\u00bb@ET-DC@eyJkeW5hbWljIjp0cnVlLCJjb250ZW50IjoicG9zdF9saW5rX3VybF9wYWdlIiwic2V0dGluZ3MiOnsicG9zdF9pZCI6IjM5In19@\u00a0\u00bb button_text=\u00a0\u00bbDevenez distributeur\u00a0\u00bb button_alignment=\u00a0\u00bbcenter\u00a0\u00bb _builder_version=\u00a0\u00bb4.27.0&Prime; _dynamic_attributes=\u00a0\u00bbbutton_url\u00a0\u00bb _module_preset=\u00a0\u00bbdefault\u00a0\u00bb global_colors_info=\u00a0\u00bb{}\u00a0\u00bb][\/et_pb_button][\/et_pb_column][\/et_pb_row][\/et_pb_section]<\/p>\n","protected":false},"excerpt":{"rendered":"<p>O\u00f9 acheter vos produits de d\u00e9broussaillage BeaverTechDes produits 100 % Qu\u00e9b\u00e9cois Distribu\u00e9s au Canada et aux \u00c9tats-Unis Les produits BeaverTech, fi\u00e8rement fabriqu\u00e9s \u00e0 Normandin dans l&rsquo;atelier \u00abService AMS\u00bb, sont le fruit d&rsquo;une expertise qu\u00e9b\u00e9coise en mati\u00e8re de d\u00e9broussaillage. Con\u00e7us pour les secteurs forestier et agricole, ces \u00e9quipements innovants, adapt\u00e9s \u00e0 tout type d&rsquo;engin (excavatrice, tracteur, [&hellip;]<\/p>\n","protected":false},"author":8,"featured_media":0,"parent":0,"menu_order":0,"comment_status":"closed","ping_status":"closed","template":"","meta":{"_et_pb_use_builder":"on","_et_pb_old_content":"<!-- wp:divi\/placeholder \/-->","_et_gb_content_width":"","footnotes":""},"class_list":["post-41","page","type-page","status-publish","hentry"],"yoast_head":"<!-- This site is optimized with the Yoast SEO plugin v27.4 - https:\/\/yoast.com\/product\/yoast-seo-wordpress\/ -->\n<title>O\u00f9 acheter les d\u00e9broussailleuses Beavertech<\/title>\n<meta name=\"description\" content=\"Fi\u00e8rement fabriqu\u00e9es \u00e0 Normandin dans l\u2019usine de Services AMS, nos d\u00e9broussailleuses pour tracteurs et VTT sont distribu\u00e9es au Canada et aux \u00c9tats-Unis.\" \/>\n<meta name=\"robots\" content=\"index, follow, max-snippet:-1, max-image-preview:large, max-video-preview:-1\" \/>\n<link rel=\"canonical\" href=\"https:\/\/beavertechcanada.com\/fr\/distributeurs\/\" \/>\n<meta property=\"og:locale\" content=\"fr_FR\" \/>\n<meta property=\"og:type\" content=\"article\" \/>\n<meta property=\"og:title\" content=\"O\u00f9 acheter les d\u00e9broussailleuses Beavertech\" \/>\n<meta property=\"og:description\" content=\"Fi\u00e8rement fabriqu\u00e9es \u00e0 Normandin dans l\u2019usine de Services AMS, nos d\u00e9broussailleuses pour tracteurs et VTT sont distribu\u00e9es au Canada et aux \u00c9tats-Unis.\" \/>\n<meta property=\"og:url\" content=\"https:\/\/beavertechcanada.com\/fr\/distributeurs\/\" \/>\n<meta property=\"og:site_name\" content=\"BeaverTech\" \/>\n<meta property=\"article:publisher\" content=\"https:\/\/www.facebook.com\/debroussailleusebeavertech\" \/>\n<meta property=\"article:modified_time\" content=\"2024-09-25T17:46:00+00:00\" \/>\n<meta property=\"og:image\" content=\"https:\/\/beavertechcanada.com\/wp-content\/uploads\/2024\/09\/img-reseaux-sociaux-beavertech.jpg\" \/>\n\t<meta property=\"og:image:width\" content=\"1200\" \/>\n\t<meta property=\"og:image:height\" content=\"675\" \/>\n\t<meta property=\"og:image:type\" content=\"image\/jpeg\" \/>\n<meta name=\"twitter:card\" content=\"summary_large_image\" \/>\n<meta name=\"twitter:label1\" content=\"Dur\u00e9e de lecture estim\u00e9e\" \/>\n\t<meta name=\"twitter:data1\" content=\"2 minutes\" \/>\n<script type=\"application\/ld+json\" class=\"yoast-schema-graph\">{\"@context\":\"https:\\\/\\\/schema.org\",\"@graph\":[{\"@type\":\"WebPage\",\"@id\":\"https:\\\/\\\/beavertechcanada.com\\\/fr\\\/distributeurs\\\/\",\"url\":\"https:\\\/\\\/beavertechcanada.com\\\/fr\\\/distributeurs\\\/\",\"name\":\"O\u00f9 acheter les d\u00e9broussailleuses Beavertech\",\"isPartOf\":{\"@id\":\"https:\\\/\\\/beavertechcanada.com\\\/fr\\\/#website\"},\"datePublished\":\"2024-09-05T13:43:49+00:00\",\"dateModified\":\"2024-09-25T17:46:00+00:00\",\"description\":\"Fi\u00e8rement fabriqu\u00e9es \u00e0 Normandin dans l\u2019usine de Services AMS, nos d\u00e9broussailleuses pour tracteurs et VTT sont distribu\u00e9es au Canada et aux \u00c9tats-Unis.\",\"breadcrumb\":{\"@id\":\"https:\\\/\\\/beavertechcanada.com\\\/fr\\\/distributeurs\\\/#breadcrumb\"},\"inLanguage\":\"fr-FR\",\"potentialAction\":[{\"@type\":\"ReadAction\",\"target\":[\"https:\\\/\\\/beavertechcanada.com\\\/fr\\\/distributeurs\\\/\"]}]},{\"@type\":\"BreadcrumbList\",\"@id\":\"https:\\\/\\\/beavertechcanada.com\\\/fr\\\/distributeurs\\\/#breadcrumb\",\"itemListElement\":[{\"@type\":\"ListItem\",\"position\":1,\"name\":\"Accueil\",\"item\":\"https:\\\/\\\/beavertechcanada.com\\\/fr\\\/\"},{\"@type\":\"ListItem\",\"position\":2,\"name\":\"Distributeurs\"}]},{\"@type\":\"WebSite\",\"@id\":\"https:\\\/\\\/beavertechcanada.com\\\/fr\\\/#website\",\"url\":\"https:\\\/\\\/beavertechcanada.com\\\/fr\\\/\",\"name\":\"BeaverTech\",\"description\":\"D\u00e9broussailleuses pour VTT, tracteurs, surfaceurs et excavatrices\",\"potentialAction\":[{\"@type\":\"SearchAction\",\"target\":{\"@type\":\"EntryPoint\",\"urlTemplate\":\"https:\\\/\\\/beavertechcanada.com\\\/fr\\\/?s={search_term_string}\"},\"query-input\":{\"@type\":\"PropertyValueSpecification\",\"valueRequired\":true,\"valueName\":\"search_term_string\"}}],\"inLanguage\":\"fr-FR\"}]}<\/script>\n<!-- \/ Yoast SEO plugin. -->","yoast_head_json":{"title":"O\u00f9 acheter les d\u00e9broussailleuses Beavertech","description":"Fi\u00e8rement fabriqu\u00e9es \u00e0 Normandin dans l\u2019usine de Services AMS, nos d\u00e9broussailleuses pour tracteurs et VTT sont distribu\u00e9es au Canada et aux \u00c9tats-Unis.","robots":{"index":"index","follow":"follow","max-snippet":"max-snippet:-1","max-image-preview":"max-image-preview:large","max-video-preview":"max-video-preview:-1"},"canonical":"https:\/\/beavertechcanada.com\/fr\/distributeurs\/","og_locale":"fr_FR","og_type":"article","og_title":"O\u00f9 acheter les d\u00e9broussailleuses Beavertech","og_description":"Fi\u00e8rement fabriqu\u00e9es \u00e0 Normandin dans l\u2019usine de Services AMS, nos d\u00e9broussailleuses pour tracteurs et VTT sont distribu\u00e9es au Canada et aux \u00c9tats-Unis.","og_url":"https:\/\/beavertechcanada.com\/fr\/distributeurs\/","og_site_name":"BeaverTech","article_publisher":"https:\/\/www.facebook.com\/debroussailleusebeavertech","article_modified_time":"2024-09-25T17:46:00+00:00","og_image":[{"width":1200,"height":675,"url":"https:\/\/beavertechcanada.com\/wp-content\/uploads\/2024\/09\/img-reseaux-sociaux-beavertech.jpg","type":"image\/jpeg"}],"twitter_card":"summary_large_image","twitter_misc":{"Dur\u00e9e de lecture estim\u00e9e":"2 minutes"},"schema":{"@context":"https:\/\/schema.org","@graph":[{"@type":"WebPage","@id":"https:\/\/beavertechcanada.com\/fr\/distributeurs\/","url":"https:\/\/beavertechcanada.com\/fr\/distributeurs\/","name":"O\u00f9 acheter les d\u00e9broussailleuses Beavertech","isPartOf":{"@id":"https:\/\/beavertechcanada.com\/fr\/#website"},"datePublished":"2024-09-05T13:43:49+00:00","dateModified":"2024-09-25T17:46:00+00:00","description":"Fi\u00e8rement fabriqu\u00e9es \u00e0 Normandin dans l\u2019usine de Services AMS, nos d\u00e9broussailleuses pour tracteurs et VTT sont distribu\u00e9es au Canada et aux \u00c9tats-Unis.","breadcrumb":{"@id":"https:\/\/beavertechcanada.com\/fr\/distributeurs\/#breadcrumb"},"inLanguage":"fr-FR","potentialAction":[{"@type":"ReadAction","target":["https:\/\/beavertechcanada.com\/fr\/distributeurs\/"]}]},{"@type":"BreadcrumbList","@id":"https:\/\/beavertechcanada.com\/fr\/distributeurs\/#breadcrumb","itemListElement":[{"@type":"ListItem","position":1,"name":"Accueil","item":"https:\/\/beavertechcanada.com\/fr\/"},{"@type":"ListItem","position":2,"name":"Distributeurs"}]},{"@type":"WebSite","@id":"https:\/\/beavertechcanada.com\/fr\/#website","url":"https:\/\/beavertechcanada.com\/fr\/","name":"BeaverTech","description":"D\u00e9broussailleuses pour VTT, tracteurs, surfaceurs et excavatrices","potentialAction":[{"@type":"SearchAction","target":{"@type":"EntryPoint","urlTemplate":"https:\/\/beavertechcanada.com\/fr\/?s={search_term_string}"},"query-input":{"@type":"PropertyValueSpecification","valueRequired":true,"valueName":"search_term_string"}}],"inLanguage":"fr-FR"}]}},"_links":{"self":[{"href":"https:\/\/beavertechcanada.com\/fr\/wp-json\/wp\/v2\/pages\/41","targetHints":{"allow":["GET"]}}],"collection":[{"href":"https:\/\/beavertechcanada.com\/fr\/wp-json\/wp\/v2\/pages"}],"about":[{"href":"https:\/\/beavertechcanada.com\/fr\/wp-json\/wp\/v2\/types\/page"}],"author":[{"embeddable":true,"href":"https:\/\/beavertechcanada.com\/fr\/wp-json\/wp\/v2\/users\/8"}],"replies":[{"embeddable":true,"href":"https:\/\/beavertechcanada.com\/fr\/wp-json\/wp\/v2\/comments?post=41"}],"version-history":[{"count":10,"href":"https:\/\/beavertechcanada.com\/fr\/wp-json\/wp\/v2\/pages\/41\/revisions"}],"predecessor-version":[{"id":388,"href":"https:\/\/beavertechcanada.com\/fr\/wp-json\/wp\/v2\/pages\/41\/revisions\/388"}],"wp:attachment":[{"href":"https:\/\/beavertechcanada.com\/fr\/wp-json\/wp\/v2\/media?parent=41"}],"curies":[{"name":"wp","href":"https:\/\/api.w.org\/{rel}","templated":true}]}}