{"id":1354,"date":"2026-01-16T14:27:34","date_gmt":"2026-01-16T19:27:34","guid":{"rendered":"https:\/\/beavertechcanada.com\/?post_type=product&#038;p=1354"},"modified":"2026-01-16T14:27:34","modified_gmt":"2026-01-16T19:27:34","slug":"faucheuse-tractee-a-fleaux-pour-tracteur-agricole-btf-200-400-600","status":"publish","type":"product","link":"https:\/\/beavertechcanada.com\/fr\/produit\/faucheuse-tractee-a-fleaux-pour-tracteur-agricole-btf-200-400-600\/","title":{"rendered":"Faucheuse tract\u00e9e \u00e0 fl\u00e9aux pour tracteur agricole BTF-200\/400\/600"},"content":{"rendered":"<h4>Notre gamme BTF offre plusieurs largeurs de travail au sol\u00a0:<\/h4>\n<ul>\n<li><strong>BTF-200 :<\/strong> 7pi (2.1m)<\/li>\n<li><strong>BTF-400 :<\/strong> 13.5pi (4.1m)<\/li>\n<li><strong>BTF-600 :<\/strong> 20pi (6.1m)<\/li>\n<\/ul>\n<p>&nbsp;<\/p>\n<p>Elles s\u2019adaptent \u00e0 une large gamme de puissance de tracteurs agricoles de 55 \u00e0 125hp et +. N\u00e9cessitant une prise de force 540 RPM pour le modele 200, et 1000 RPM pour le mod\u00e8le 400 et 600, ainsi qu\u2019une(1) seule sortie hydraulique, pour le relevage hydraulique avec verrouillage automatique en mode transport (mod\u00e8les 400 et 600).<\/p>\n<p>Les rotors sont \u00e9quip\u00e9s de 92 couteaux de 10mm d\u2019\u00e9paisseur pour une qualit\u00e9 de finition accrue, la puissance est rendue gr\u00e2ce aux transmissions de qualit\u00e9 industrielle de service intense, fabriqu\u00e9es au Canada. La hauteur de travail au sol est ajustable avec roues pivotantes \u00e0 l\u2019avant et un rouleau stabilisateur auto-nettoyant \u00e0 l\u2019arri\u00e8re<\/p>\n<p>Nous offrons de plaque anti-abrasives internes interchangeables sur tous nos mod\u00e8les BTF. Ils performent largement dans les herbes denses, broussailles, petits arbustes, et ont \u00e9t\u00e9 sp\u00e9cialement con\u00e7ues pour les producteurs de bleuets, a\u00e9roports, vastes espaces verts, bordures d\u2019autoroutes, etc.<\/p>\n<p>Nos couteaux BeaverTech sont pivotants au rotor pour \u00e9viter les dommages par des pierres cach\u00e9es. Les mod\u00e8les BTF de BeaverTech offrent un rendement in\u00e9gal\u00e9, allant \u00e0 plus de 3 acres\/heure avec notre model BTF-600.<\/p>\n","protected":false},"excerpt":{"rendered":"<p>La gamme BTF de BeaverTech est sp\u00e9cialement con\u00e7ue pour les grandes surfaces tel que champs de bleuets, d\u2019herbe hautes ou les terres en friche.<\/p>\n<p>Nos mod\u00e8les de fabrication industrielle offrent une coupe pr\u00e9cise en plus d\u2019un rendement de production in\u00e9gal\u00e9.<\/p>\n","protected":false},"featured_media":1362,"template":"","meta":{"_et_pb_use_builder":"","_et_pb_old_content":"","_et_gb_content_width":""},"product_brand":[],"product_cat":[56],"product_tag":[],"class_list":{"0":"post-1354","1":"product","2":"type-product","3":"status-publish","4":"has-post-thumbnail","6":"product_cat-faucheuse","8":"first","9":"instock","10":"shipping-taxable","11":"purchasable","12":"product-type-simple"},"yoast_head":"<!-- This site is optimized with the Yoast SEO plugin v27.4 - https:\/\/yoast.com\/product\/yoast-seo-wordpress\/ -->\n<title>Faucheuse tract\u00e9e \u00e0 fl\u00e9aux pour tracteur agricole BTF-200\/400\/600 | BeaverTech<\/title>\n<meta name=\"description\" content=\"La gamme BTF de BeaverTech est sp\u00e9cialement con\u00e7ue pour les grandes surfaces tel que champs de bleuets, d\u2019herbe hautes ou les terres en friche.\" \/>\n<meta name=\"robots\" content=\"index, follow, max-snippet:-1, max-image-preview:large, max-video-preview:-1\" \/>\n<link rel=\"canonical\" href=\"https:\/\/beavertechcanada.com\/fr\/produit\/faucheuse-tractee-a-fleaux-pour-tracteur-agricole-btf-200-400-600\/\" \/>\n<meta property=\"og:locale\" content=\"fr_FR\" \/>\n<meta property=\"og:type\" content=\"article\" \/>\n<meta property=\"og:title\" content=\"Faucheuse tract\u00e9e \u00e0 fl\u00e9aux pour tracteur agricole BTF-200\/400\/600 | BeaverTech\" \/>\n<meta property=\"og:description\" content=\"La gamme BTF de BeaverTech est sp\u00e9cialement con\u00e7ue pour les grandes surfaces tel que champs de bleuets, d\u2019herbe hautes ou les terres en friche.\" \/>\n<meta property=\"og:url\" content=\"https:\/\/beavertechcanada.com\/fr\/produit\/faucheuse-tractee-a-fleaux-pour-tracteur-agricole-btf-200-400-600\/\" \/>\n<meta property=\"og:site_name\" content=\"BeaverTech\" \/>\n<meta property=\"article:publisher\" content=\"https:\/\/www.facebook.com\/debroussailleusebeavertech\" \/>\n<meta property=\"og:image\" content=\"https:\/\/beavertechcanada.com\/wp-content\/uploads\/2026\/01\/faucheuse-tractee-a-fleaux-tracteur-agricole-produit-beavertech-canada.jpg\" \/>\n\t<meta property=\"og:image:width\" content=\"980\" \/>\n\t<meta property=\"og:image:height\" content=\"735\" \/>\n\t<meta property=\"og:image:type\" content=\"image\/jpeg\" \/>\n<meta name=\"twitter:card\" content=\"summary_large_image\" \/>\n<meta name=\"twitter:label1\" content=\"Dur\u00e9e de lecture estim\u00e9e\" \/>\n\t<meta name=\"twitter:data1\" content=\"2 minutes\" \/>\n<script type=\"application\/ld+json\" class=\"yoast-schema-graph\">{\"@context\":\"https:\\\/\\\/schema.org\",\"@graph\":[{\"@type\":\"WebPage\",\"@id\":\"https:\\\/\\\/beavertechcanada.com\\\/fr\\\/produit\\\/faucheuse-tractee-a-fleaux-pour-tracteur-agricole-btf-200-400-600\\\/\",\"url\":\"https:\\\/\\\/beavertechcanada.com\\\/fr\\\/produit\\\/faucheuse-tractee-a-fleaux-pour-tracteur-agricole-btf-200-400-600\\\/\",\"name\":\"Faucheuse tract\u00e9e \u00e0 fl\u00e9aux pour tracteur agricole BTF-200\\\/400\\\/600 | BeaverTech\",\"isPartOf\":{\"@id\":\"https:\\\/\\\/beavertechcanada.com\\\/fr\\\/#website\"},\"primaryImageOfPage\":{\"@id\":\"https:\\\/\\\/beavertechcanada.com\\\/fr\\\/produit\\\/faucheuse-tractee-a-fleaux-pour-tracteur-agricole-btf-200-400-600\\\/#primaryimage\"},\"image\":{\"@id\":\"https:\\\/\\\/beavertechcanada.com\\\/fr\\\/produit\\\/faucheuse-tractee-a-fleaux-pour-tracteur-agricole-btf-200-400-600\\\/#primaryimage\"},\"thumbnailUrl\":\"https:\\\/\\\/beavertechcanada.com\\\/wp-content\\\/uploads\\\/2026\\\/01\\\/faucheuse-tractee-a-fleaux-tracteur-agricole-produit-beavertech-canada.jpg\",\"datePublished\":\"2026-01-16T19:27:34+00:00\",\"description\":\"La gamme BTF de BeaverTech est sp\u00e9cialement con\u00e7ue pour les grandes surfaces tel que champs de bleuets, d\u2019herbe hautes ou les terres en friche.\",\"breadcrumb\":{\"@id\":\"https:\\\/\\\/beavertechcanada.com\\\/fr\\\/produit\\\/faucheuse-tractee-a-fleaux-pour-tracteur-agricole-btf-200-400-600\\\/#breadcrumb\"},\"inLanguage\":\"fr-FR\",\"potentialAction\":[{\"@type\":\"ReadAction\",\"target\":[\"https:\\\/\\\/beavertechcanada.com\\\/fr\\\/produit\\\/faucheuse-tractee-a-fleaux-pour-tracteur-agricole-btf-200-400-600\\\/\"]}]},{\"@type\":\"ImageObject\",\"inLanguage\":\"fr-FR\",\"@id\":\"https:\\\/\\\/beavertechcanada.com\\\/fr\\\/produit\\\/faucheuse-tractee-a-fleaux-pour-tracteur-agricole-btf-200-400-600\\\/#primaryimage\",\"url\":\"https:\\\/\\\/beavertechcanada.com\\\/wp-content\\\/uploads\\\/2026\\\/01\\\/faucheuse-tractee-a-fleaux-tracteur-agricole-produit-beavertech-canada.jpg\",\"contentUrl\":\"https:\\\/\\\/beavertechcanada.com\\\/wp-content\\\/uploads\\\/2026\\\/01\\\/faucheuse-tractee-a-fleaux-tracteur-agricole-produit-beavertech-canada.jpg\",\"width\":980,\"height\":735,\"caption\":\"faucheuse-tractee-a-fleaux-tracteur-agricole-produit-beavertech-canada\"},{\"@type\":\"BreadcrumbList\",\"@id\":\"https:\\\/\\\/beavertechcanada.com\\\/fr\\\/produit\\\/faucheuse-tractee-a-fleaux-pour-tracteur-agricole-btf-200-400-600\\\/#breadcrumb\",\"itemListElement\":[{\"@type\":\"ListItem\",\"position\":1,\"name\":\"Accueil\",\"item\":\"https:\\\/\\\/beavertechcanada.com\\\/fr\\\/\"},{\"@type\":\"ListItem\",\"position\":2,\"name\":\"Boutique\",\"item\":\"https:\\\/\\\/beavertechcanada.com\\\/fr\\\/boutique\\\/\"},{\"@type\":\"ListItem\",\"position\":3,\"name\":\"Faucheuse tract\u00e9e \u00e0 fl\u00e9aux pour tracteur agricole BTF-200\\\/400\\\/600\"}]},{\"@type\":\"WebSite\",\"@id\":\"https:\\\/\\\/beavertechcanada.com\\\/fr\\\/#website\",\"url\":\"https:\\\/\\\/beavertechcanada.com\\\/fr\\\/\",\"name\":\"BeaverTech\",\"description\":\"D\u00e9broussailleuses pour VTT, tracteurs, surfaceurs et excavatrices\",\"potentialAction\":[{\"@type\":\"SearchAction\",\"target\":{\"@type\":\"EntryPoint\",\"urlTemplate\":\"https:\\\/\\\/beavertechcanada.com\\\/fr\\\/?s={search_term_string}\"},\"query-input\":{\"@type\":\"PropertyValueSpecification\",\"valueRequired\":true,\"valueName\":\"search_term_string\"}}],\"inLanguage\":\"fr-FR\"}]}<\/script>\n<!-- \/ Yoast SEO plugin. -->","yoast_head_json":{"title":"Faucheuse tract\u00e9e \u00e0 fl\u00e9aux pour tracteur agricole BTF-200\/400\/600 | BeaverTech","description":"La gamme BTF de BeaverTech est sp\u00e9cialement con\u00e7ue pour les grandes surfaces tel que champs de bleuets, d\u2019herbe hautes ou les terres en friche.","robots":{"index":"index","follow":"follow","max-snippet":"max-snippet:-1","max-image-preview":"max-image-preview:large","max-video-preview":"max-video-preview:-1"},"canonical":"https:\/\/beavertechcanada.com\/fr\/produit\/faucheuse-tractee-a-fleaux-pour-tracteur-agricole-btf-200-400-600\/","og_locale":"fr_FR","og_type":"article","og_title":"Faucheuse tract\u00e9e \u00e0 fl\u00e9aux pour tracteur agricole BTF-200\/400\/600 | BeaverTech","og_description":"La gamme BTF de BeaverTech est sp\u00e9cialement con\u00e7ue pour les grandes surfaces tel que champs de bleuets, d\u2019herbe hautes ou les terres en friche.","og_url":"https:\/\/beavertechcanada.com\/fr\/produit\/faucheuse-tractee-a-fleaux-pour-tracteur-agricole-btf-200-400-600\/","og_site_name":"BeaverTech","article_publisher":"https:\/\/www.facebook.com\/debroussailleusebeavertech","og_image":[{"width":980,"height":735,"url":"https:\/\/beavertechcanada.com\/wp-content\/uploads\/2026\/01\/faucheuse-tractee-a-fleaux-tracteur-agricole-produit-beavertech-canada.jpg","type":"image\/jpeg"}],"twitter_card":"summary_large_image","twitter_misc":{"Dur\u00e9e de lecture estim\u00e9e":"2 minutes"},"schema":{"@context":"https:\/\/schema.org","@graph":[{"@type":"WebPage","@id":"https:\/\/beavertechcanada.com\/fr\/produit\/faucheuse-tractee-a-fleaux-pour-tracteur-agricole-btf-200-400-600\/","url":"https:\/\/beavertechcanada.com\/fr\/produit\/faucheuse-tractee-a-fleaux-pour-tracteur-agricole-btf-200-400-600\/","name":"Faucheuse tract\u00e9e \u00e0 fl\u00e9aux pour tracteur agricole BTF-200\/400\/600 | BeaverTech","isPartOf":{"@id":"https:\/\/beavertechcanada.com\/fr\/#website"},"primaryImageOfPage":{"@id":"https:\/\/beavertechcanada.com\/fr\/produit\/faucheuse-tractee-a-fleaux-pour-tracteur-agricole-btf-200-400-600\/#primaryimage"},"image":{"@id":"https:\/\/beavertechcanada.com\/fr\/produit\/faucheuse-tractee-a-fleaux-pour-tracteur-agricole-btf-200-400-600\/#primaryimage"},"thumbnailUrl":"https:\/\/beavertechcanada.com\/wp-content\/uploads\/2026\/01\/faucheuse-tractee-a-fleaux-tracteur-agricole-produit-beavertech-canada.jpg","datePublished":"2026-01-16T19:27:34+00:00","description":"La gamme BTF de BeaverTech est sp\u00e9cialement con\u00e7ue pour les grandes surfaces tel que champs de bleuets, d\u2019herbe hautes ou les terres en friche.","breadcrumb":{"@id":"https:\/\/beavertechcanada.com\/fr\/produit\/faucheuse-tractee-a-fleaux-pour-tracteur-agricole-btf-200-400-600\/#breadcrumb"},"inLanguage":"fr-FR","potentialAction":[{"@type":"ReadAction","target":["https:\/\/beavertechcanada.com\/fr\/produit\/faucheuse-tractee-a-fleaux-pour-tracteur-agricole-btf-200-400-600\/"]}]},{"@type":"ImageObject","inLanguage":"fr-FR","@id":"https:\/\/beavertechcanada.com\/fr\/produit\/faucheuse-tractee-a-fleaux-pour-tracteur-agricole-btf-200-400-600\/#primaryimage","url":"https:\/\/beavertechcanada.com\/wp-content\/uploads\/2026\/01\/faucheuse-tractee-a-fleaux-tracteur-agricole-produit-beavertech-canada.jpg","contentUrl":"https:\/\/beavertechcanada.com\/wp-content\/uploads\/2026\/01\/faucheuse-tractee-a-fleaux-tracteur-agricole-produit-beavertech-canada.jpg","width":980,"height":735,"caption":"faucheuse-tractee-a-fleaux-tracteur-agricole-produit-beavertech-canada"},{"@type":"BreadcrumbList","@id":"https:\/\/beavertechcanada.com\/fr\/produit\/faucheuse-tractee-a-fleaux-pour-tracteur-agricole-btf-200-400-600\/#breadcrumb","itemListElement":[{"@type":"ListItem","position":1,"name":"Accueil","item":"https:\/\/beavertechcanada.com\/fr\/"},{"@type":"ListItem","position":2,"name":"Boutique","item":"https:\/\/beavertechcanada.com\/fr\/boutique\/"},{"@type":"ListItem","position":3,"name":"Faucheuse tract\u00e9e \u00e0 fl\u00e9aux pour tracteur agricole BTF-200\/400\/600"}]},{"@type":"WebSite","@id":"https:\/\/beavertechcanada.com\/fr\/#website","url":"https:\/\/beavertechcanada.com\/fr\/","name":"BeaverTech","description":"D\u00e9broussailleuses pour VTT, tracteurs, surfaceurs et excavatrices","potentialAction":[{"@type":"SearchAction","target":{"@type":"EntryPoint","urlTemplate":"https:\/\/beavertechcanada.com\/fr\/?s={search_term_string}"},"query-input":{"@type":"PropertyValueSpecification","valueRequired":true,"valueName":"search_term_string"}}],"inLanguage":"fr-FR"}]}},"_links":{"self":[{"href":"https:\/\/beavertechcanada.com\/fr\/wp-json\/wp\/v2\/product\/1354","targetHints":{"allow":["GET"]}}],"collection":[{"href":"https:\/\/beavertechcanada.com\/fr\/wp-json\/wp\/v2\/product"}],"about":[{"href":"https:\/\/beavertechcanada.com\/fr\/wp-json\/wp\/v2\/types\/product"}],"wp:featuredmedia":[{"embeddable":true,"href":"https:\/\/beavertechcanada.com\/fr\/wp-json\/wp\/v2\/media\/1362"}],"wp:attachment":[{"href":"https:\/\/beavertechcanada.com\/fr\/wp-json\/wp\/v2\/media?parent=1354"}],"wp:term":[{"taxonomy":"product_brand","embeddable":true,"href":"https:\/\/beavertechcanada.com\/fr\/wp-json\/wp\/v2\/product_brand?post=1354"},{"taxonomy":"product_cat","embeddable":true,"href":"https:\/\/beavertechcanada.com\/fr\/wp-json\/wp\/v2\/product_cat?post=1354"},{"taxonomy":"product_tag","embeddable":true,"href":"https:\/\/beavertechcanada.com\/fr\/wp-json\/wp\/v2\/product_tag?post=1354"}],"curies":[{"name":"wp","href":"https:\/\/api.w.org\/{rel}","templated":true}]}}