{"id":392,"date":"2024-10-03T15:57:00","date_gmt":"2024-10-03T19:57:00","guid":{"rendered":"https:\/\/beavertechcanada.com\/?post_type=product&#038;p=392"},"modified":"2024-12-16T15:59:46","modified_gmt":"2024-12-16T20:59:46","slug":"broyeur-45-pour-excavatrice","status":"publish","type":"product","link":"https:\/\/beavertechcanada.com\/fr\/produit\/broyeur-45-pour-excavatrice\/","title":{"rendered":"Broyeur 45\u2019\u2019 pour excavatrice BROY45"},"content":{"rendered":"<p>Avec son baril rotatif de <strong>45 po de coupe<\/strong>, il surprend de par sa faim insassiable envers tous types de d\u00e9bris forestiers.<\/p>\n<p>Con\u00e7ue avec la qualit\u00e9 industrielle <strong>BeaverTech<\/strong>, sa fabrication en acier alli\u00e9 robuste en fait un \u00e9quipement de type commercial fiable et performant, et ce, \u00e0 un <strong>rapport qualit\u00e9\/prix imbattable<\/strong>.<\/p>\n<p>Ce broyeur s\u2019adapte sur toutes les excavatrices de <strong>10 \u00e0 22 tonnes<\/strong> et n\u00e9cessite un d\u00e9bit hydraulique de <strong>28 \u00e0 40 gallons par minute.<\/strong><\/p>\n<p>Combin\u00e9 au puissant <strong>moteur \u00e0 piston \u00e0 d\u00e9bit variable<\/strong>, l\u2019ensemble de dents de s\u00e9rie permet d&rsquo;effectuer un travail remarquable dans les branches de plus petit diam\u00e8tre et les fonds encombr\u00e9s.<\/p>\n<p>L&rsquo;ensemble de<strong> dents au carbure disponibles en option<\/strong> permet d\u2019effectuer des travaux beaucoup plus ingrats comme d\u00e9faire de vieilles souches ou m\u00eame d\u00e9chiqueter un arbre en entier sur son passage pour y laisser un tapis de copeaux au sol.<\/p>\n<p>Il est accompagn\u00e9 de la<strong> garantie BeaverTech<\/strong> de 1 an sur les pi\u00e8ces et la fabrication.<\/p>\n","protected":false},"excerpt":{"rendered":"<p><strong>Voici notre BROY45-HD, la version la plus robuste de notre gamme de broyeurs forestiers BeaverTech.<\/strong><\/p>\n<p><strong>D\u00e9bit auxiliaire requis:<\/strong> 32 \u00e0 45 gpm<br \/>\n<strong>Pression d\u2019op\u00e9ration<\/strong>: 3800 psi<br \/>\n<strong>Poids<\/strong>: 1400 lbs<br \/>\n<strong>Poids excavatrice (min)<\/strong>: 10 tonnes<br \/>\n<strong>Poids excavatrice (max)<\/strong>: 22 tonnes<br \/>\n<strong>Dents standards (incluses)<\/strong>: Travaux rapides de finitions (max 8\u2019\u2019 diam\u00e8tre)<br \/>\n<strong>Dents carbures (en option)<\/strong>: Travaux lourds (souche, arbres de gros diam\u00e8tres, terrain sale)<br \/>\n<strong>Largeur de coupe (pouces)<\/strong>: 43<br \/>\n<strong>Longueur (pouces)<\/strong>: 58.75<br \/>\n<strong>Largeur (pouces)<\/strong>: 20.6<br \/>\n<strong>Hauteur (pouces)<\/strong>: 35.2<\/p>\n","protected":false},"featured_media":395,"template":"","meta":{"_et_pb_use_builder":"","_et_pb_old_content":"","_et_gb_content_width":""},"product_brand":[],"product_cat":[25,41],"product_tag":[],"class_list":{"0":"post-392","1":"product","2":"type-product","3":"status-publish","4":"has-post-thumbnail","6":"product_cat-broyage","7":"product_cat-excavatrice-3","9":"first","10":"instock","11":"shipping-taxable","12":"purchasable","13":"product-type-simple"},"yoast_head":"<!-- This site is optimized with the Yoast SEO plugin v27.4 - https:\/\/yoast.com\/product\/yoast-seo-wordpress\/ -->\n<title>Broyeur 45\u2019\u2019 pour excavatrice BROY45 | BeaverTech<\/title>\n<meta name=\"robots\" content=\"index, follow, max-snippet:-1, max-image-preview:large, max-video-preview:-1\" \/>\n<link rel=\"canonical\" href=\"https:\/\/beavertechcanada.com\/fr\/produit\/broyeur-45-pour-excavatrice\/\" \/>\n<meta property=\"og:locale\" content=\"fr_FR\" \/>\n<meta property=\"og:type\" content=\"article\" \/>\n<meta property=\"og:title\" content=\"Broyeur 45\u2019\u2019 pour excavatrice BROY45 | BeaverTech\" \/>\n<meta property=\"og:description\" content=\"Voici notre BROY45-HD, la version la plus robuste de notre gamme de broyeurs forestiers BeaverTech.  D\u00e9bit auxiliaire requis: 32 \u00e0 45 gpm Pression d\u2019op\u00e9ration: 3800 psi Poids: 1400 lbs Poids excavatrice (min): 10 tonnes Poids excavatrice (max): 22 tonnes Dents standards (incluses): Travaux rapides de finitions (max 8\u2019\u2019 diam\u00e8tre) Dents carbures (en option): Travaux lourds (souche, arbres de gros diam\u00e8tres, terrain sale) Largeur de coupe (pouces): 43 Longueur (pouces): 58.75 Largeur (pouces): 20.6 Hauteur (pouces): 35.2\" \/>\n<meta property=\"og:url\" content=\"https:\/\/beavertechcanada.com\/fr\/produit\/broyeur-45-pour-excavatrice\/\" \/>\n<meta property=\"og:site_name\" content=\"BeaverTech\" \/>\n<meta property=\"article:publisher\" content=\"https:\/\/www.facebook.com\/debroussailleusebeavertech\" \/>\n<meta property=\"article:modified_time\" content=\"2024-12-16T20:59:46+00:00\" \/>\n<meta property=\"og:image\" content=\"https:\/\/beavertechcanada.com\/wp-content\/uploads\/2024\/10\/BROY-45-beavertech-1.jpg\" \/>\n\t<meta property=\"og:image:width\" content=\"980\" \/>\n\t<meta property=\"og:image:height\" content=\"735\" \/>\n\t<meta property=\"og:image:type\" content=\"image\/jpeg\" \/>\n<meta name=\"twitter:card\" content=\"summary_large_image\" \/>\n<meta name=\"twitter:label1\" content=\"Dur\u00e9e de lecture estim\u00e9e\" \/>\n\t<meta name=\"twitter:data1\" content=\"2 minutes\" \/>\n<script type=\"application\/ld+json\" class=\"yoast-schema-graph\">{\"@context\":\"https:\\\/\\\/schema.org\",\"@graph\":[{\"@type\":\"WebPage\",\"@id\":\"https:\\\/\\\/beavertechcanada.com\\\/fr\\\/produit\\\/broyeur-45-pour-excavatrice\\\/\",\"url\":\"https:\\\/\\\/beavertechcanada.com\\\/fr\\\/produit\\\/broyeur-45-pour-excavatrice\\\/\",\"name\":\"Broyeur 45\u2019\u2019 pour excavatrice BROY45 | BeaverTech\",\"isPartOf\":{\"@id\":\"https:\\\/\\\/beavertechcanada.com\\\/fr\\\/#website\"},\"primaryImageOfPage\":{\"@id\":\"https:\\\/\\\/beavertechcanada.com\\\/fr\\\/produit\\\/broyeur-45-pour-excavatrice\\\/#primaryimage\"},\"image\":{\"@id\":\"https:\\\/\\\/beavertechcanada.com\\\/fr\\\/produit\\\/broyeur-45-pour-excavatrice\\\/#primaryimage\"},\"thumbnailUrl\":\"https:\\\/\\\/beavertechcanada.com\\\/wp-content\\\/uploads\\\/2024\\\/10\\\/BROY-45-beavertech-1.jpg\",\"datePublished\":\"2024-10-03T19:57:00+00:00\",\"dateModified\":\"2024-12-16T20:59:46+00:00\",\"breadcrumb\":{\"@id\":\"https:\\\/\\\/beavertechcanada.com\\\/fr\\\/produit\\\/broyeur-45-pour-excavatrice\\\/#breadcrumb\"},\"inLanguage\":\"fr-FR\",\"potentialAction\":[{\"@type\":\"ReadAction\",\"target\":[\"https:\\\/\\\/beavertechcanada.com\\\/fr\\\/produit\\\/broyeur-45-pour-excavatrice\\\/\"]}]},{\"@type\":\"ImageObject\",\"inLanguage\":\"fr-FR\",\"@id\":\"https:\\\/\\\/beavertechcanada.com\\\/fr\\\/produit\\\/broyeur-45-pour-excavatrice\\\/#primaryimage\",\"url\":\"https:\\\/\\\/beavertechcanada.com\\\/wp-content\\\/uploads\\\/2024\\\/10\\\/BROY-45-beavertech-1.jpg\",\"contentUrl\":\"https:\\\/\\\/beavertechcanada.com\\\/wp-content\\\/uploads\\\/2024\\\/10\\\/BROY-45-beavertech-1.jpg\",\"width\":980,\"height\":735,\"caption\":\"BROY-45-beavertech-1\"},{\"@type\":\"BreadcrumbList\",\"@id\":\"https:\\\/\\\/beavertechcanada.com\\\/fr\\\/produit\\\/broyeur-45-pour-excavatrice\\\/#breadcrumb\",\"itemListElement\":[{\"@type\":\"ListItem\",\"position\":1,\"name\":\"Accueil\",\"item\":\"https:\\\/\\\/beavertechcanada.com\\\/fr\\\/\"},{\"@type\":\"ListItem\",\"position\":2,\"name\":\"Boutique\",\"item\":\"https:\\\/\\\/beavertechcanada.com\\\/fr\\\/boutique\\\/\"},{\"@type\":\"ListItem\",\"position\":3,\"name\":\"Broyeur 45\u2019\u2019 pour excavatrice BROY45\"}]},{\"@type\":\"WebSite\",\"@id\":\"https:\\\/\\\/beavertechcanada.com\\\/fr\\\/#website\",\"url\":\"https:\\\/\\\/beavertechcanada.com\\\/fr\\\/\",\"name\":\"BeaverTech\",\"description\":\"D\u00e9broussailleuses pour VTT, tracteurs, surfaceurs et excavatrices\",\"potentialAction\":[{\"@type\":\"SearchAction\",\"target\":{\"@type\":\"EntryPoint\",\"urlTemplate\":\"https:\\\/\\\/beavertechcanada.com\\\/fr\\\/?s={search_term_string}\"},\"query-input\":{\"@type\":\"PropertyValueSpecification\",\"valueRequired\":true,\"valueName\":\"search_term_string\"}}],\"inLanguage\":\"fr-FR\"}]}<\/script>\n<!-- \/ Yoast SEO plugin. -->","yoast_head_json":{"title":"Broyeur 45\u2019\u2019 pour excavatrice BROY45 | BeaverTech","robots":{"index":"index","follow":"follow","max-snippet":"max-snippet:-1","max-image-preview":"max-image-preview:large","max-video-preview":"max-video-preview:-1"},"canonical":"https:\/\/beavertechcanada.com\/fr\/produit\/broyeur-45-pour-excavatrice\/","og_locale":"fr_FR","og_type":"article","og_title":"Broyeur 45\u2019\u2019 pour excavatrice BROY45 | BeaverTech","og_description":"Voici notre BROY45-HD, la version la plus robuste de notre gamme de broyeurs forestiers BeaverTech.  D\u00e9bit auxiliaire requis: 32 \u00e0 45 gpm Pression d\u2019op\u00e9ration: 3800 psi Poids: 1400 lbs Poids excavatrice (min): 10 tonnes Poids excavatrice (max): 22 tonnes Dents standards (incluses): Travaux rapides de finitions (max 8\u2019\u2019 diam\u00e8tre) Dents carbures (en option): Travaux lourds (souche, arbres de gros diam\u00e8tres, terrain sale) Largeur de coupe (pouces): 43 Longueur (pouces): 58.75 Largeur (pouces): 20.6 Hauteur (pouces): 35.2","og_url":"https:\/\/beavertechcanada.com\/fr\/produit\/broyeur-45-pour-excavatrice\/","og_site_name":"BeaverTech","article_publisher":"https:\/\/www.facebook.com\/debroussailleusebeavertech","article_modified_time":"2024-12-16T20:59:46+00:00","og_image":[{"width":980,"height":735,"url":"https:\/\/beavertechcanada.com\/wp-content\/uploads\/2024\/10\/BROY-45-beavertech-1.jpg","type":"image\/jpeg"}],"twitter_card":"summary_large_image","twitter_misc":{"Dur\u00e9e de lecture estim\u00e9e":"2 minutes"},"schema":{"@context":"https:\/\/schema.org","@graph":[{"@type":"WebPage","@id":"https:\/\/beavertechcanada.com\/fr\/produit\/broyeur-45-pour-excavatrice\/","url":"https:\/\/beavertechcanada.com\/fr\/produit\/broyeur-45-pour-excavatrice\/","name":"Broyeur 45\u2019\u2019 pour excavatrice BROY45 | BeaverTech","isPartOf":{"@id":"https:\/\/beavertechcanada.com\/fr\/#website"},"primaryImageOfPage":{"@id":"https:\/\/beavertechcanada.com\/fr\/produit\/broyeur-45-pour-excavatrice\/#primaryimage"},"image":{"@id":"https:\/\/beavertechcanada.com\/fr\/produit\/broyeur-45-pour-excavatrice\/#primaryimage"},"thumbnailUrl":"https:\/\/beavertechcanada.com\/wp-content\/uploads\/2024\/10\/BROY-45-beavertech-1.jpg","datePublished":"2024-10-03T19:57:00+00:00","dateModified":"2024-12-16T20:59:46+00:00","breadcrumb":{"@id":"https:\/\/beavertechcanada.com\/fr\/produit\/broyeur-45-pour-excavatrice\/#breadcrumb"},"inLanguage":"fr-FR","potentialAction":[{"@type":"ReadAction","target":["https:\/\/beavertechcanada.com\/fr\/produit\/broyeur-45-pour-excavatrice\/"]}]},{"@type":"ImageObject","inLanguage":"fr-FR","@id":"https:\/\/beavertechcanada.com\/fr\/produit\/broyeur-45-pour-excavatrice\/#primaryimage","url":"https:\/\/beavertechcanada.com\/wp-content\/uploads\/2024\/10\/BROY-45-beavertech-1.jpg","contentUrl":"https:\/\/beavertechcanada.com\/wp-content\/uploads\/2024\/10\/BROY-45-beavertech-1.jpg","width":980,"height":735,"caption":"BROY-45-beavertech-1"},{"@type":"BreadcrumbList","@id":"https:\/\/beavertechcanada.com\/fr\/produit\/broyeur-45-pour-excavatrice\/#breadcrumb","itemListElement":[{"@type":"ListItem","position":1,"name":"Accueil","item":"https:\/\/beavertechcanada.com\/fr\/"},{"@type":"ListItem","position":2,"name":"Boutique","item":"https:\/\/beavertechcanada.com\/fr\/boutique\/"},{"@type":"ListItem","position":3,"name":"Broyeur 45\u2019\u2019 pour excavatrice BROY45"}]},{"@type":"WebSite","@id":"https:\/\/beavertechcanada.com\/fr\/#website","url":"https:\/\/beavertechcanada.com\/fr\/","name":"BeaverTech","description":"D\u00e9broussailleuses pour VTT, tracteurs, surfaceurs et excavatrices","potentialAction":[{"@type":"SearchAction","target":{"@type":"EntryPoint","urlTemplate":"https:\/\/beavertechcanada.com\/fr\/?s={search_term_string}"},"query-input":{"@type":"PropertyValueSpecification","valueRequired":true,"valueName":"search_term_string"}}],"inLanguage":"fr-FR"}]}},"_links":{"self":[{"href":"https:\/\/beavertechcanada.com\/fr\/wp-json\/wp\/v2\/product\/392","targetHints":{"allow":["GET"]}}],"collection":[{"href":"https:\/\/beavertechcanada.com\/fr\/wp-json\/wp\/v2\/product"}],"about":[{"href":"https:\/\/beavertechcanada.com\/fr\/wp-json\/wp\/v2\/types\/product"}],"wp:featuredmedia":[{"embeddable":true,"href":"https:\/\/beavertechcanada.com\/fr\/wp-json\/wp\/v2\/media\/395"}],"wp:attachment":[{"href":"https:\/\/beavertechcanada.com\/fr\/wp-json\/wp\/v2\/media?parent=392"}],"wp:term":[{"taxonomy":"product_brand","embeddable":true,"href":"https:\/\/beavertechcanada.com\/fr\/wp-json\/wp\/v2\/product_brand?post=392"},{"taxonomy":"product_cat","embeddable":true,"href":"https:\/\/beavertechcanada.com\/fr\/wp-json\/wp\/v2\/product_cat?post=392"},{"taxonomy":"product_tag","embeddable":true,"href":"https:\/\/beavertechcanada.com\/fr\/wp-json\/wp\/v2\/product_tag?post=392"}],"curies":[{"name":"wp","href":"https:\/\/api.w.org\/{rel}","templated":true}]}}