{"id":408,"date":"2024-10-25T09:57:53","date_gmt":"2024-10-25T13:57:53","guid":{"rendered":"https:\/\/beavertechcanada.com\/?post_type=product&#038;p=408"},"modified":"2024-10-25T10:29:02","modified_gmt":"2024-10-25T14:29:02","slug":"broyeur-30-pour-excavatrice-broy30-20","status":"publish","type":"product","link":"https:\/\/beavertechcanada.com\/fr\/produit\/broyeur-30-pour-excavatrice-broy30-20\/","title":{"rendered":"Broyeur 30\u2019\u2019 pour excavatrice BROY30-20"},"content":{"rendered":"<p>Con\u00e7u pour broyer tous types de bois jusqu\u2019\u00e0 <strong>6\u2019\u2019 1\/2<\/strong> de diam\u00e8tre.<\/p>\n<p>Il fait la joie des propri\u00e9taires d&rsquo;excavatrices compactes, en pouvant les exploiter au maximum <strong>sans affecter le d\u00e9bit hydraulique<\/strong> pour les fonctions de base.<\/p>\n<p>Son baril rotatif de <strong>30 po<\/strong> de largeur avec dents r\u00e9versible et interchangeable r\u00e9duit tous d\u00e9bris forestiers sur son passage pour y laisser un tapis de copeaux au sol.<\/p>\n<p>De par sa conception robuste et son faible entretien, il s&rsquo;agit de l&rsquo;outil de broyage forestier par excellence pour toutes les excavatrices de <strong>2 \u00e0 5 tonnes<\/strong>.<\/p>\n<p>Que ce soit pour les \u00e9rabli\u00e8res, terrains bois\u00e9s, bordures de sentiers, d\u00e9gagement de plantation ou d&rsquo;\u00e9claircie, le <strong>BROY30-20<\/strong> surprend d\u00e8s son d\u00e9marrage \u00e0 l&rsquo;aide de sa t\u00e9l\u00e9commande \u00e0 distance de s\u00e9rie.<\/p>\n<p>La garantie Honda de <strong>2 ans<\/strong> sur la motorisation et celle de <strong>1 an<\/strong> sur les pi\u00e8ces et la fabrication assurent la tranquillit\u00e9 d&rsquo;esprit et la dur\u00e9e de vie totale des dents est de plus de <strong>250h<\/strong>.<\/p>\n","protected":false},"excerpt":{"rendered":"<p>Voici le r\u00e9volutionnaire <strong>BROY30-20<\/strong>, un broyeur forestier enti\u00e8rement autonome \u00e9quip\u00e9 du puissant <strong>moteur GX630 de 20 CV<\/strong> par Honda.<\/p>\n","protected":false},"featured_media":411,"template":"","meta":{"_et_pb_use_builder":"","_et_pb_old_content":"","_et_gb_content_width":""},"product_brand":[],"product_cat":[25,41],"product_tag":[],"class_list":{"0":"post-408","1":"product","2":"type-product","3":"status-publish","4":"has-post-thumbnail","6":"product_cat-broyage","7":"product_cat-excavatrice-3","9":"first","10":"instock","11":"shipping-taxable","12":"purchasable","13":"product-type-simple"},"yoast_head":"<!-- This site is optimized with the Yoast SEO plugin v27.4 - https:\/\/yoast.com\/product\/yoast-seo-wordpress\/ -->\n<title>Broyeur 30\u2019\u2019 pour excavatrice BROY30-20 | BeaverTech<\/title>\n<meta name=\"robots\" content=\"index, follow, max-snippet:-1, max-image-preview:large, max-video-preview:-1\" \/>\n<link rel=\"canonical\" href=\"https:\/\/beavertechcanada.com\/fr\/produit\/broyeur-30-pour-excavatrice-broy30-20\/\" \/>\n<meta property=\"og:locale\" content=\"fr_FR\" \/>\n<meta property=\"og:type\" content=\"article\" \/>\n<meta property=\"og:title\" content=\"Broyeur 30\u2019\u2019 pour excavatrice BROY30-20 | BeaverTech\" \/>\n<meta property=\"og:description\" content=\"Voici le r\u00e9volutionnaire BROY30-20, un broyeur forestier enti\u00e8rement autonome \u00e9quip\u00e9 du puissant moteur GX630 de 20 CV par Honda.\" \/>\n<meta property=\"og:url\" content=\"https:\/\/beavertechcanada.com\/fr\/produit\/broyeur-30-pour-excavatrice-broy30-20\/\" \/>\n<meta property=\"og:site_name\" content=\"BeaverTech\" \/>\n<meta property=\"article:publisher\" content=\"https:\/\/www.facebook.com\/debroussailleusebeavertech\" \/>\n<meta property=\"article:modified_time\" content=\"2024-10-25T14:29:02+00:00\" \/>\n<meta property=\"og:image\" content=\"https:\/\/beavertechcanada.com\/wp-content\/uploads\/2024\/10\/BROY30-20-beavertech-2.jpg\" \/>\n\t<meta property=\"og:image:width\" content=\"980\" \/>\n\t<meta property=\"og:image:height\" content=\"735\" \/>\n\t<meta property=\"og:image:type\" content=\"image\/jpeg\" \/>\n<meta name=\"twitter:card\" content=\"summary_large_image\" \/>\n<meta name=\"twitter:label1\" content=\"Dur\u00e9e de lecture estim\u00e9e\" \/>\n\t<meta name=\"twitter:data1\" content=\"2 minutes\" \/>\n<script type=\"application\/ld+json\" class=\"yoast-schema-graph\">{\"@context\":\"https:\\\/\\\/schema.org\",\"@graph\":[{\"@type\":\"WebPage\",\"@id\":\"https:\\\/\\\/beavertechcanada.com\\\/fr\\\/produit\\\/broyeur-30-pour-excavatrice-broy30-20\\\/\",\"url\":\"https:\\\/\\\/beavertechcanada.com\\\/fr\\\/produit\\\/broyeur-30-pour-excavatrice-broy30-20\\\/\",\"name\":\"Broyeur 30\u2019\u2019 pour excavatrice BROY30-20 | BeaverTech\",\"isPartOf\":{\"@id\":\"https:\\\/\\\/beavertechcanada.com\\\/fr\\\/#website\"},\"primaryImageOfPage\":{\"@id\":\"https:\\\/\\\/beavertechcanada.com\\\/fr\\\/produit\\\/broyeur-30-pour-excavatrice-broy30-20\\\/#primaryimage\"},\"image\":{\"@id\":\"https:\\\/\\\/beavertechcanada.com\\\/fr\\\/produit\\\/broyeur-30-pour-excavatrice-broy30-20\\\/#primaryimage\"},\"thumbnailUrl\":\"https:\\\/\\\/beavertechcanada.com\\\/wp-content\\\/uploads\\\/2024\\\/10\\\/BROY30-20-beavertech-2.jpg\",\"datePublished\":\"2024-10-25T13:57:53+00:00\",\"dateModified\":\"2024-10-25T14:29:02+00:00\",\"breadcrumb\":{\"@id\":\"https:\\\/\\\/beavertechcanada.com\\\/fr\\\/produit\\\/broyeur-30-pour-excavatrice-broy30-20\\\/#breadcrumb\"},\"inLanguage\":\"fr-FR\",\"potentialAction\":[{\"@type\":\"ReadAction\",\"target\":[\"https:\\\/\\\/beavertechcanada.com\\\/fr\\\/produit\\\/broyeur-30-pour-excavatrice-broy30-20\\\/\"]}]},{\"@type\":\"ImageObject\",\"inLanguage\":\"fr-FR\",\"@id\":\"https:\\\/\\\/beavertechcanada.com\\\/fr\\\/produit\\\/broyeur-30-pour-excavatrice-broy30-20\\\/#primaryimage\",\"url\":\"https:\\\/\\\/beavertechcanada.com\\\/wp-content\\\/uploads\\\/2024\\\/10\\\/BROY30-20-beavertech-2.jpg\",\"contentUrl\":\"https:\\\/\\\/beavertechcanada.com\\\/wp-content\\\/uploads\\\/2024\\\/10\\\/BROY30-20-beavertech-2.jpg\",\"width\":980,\"height\":735,\"caption\":\"BROY30-20-beavertech-2\"},{\"@type\":\"BreadcrumbList\",\"@id\":\"https:\\\/\\\/beavertechcanada.com\\\/fr\\\/produit\\\/broyeur-30-pour-excavatrice-broy30-20\\\/#breadcrumb\",\"itemListElement\":[{\"@type\":\"ListItem\",\"position\":1,\"name\":\"Accueil\",\"item\":\"https:\\\/\\\/beavertechcanada.com\\\/fr\\\/\"},{\"@type\":\"ListItem\",\"position\":2,\"name\":\"Boutique\",\"item\":\"https:\\\/\\\/beavertechcanada.com\\\/fr\\\/boutique\\\/\"},{\"@type\":\"ListItem\",\"position\":3,\"name\":\"Broyeur 30\u2019\u2019 pour excavatrice BROY30-20\"}]},{\"@type\":\"WebSite\",\"@id\":\"https:\\\/\\\/beavertechcanada.com\\\/fr\\\/#website\",\"url\":\"https:\\\/\\\/beavertechcanada.com\\\/fr\\\/\",\"name\":\"BeaverTech\",\"description\":\"D\u00e9broussailleuses pour VTT, tracteurs, surfaceurs et excavatrices\",\"potentialAction\":[{\"@type\":\"SearchAction\",\"target\":{\"@type\":\"EntryPoint\",\"urlTemplate\":\"https:\\\/\\\/beavertechcanada.com\\\/fr\\\/?s={search_term_string}\"},\"query-input\":{\"@type\":\"PropertyValueSpecification\",\"valueRequired\":true,\"valueName\":\"search_term_string\"}}],\"inLanguage\":\"fr-FR\"}]}<\/script>\n<!-- \/ Yoast SEO plugin. -->","yoast_head_json":{"title":"Broyeur 30\u2019\u2019 pour excavatrice BROY30-20 | BeaverTech","robots":{"index":"index","follow":"follow","max-snippet":"max-snippet:-1","max-image-preview":"max-image-preview:large","max-video-preview":"max-video-preview:-1"},"canonical":"https:\/\/beavertechcanada.com\/fr\/produit\/broyeur-30-pour-excavatrice-broy30-20\/","og_locale":"fr_FR","og_type":"article","og_title":"Broyeur 30\u2019\u2019 pour excavatrice BROY30-20 | BeaverTech","og_description":"Voici le r\u00e9volutionnaire BROY30-20, un broyeur forestier enti\u00e8rement autonome \u00e9quip\u00e9 du puissant moteur GX630 de 20 CV par Honda.","og_url":"https:\/\/beavertechcanada.com\/fr\/produit\/broyeur-30-pour-excavatrice-broy30-20\/","og_site_name":"BeaverTech","article_publisher":"https:\/\/www.facebook.com\/debroussailleusebeavertech","article_modified_time":"2024-10-25T14:29:02+00:00","og_image":[{"width":980,"height":735,"url":"https:\/\/beavertechcanada.com\/wp-content\/uploads\/2024\/10\/BROY30-20-beavertech-2.jpg","type":"image\/jpeg"}],"twitter_card":"summary_large_image","twitter_misc":{"Dur\u00e9e de lecture estim\u00e9e":"2 minutes"},"schema":{"@context":"https:\/\/schema.org","@graph":[{"@type":"WebPage","@id":"https:\/\/beavertechcanada.com\/fr\/produit\/broyeur-30-pour-excavatrice-broy30-20\/","url":"https:\/\/beavertechcanada.com\/fr\/produit\/broyeur-30-pour-excavatrice-broy30-20\/","name":"Broyeur 30\u2019\u2019 pour excavatrice BROY30-20 | BeaverTech","isPartOf":{"@id":"https:\/\/beavertechcanada.com\/fr\/#website"},"primaryImageOfPage":{"@id":"https:\/\/beavertechcanada.com\/fr\/produit\/broyeur-30-pour-excavatrice-broy30-20\/#primaryimage"},"image":{"@id":"https:\/\/beavertechcanada.com\/fr\/produit\/broyeur-30-pour-excavatrice-broy30-20\/#primaryimage"},"thumbnailUrl":"https:\/\/beavertechcanada.com\/wp-content\/uploads\/2024\/10\/BROY30-20-beavertech-2.jpg","datePublished":"2024-10-25T13:57:53+00:00","dateModified":"2024-10-25T14:29:02+00:00","breadcrumb":{"@id":"https:\/\/beavertechcanada.com\/fr\/produit\/broyeur-30-pour-excavatrice-broy30-20\/#breadcrumb"},"inLanguage":"fr-FR","potentialAction":[{"@type":"ReadAction","target":["https:\/\/beavertechcanada.com\/fr\/produit\/broyeur-30-pour-excavatrice-broy30-20\/"]}]},{"@type":"ImageObject","inLanguage":"fr-FR","@id":"https:\/\/beavertechcanada.com\/fr\/produit\/broyeur-30-pour-excavatrice-broy30-20\/#primaryimage","url":"https:\/\/beavertechcanada.com\/wp-content\/uploads\/2024\/10\/BROY30-20-beavertech-2.jpg","contentUrl":"https:\/\/beavertechcanada.com\/wp-content\/uploads\/2024\/10\/BROY30-20-beavertech-2.jpg","width":980,"height":735,"caption":"BROY30-20-beavertech-2"},{"@type":"BreadcrumbList","@id":"https:\/\/beavertechcanada.com\/fr\/produit\/broyeur-30-pour-excavatrice-broy30-20\/#breadcrumb","itemListElement":[{"@type":"ListItem","position":1,"name":"Accueil","item":"https:\/\/beavertechcanada.com\/fr\/"},{"@type":"ListItem","position":2,"name":"Boutique","item":"https:\/\/beavertechcanada.com\/fr\/boutique\/"},{"@type":"ListItem","position":3,"name":"Broyeur 30\u2019\u2019 pour excavatrice BROY30-20"}]},{"@type":"WebSite","@id":"https:\/\/beavertechcanada.com\/fr\/#website","url":"https:\/\/beavertechcanada.com\/fr\/","name":"BeaverTech","description":"D\u00e9broussailleuses pour VTT, tracteurs, surfaceurs et excavatrices","potentialAction":[{"@type":"SearchAction","target":{"@type":"EntryPoint","urlTemplate":"https:\/\/beavertechcanada.com\/fr\/?s={search_term_string}"},"query-input":{"@type":"PropertyValueSpecification","valueRequired":true,"valueName":"search_term_string"}}],"inLanguage":"fr-FR"}]}},"_links":{"self":[{"href":"https:\/\/beavertechcanada.com\/fr\/wp-json\/wp\/v2\/product\/408","targetHints":{"allow":["GET"]}}],"collection":[{"href":"https:\/\/beavertechcanada.com\/fr\/wp-json\/wp\/v2\/product"}],"about":[{"href":"https:\/\/beavertechcanada.com\/fr\/wp-json\/wp\/v2\/types\/product"}],"wp:featuredmedia":[{"embeddable":true,"href":"https:\/\/beavertechcanada.com\/fr\/wp-json\/wp\/v2\/media\/411"}],"wp:attachment":[{"href":"https:\/\/beavertechcanada.com\/fr\/wp-json\/wp\/v2\/media?parent=408"}],"wp:term":[{"taxonomy":"product_brand","embeddable":true,"href":"https:\/\/beavertechcanada.com\/fr\/wp-json\/wp\/v2\/product_brand?post=408"},{"taxonomy":"product_cat","embeddable":true,"href":"https:\/\/beavertechcanada.com\/fr\/wp-json\/wp\/v2\/product_cat?post=408"},{"taxonomy":"product_tag","embeddable":true,"href":"https:\/\/beavertechcanada.com\/fr\/wp-json\/wp\/v2\/product_tag?post=408"}],"curies":[{"name":"wp","href":"https:\/\/api.w.org\/{rel}","templated":true}]}}