{"id":422,"date":"2024-10-25T10:35:56","date_gmt":"2024-10-25T14:35:56","guid":{"rendered":"https:\/\/beavertechcanada.com\/?post_type=product&#038;p=422"},"modified":"2024-10-25T10:35:56","modified_gmt":"2024-10-25T14:35:56","slug":"broyeur-30-pour-excavatrice-broy30-hyd","status":"publish","type":"product","link":"https:\/\/beavertechcanada.com\/fr\/produit\/broyeur-30-pour-excavatrice-broy30-hyd\/","title":{"rendered":"Broyeur 30\u2019\u2019 pour excavatrice BROY30-HYD"},"content":{"rendered":"<p>Le BROY30-HYD avec son baril rotatif de <strong>30 po<\/strong> propuls\u00e9 par un moteur hydraulique \u00e0 pistons et courroie industrielle double-V est capable d&rsquo;attaquer tous types de bois jusqu\u2019\u00e0<strong> 6\u2019\u2019 1\/2 de diam\u00e8tre.<\/strong><\/p>\n<p>Ses dents <strong>r\u00e9versibles et interchangeables<\/strong> en font un \u00e9quipement versatile indispensable pour tous les travaux de d\u00e9gagement priv\u00e9s ou commerciaux.<\/p>\n<p>Avec un d\u00e9bit hydraulique requis de<strong> 22 GPM<\/strong>, la plupart des excavatrices ne font qu&rsquo;un avec le <strong>BROY30-HYD<\/strong> pour des performances \u00e0 la hauteur de la t\u00e2che.<\/p>\n<p>Sa construction industrielle robuste sign\u00e9e <strong>BeaverTech<\/strong>, son faible entretien et ses composantes de premi\u00e8re qualit\u00e9 font de ce broyeur un outil de choix.<\/p>\n<p>La garantie BeaverTech de <strong>1 an<\/strong> sur les pi\u00e8ces et la fabrication assure la tranquillit\u00e9 d&rsquo;esprit et la dur\u00e9e de vie totale des dents est de plus de <strong>250h<\/strong>.<\/p>\n","protected":false},"excerpt":{"rendered":"<p>Pour tous les propri\u00e9taires d&rsquo;excavatrices de <strong>5 \u00e0 12 tonnes<\/strong>, l&rsquo;attachement par excellence pour les travaux en for\u00eat est assur\u00e9ment un broyeur forestier hydraulique.<\/p>\n","protected":false},"featured_media":429,"template":"","meta":{"_et_pb_use_builder":"","_et_pb_old_content":"","_et_gb_content_width":""},"product_brand":[],"product_cat":[25,41],"product_tag":[],"class_list":{"0":"post-422","1":"product","2":"type-product","3":"status-publish","4":"has-post-thumbnail","6":"product_cat-broyage","7":"product_cat-excavatrice-3","9":"first","10":"instock","11":"shipping-taxable","12":"purchasable","13":"product-type-simple"},"yoast_head":"<!-- This site is optimized with the Yoast SEO plugin v27.3 - https:\/\/yoast.com\/product\/yoast-seo-wordpress\/ -->\n<title>Broyeur 30\u2019\u2019 pour excavatrice BROY30-HYD | BeaverTech<\/title>\n<meta name=\"robots\" content=\"index, follow, max-snippet:-1, max-image-preview:large, max-video-preview:-1\" \/>\n<link rel=\"canonical\" href=\"https:\/\/beavertechcanada.com\/fr\/produit\/broyeur-30-pour-excavatrice-broy30-hyd\/\" \/>\n<meta property=\"og:locale\" content=\"fr_FR\" \/>\n<meta property=\"og:type\" content=\"article\" \/>\n<meta property=\"og:title\" content=\"Broyeur 30\u2019\u2019 pour excavatrice BROY30-HYD | BeaverTech\" \/>\n<meta property=\"og:description\" content=\"Pour tous les propri\u00e9taires d&#039;excavatrices de 5 \u00e0 12 tonnes, l&#039;attachement par excellence pour les travaux en for\u00eat est assur\u00e9ment un broyeur forestier hydraulique.\" \/>\n<meta property=\"og:url\" content=\"https:\/\/beavertechcanada.com\/fr\/produit\/broyeur-30-pour-excavatrice-broy30-hyd\/\" \/>\n<meta property=\"og:site_name\" content=\"BeaverTech\" \/>\n<meta property=\"article:publisher\" content=\"https:\/\/www.facebook.com\/debroussailleusebeavertech\" \/>\n<meta property=\"og:image\" content=\"https:\/\/beavertechcanada.com\/wp-content\/uploads\/2024\/10\/BROY30-HYD-beavertech-13.jpg\" \/>\n\t<meta property=\"og:image:width\" content=\"980\" \/>\n\t<meta property=\"og:image:height\" content=\"735\" \/>\n\t<meta property=\"og:image:type\" content=\"image\/jpeg\" \/>\n<meta name=\"twitter:card\" content=\"summary_large_image\" \/>\n<meta name=\"twitter:label1\" content=\"Dur\u00e9e de lecture estim\u00e9e\" \/>\n\t<meta name=\"twitter:data1\" content=\"1 minute\" \/>\n<script type=\"application\/ld+json\" class=\"yoast-schema-graph\">{\"@context\":\"https:\\\/\\\/schema.org\",\"@graph\":[{\"@type\":\"WebPage\",\"@id\":\"https:\\\/\\\/beavertechcanada.com\\\/fr\\\/produit\\\/broyeur-30-pour-excavatrice-broy30-hyd\\\/\",\"url\":\"https:\\\/\\\/beavertechcanada.com\\\/fr\\\/produit\\\/broyeur-30-pour-excavatrice-broy30-hyd\\\/\",\"name\":\"Broyeur 30\u2019\u2019 pour excavatrice BROY30-HYD | BeaverTech\",\"isPartOf\":{\"@id\":\"https:\\\/\\\/beavertechcanada.com\\\/fr\\\/#website\"},\"primaryImageOfPage\":{\"@id\":\"https:\\\/\\\/beavertechcanada.com\\\/fr\\\/produit\\\/broyeur-30-pour-excavatrice-broy30-hyd\\\/#primaryimage\"},\"image\":{\"@id\":\"https:\\\/\\\/beavertechcanada.com\\\/fr\\\/produit\\\/broyeur-30-pour-excavatrice-broy30-hyd\\\/#primaryimage\"},\"thumbnailUrl\":\"https:\\\/\\\/beavertechcanada.com\\\/wp-content\\\/uploads\\\/2024\\\/10\\\/BROY30-HYD-beavertech-13.jpg\",\"datePublished\":\"2024-10-25T14:35:56+00:00\",\"breadcrumb\":{\"@id\":\"https:\\\/\\\/beavertechcanada.com\\\/fr\\\/produit\\\/broyeur-30-pour-excavatrice-broy30-hyd\\\/#breadcrumb\"},\"inLanguage\":\"fr-FR\",\"potentialAction\":[{\"@type\":\"ReadAction\",\"target\":[\"https:\\\/\\\/beavertechcanada.com\\\/fr\\\/produit\\\/broyeur-30-pour-excavatrice-broy30-hyd\\\/\"]}]},{\"@type\":\"ImageObject\",\"inLanguage\":\"fr-FR\",\"@id\":\"https:\\\/\\\/beavertechcanada.com\\\/fr\\\/produit\\\/broyeur-30-pour-excavatrice-broy30-hyd\\\/#primaryimage\",\"url\":\"https:\\\/\\\/beavertechcanada.com\\\/wp-content\\\/uploads\\\/2024\\\/10\\\/BROY30-HYD-beavertech-13.jpg\",\"contentUrl\":\"https:\\\/\\\/beavertechcanada.com\\\/wp-content\\\/uploads\\\/2024\\\/10\\\/BROY30-HYD-beavertech-13.jpg\",\"width\":980,\"height\":735,\"caption\":\"BROY30-HYD-beavertech-13\"},{\"@type\":\"BreadcrumbList\",\"@id\":\"https:\\\/\\\/beavertechcanada.com\\\/fr\\\/produit\\\/broyeur-30-pour-excavatrice-broy30-hyd\\\/#breadcrumb\",\"itemListElement\":[{\"@type\":\"ListItem\",\"position\":1,\"name\":\"Accueil\",\"item\":\"https:\\\/\\\/beavertechcanada.com\\\/fr\\\/\"},{\"@type\":\"ListItem\",\"position\":2,\"name\":\"Boutique\",\"item\":\"https:\\\/\\\/beavertechcanada.com\\\/fr\\\/boutique\\\/\"},{\"@type\":\"ListItem\",\"position\":3,\"name\":\"Broyeur 30\u2019\u2019 pour excavatrice BROY30-HYD\"}]},{\"@type\":\"WebSite\",\"@id\":\"https:\\\/\\\/beavertechcanada.com\\\/fr\\\/#website\",\"url\":\"https:\\\/\\\/beavertechcanada.com\\\/fr\\\/\",\"name\":\"BeaverTech\",\"description\":\"D\u00e9broussailleuses pour VTT, tracteurs, surfaceurs et excavatrices\",\"potentialAction\":[{\"@type\":\"SearchAction\",\"target\":{\"@type\":\"EntryPoint\",\"urlTemplate\":\"https:\\\/\\\/beavertechcanada.com\\\/fr\\\/?s={search_term_string}\"},\"query-input\":{\"@type\":\"PropertyValueSpecification\",\"valueRequired\":true,\"valueName\":\"search_term_string\"}}],\"inLanguage\":\"fr-FR\"}]}<\/script>\n<!-- \/ Yoast SEO plugin. -->","yoast_head_json":{"title":"Broyeur 30\u2019\u2019 pour excavatrice BROY30-HYD | BeaverTech","robots":{"index":"index","follow":"follow","max-snippet":"max-snippet:-1","max-image-preview":"max-image-preview:large","max-video-preview":"max-video-preview:-1"},"canonical":"https:\/\/beavertechcanada.com\/fr\/produit\/broyeur-30-pour-excavatrice-broy30-hyd\/","og_locale":"fr_FR","og_type":"article","og_title":"Broyeur 30\u2019\u2019 pour excavatrice BROY30-HYD | BeaverTech","og_description":"Pour tous les propri\u00e9taires d'excavatrices de 5 \u00e0 12 tonnes, l'attachement par excellence pour les travaux en for\u00eat est assur\u00e9ment un broyeur forestier hydraulique.","og_url":"https:\/\/beavertechcanada.com\/fr\/produit\/broyeur-30-pour-excavatrice-broy30-hyd\/","og_site_name":"BeaverTech","article_publisher":"https:\/\/www.facebook.com\/debroussailleusebeavertech","og_image":[{"width":980,"height":735,"url":"https:\/\/beavertechcanada.com\/wp-content\/uploads\/2024\/10\/BROY30-HYD-beavertech-13.jpg","type":"image\/jpeg"}],"twitter_card":"summary_large_image","twitter_misc":{"Dur\u00e9e de lecture estim\u00e9e":"1 minute"},"schema":{"@context":"https:\/\/schema.org","@graph":[{"@type":"WebPage","@id":"https:\/\/beavertechcanada.com\/fr\/produit\/broyeur-30-pour-excavatrice-broy30-hyd\/","url":"https:\/\/beavertechcanada.com\/fr\/produit\/broyeur-30-pour-excavatrice-broy30-hyd\/","name":"Broyeur 30\u2019\u2019 pour excavatrice BROY30-HYD | BeaverTech","isPartOf":{"@id":"https:\/\/beavertechcanada.com\/fr\/#website"},"primaryImageOfPage":{"@id":"https:\/\/beavertechcanada.com\/fr\/produit\/broyeur-30-pour-excavatrice-broy30-hyd\/#primaryimage"},"image":{"@id":"https:\/\/beavertechcanada.com\/fr\/produit\/broyeur-30-pour-excavatrice-broy30-hyd\/#primaryimage"},"thumbnailUrl":"https:\/\/beavertechcanada.com\/wp-content\/uploads\/2024\/10\/BROY30-HYD-beavertech-13.jpg","datePublished":"2024-10-25T14:35:56+00:00","breadcrumb":{"@id":"https:\/\/beavertechcanada.com\/fr\/produit\/broyeur-30-pour-excavatrice-broy30-hyd\/#breadcrumb"},"inLanguage":"fr-FR","potentialAction":[{"@type":"ReadAction","target":["https:\/\/beavertechcanada.com\/fr\/produit\/broyeur-30-pour-excavatrice-broy30-hyd\/"]}]},{"@type":"ImageObject","inLanguage":"fr-FR","@id":"https:\/\/beavertechcanada.com\/fr\/produit\/broyeur-30-pour-excavatrice-broy30-hyd\/#primaryimage","url":"https:\/\/beavertechcanada.com\/wp-content\/uploads\/2024\/10\/BROY30-HYD-beavertech-13.jpg","contentUrl":"https:\/\/beavertechcanada.com\/wp-content\/uploads\/2024\/10\/BROY30-HYD-beavertech-13.jpg","width":980,"height":735,"caption":"BROY30-HYD-beavertech-13"},{"@type":"BreadcrumbList","@id":"https:\/\/beavertechcanada.com\/fr\/produit\/broyeur-30-pour-excavatrice-broy30-hyd\/#breadcrumb","itemListElement":[{"@type":"ListItem","position":1,"name":"Accueil","item":"https:\/\/beavertechcanada.com\/fr\/"},{"@type":"ListItem","position":2,"name":"Boutique","item":"https:\/\/beavertechcanada.com\/fr\/boutique\/"},{"@type":"ListItem","position":3,"name":"Broyeur 30\u2019\u2019 pour excavatrice BROY30-HYD"}]},{"@type":"WebSite","@id":"https:\/\/beavertechcanada.com\/fr\/#website","url":"https:\/\/beavertechcanada.com\/fr\/","name":"BeaverTech","description":"D\u00e9broussailleuses pour VTT, tracteurs, surfaceurs et excavatrices","potentialAction":[{"@type":"SearchAction","target":{"@type":"EntryPoint","urlTemplate":"https:\/\/beavertechcanada.com\/fr\/?s={search_term_string}"},"query-input":{"@type":"PropertyValueSpecification","valueRequired":true,"valueName":"search_term_string"}}],"inLanguage":"fr-FR"}]}},"_links":{"self":[{"href":"https:\/\/beavertechcanada.com\/fr\/wp-json\/wp\/v2\/product\/422","targetHints":{"allow":["GET"]}}],"collection":[{"href":"https:\/\/beavertechcanada.com\/fr\/wp-json\/wp\/v2\/product"}],"about":[{"href":"https:\/\/beavertechcanada.com\/fr\/wp-json\/wp\/v2\/types\/product"}],"wp:featuredmedia":[{"embeddable":true,"href":"https:\/\/beavertechcanada.com\/fr\/wp-json\/wp\/v2\/media\/429"}],"wp:attachment":[{"href":"https:\/\/beavertechcanada.com\/fr\/wp-json\/wp\/v2\/media?parent=422"}],"wp:term":[{"taxonomy":"product_brand","embeddable":true,"href":"https:\/\/beavertechcanada.com\/fr\/wp-json\/wp\/v2\/product_brand?post=422"},{"taxonomy":"product_cat","embeddable":true,"href":"https:\/\/beavertechcanada.com\/fr\/wp-json\/wp\/v2\/product_cat?post=422"},{"taxonomy":"product_tag","embeddable":true,"href":"https:\/\/beavertechcanada.com\/fr\/wp-json\/wp\/v2\/product_tag?post=422"}],"curies":[{"name":"wp","href":"https:\/\/api.w.org\/{rel}","templated":true}]}}