{"id":446,"date":"2024-10-25T11:07:09","date_gmt":"2024-10-25T15:07:09","guid":{"rendered":"https:\/\/beavertechcanada.com\/?post_type=product&#038;p=446"},"modified":"2026-01-30T14:47:20","modified_gmt":"2026-01-30T19:47:20","slug":"debroussailleuse-vtt-a-fleau-pour-herbage-et-arbuste-debvttfl","status":"publish","type":"product","link":"https:\/\/beavertechcanada.com\/fr\/produit\/debroussailleuse-vtt-a-fleau-pour-herbage-et-arbuste-debvttfl\/","title":{"rendered":"D\u00e9broussailleuse VTT \u00e0 fl\u00e9au pour herbage et arbuste DEBVTTFL"},"content":{"rendered":"<p>\u00c9quip\u00e9e d&rsquo;un moteur r\u00e9put\u00e9 <strong>GX630 de 20 CV<\/strong> par Honda, elle peut couper l&rsquo;herbe et les arbustes jusqu&rsquo;\u00e0 <strong>1\/2 po<\/strong> de diam\u00e8tre avec un fini de coupe pr\u00e9cis.<\/p>\n<p>Le rotor de<strong> 38po<\/strong> est mont\u00e9 avec couteaux mobiles interchangeables d&rsquo;une dur\u00e9e de vie de <strong>100 heures.<\/strong><\/p>\n<p>La hauteur de coupe et l&rsquo;angle d&rsquo;attaque sont <strong>r\u00e9glables<\/strong> et son rouleau flottant assure une coupe constante et lin\u00e9aire.<\/p>\n<p>Sa construction robuste, gage de la qualit\u00e9 <strong>BeaverTech<\/strong>, est accompagn\u00e9e par une garantie de <strong>2 ans<\/strong> sur la motorisation et de <strong>1 an<\/strong> sur les pi\u00e8ces et la fabrication.<\/p>\n","protected":false},"excerpt":{"rendered":"<p>Cet \u00e9quipement sp\u00e9cialis\u00e9 <strong>BeaverTech<\/strong> tract\u00e9 par <strong>VTT<\/strong> est con\u00e7u pour l&rsquo;entretien des bordures de sentiers bois\u00e9s, pistes cyclables, sentiers p\u00e9destres et de skis et raquettes en hiver, entre autres.<\/p>\n","protected":false},"featured_media":451,"template":"","meta":{"_et_pb_use_builder":"","_et_pb_old_content":"","_et_gb_content_width":""},"product_brand":[],"product_cat":[24,26,34,39],"product_tag":[],"class_list":{"0":"post-446","1":"product","2":"type-product","3":"status-publish","4":"has-post-thumbnail","6":"product_cat-debroussaillage","7":"product_cat-herbage-et-arbustes","8":"product_cat-vtt","9":"product_cat-vtt-2","11":"first","12":"instock","13":"shipping-taxable","14":"purchasable","15":"product-type-simple"},"yoast_head":"<!-- This site is optimized with the Yoast SEO plugin v27.3 - https:\/\/yoast.com\/product\/yoast-seo-wordpress\/ -->\n<title>D\u00e9broussailleuse VTT \u00e0 fl\u00e9au pour herbage et arbuste DEBVTTFL | BeaverTech<\/title>\n<meta name=\"robots\" content=\"index, follow, max-snippet:-1, max-image-preview:large, max-video-preview:-1\" \/>\n<link rel=\"canonical\" href=\"https:\/\/beavertechcanada.com\/fr\/produit\/debroussailleuse-vtt-a-fleau-pour-herbage-et-arbuste-debvttfl\/\" \/>\n<meta property=\"og:locale\" content=\"fr_FR\" \/>\n<meta property=\"og:type\" content=\"article\" \/>\n<meta property=\"og:title\" content=\"D\u00e9broussailleuse VTT \u00e0 fl\u00e9au pour herbage et arbuste DEBVTTFL | BeaverTech\" \/>\n<meta property=\"og:description\" content=\"Cet \u00e9quipement sp\u00e9cialis\u00e9 BeaverTech tract\u00e9 par VTT est con\u00e7u pour l&#039;entretien des bordures de sentiers bois\u00e9s, pistes cyclables, sentiers p\u00e9destres et de skis et raquettes en hiver, entre autres.\" \/>\n<meta property=\"og:url\" content=\"https:\/\/beavertechcanada.com\/fr\/produit\/debroussailleuse-vtt-a-fleau-pour-herbage-et-arbuste-debvttfl\/\" \/>\n<meta property=\"og:site_name\" content=\"BeaverTech\" \/>\n<meta property=\"article:publisher\" content=\"https:\/\/www.facebook.com\/debroussailleusebeavertech\" \/>\n<meta property=\"article:modified_time\" content=\"2026-01-30T19:47:20+00:00\" \/>\n<meta property=\"og:image\" content=\"https:\/\/beavertechcanada.com\/wp-content\/uploads\/2024\/10\/DEBVTT-FL-beavertech-3.jpg\" \/>\n\t<meta property=\"og:image:width\" content=\"980\" \/>\n\t<meta property=\"og:image:height\" content=\"735\" \/>\n\t<meta property=\"og:image:type\" content=\"image\/jpeg\" \/>\n<meta name=\"twitter:card\" content=\"summary_large_image\" \/>\n<meta name=\"twitter:label1\" content=\"Dur\u00e9e de lecture estim\u00e9e\" \/>\n\t<meta name=\"twitter:data1\" content=\"1 minute\" \/>\n<script type=\"application\/ld+json\" class=\"yoast-schema-graph\">{\"@context\":\"https:\\\/\\\/schema.org\",\"@graph\":[{\"@type\":\"WebPage\",\"@id\":\"https:\\\/\\\/beavertechcanada.com\\\/fr\\\/produit\\\/debroussailleuse-vtt-a-fleau-pour-herbage-et-arbuste-debvttfl\\\/\",\"url\":\"https:\\\/\\\/beavertechcanada.com\\\/fr\\\/produit\\\/debroussailleuse-vtt-a-fleau-pour-herbage-et-arbuste-debvttfl\\\/\",\"name\":\"D\u00e9broussailleuse VTT \u00e0 fl\u00e9au pour herbage et arbuste DEBVTTFL | BeaverTech\",\"isPartOf\":{\"@id\":\"https:\\\/\\\/beavertechcanada.com\\\/fr\\\/#website\"},\"primaryImageOfPage\":{\"@id\":\"https:\\\/\\\/beavertechcanada.com\\\/fr\\\/produit\\\/debroussailleuse-vtt-a-fleau-pour-herbage-et-arbuste-debvttfl\\\/#primaryimage\"},\"image\":{\"@id\":\"https:\\\/\\\/beavertechcanada.com\\\/fr\\\/produit\\\/debroussailleuse-vtt-a-fleau-pour-herbage-et-arbuste-debvttfl\\\/#primaryimage\"},\"thumbnailUrl\":\"https:\\\/\\\/beavertechcanada.com\\\/wp-content\\\/uploads\\\/2024\\\/10\\\/DEBVTT-FL-beavertech-3.jpg\",\"datePublished\":\"2024-10-25T15:07:09+00:00\",\"dateModified\":\"2026-01-30T19:47:20+00:00\",\"breadcrumb\":{\"@id\":\"https:\\\/\\\/beavertechcanada.com\\\/fr\\\/produit\\\/debroussailleuse-vtt-a-fleau-pour-herbage-et-arbuste-debvttfl\\\/#breadcrumb\"},\"inLanguage\":\"fr-FR\",\"potentialAction\":[{\"@type\":\"ReadAction\",\"target\":[\"https:\\\/\\\/beavertechcanada.com\\\/fr\\\/produit\\\/debroussailleuse-vtt-a-fleau-pour-herbage-et-arbuste-debvttfl\\\/\"]}]},{\"@type\":\"ImageObject\",\"inLanguage\":\"fr-FR\",\"@id\":\"https:\\\/\\\/beavertechcanada.com\\\/fr\\\/produit\\\/debroussailleuse-vtt-a-fleau-pour-herbage-et-arbuste-debvttfl\\\/#primaryimage\",\"url\":\"https:\\\/\\\/beavertechcanada.com\\\/wp-content\\\/uploads\\\/2024\\\/10\\\/DEBVTT-FL-beavertech-3.jpg\",\"contentUrl\":\"https:\\\/\\\/beavertechcanada.com\\\/wp-content\\\/uploads\\\/2024\\\/10\\\/DEBVTT-FL-beavertech-3.jpg\",\"width\":980,\"height\":735,\"caption\":\"DEBVTT-FL-beavertech-3\"},{\"@type\":\"BreadcrumbList\",\"@id\":\"https:\\\/\\\/beavertechcanada.com\\\/fr\\\/produit\\\/debroussailleuse-vtt-a-fleau-pour-herbage-et-arbuste-debvttfl\\\/#breadcrumb\",\"itemListElement\":[{\"@type\":\"ListItem\",\"position\":1,\"name\":\"Accueil\",\"item\":\"https:\\\/\\\/beavertechcanada.com\\\/fr\\\/\"},{\"@type\":\"ListItem\",\"position\":2,\"name\":\"Boutique\",\"item\":\"https:\\\/\\\/beavertechcanada.com\\\/fr\\\/boutique\\\/\"},{\"@type\":\"ListItem\",\"position\":3,\"name\":\"D\u00e9broussailleuse VTT \u00e0 fl\u00e9au pour herbage et arbuste DEBVTTFL\"}]},{\"@type\":\"WebSite\",\"@id\":\"https:\\\/\\\/beavertechcanada.com\\\/fr\\\/#website\",\"url\":\"https:\\\/\\\/beavertechcanada.com\\\/fr\\\/\",\"name\":\"BeaverTech\",\"description\":\"D\u00e9broussailleuses pour VTT, tracteurs, surfaceurs et excavatrices\",\"potentialAction\":[{\"@type\":\"SearchAction\",\"target\":{\"@type\":\"EntryPoint\",\"urlTemplate\":\"https:\\\/\\\/beavertechcanada.com\\\/fr\\\/?s={search_term_string}\"},\"query-input\":{\"@type\":\"PropertyValueSpecification\",\"valueRequired\":true,\"valueName\":\"search_term_string\"}}],\"inLanguage\":\"fr-FR\"}]}<\/script>\n<!-- \/ Yoast SEO plugin. -->","yoast_head_json":{"title":"D\u00e9broussailleuse VTT \u00e0 fl\u00e9au pour herbage et arbuste DEBVTTFL | BeaverTech","robots":{"index":"index","follow":"follow","max-snippet":"max-snippet:-1","max-image-preview":"max-image-preview:large","max-video-preview":"max-video-preview:-1"},"canonical":"https:\/\/beavertechcanada.com\/fr\/produit\/debroussailleuse-vtt-a-fleau-pour-herbage-et-arbuste-debvttfl\/","og_locale":"fr_FR","og_type":"article","og_title":"D\u00e9broussailleuse VTT \u00e0 fl\u00e9au pour herbage et arbuste DEBVTTFL | BeaverTech","og_description":"Cet \u00e9quipement sp\u00e9cialis\u00e9 BeaverTech tract\u00e9 par VTT est con\u00e7u pour l'entretien des bordures de sentiers bois\u00e9s, pistes cyclables, sentiers p\u00e9destres et de skis et raquettes en hiver, entre autres.","og_url":"https:\/\/beavertechcanada.com\/fr\/produit\/debroussailleuse-vtt-a-fleau-pour-herbage-et-arbuste-debvttfl\/","og_site_name":"BeaverTech","article_publisher":"https:\/\/www.facebook.com\/debroussailleusebeavertech","article_modified_time":"2026-01-30T19:47:20+00:00","og_image":[{"width":980,"height":735,"url":"https:\/\/beavertechcanada.com\/wp-content\/uploads\/2024\/10\/DEBVTT-FL-beavertech-3.jpg","type":"image\/jpeg"}],"twitter_card":"summary_large_image","twitter_misc":{"Dur\u00e9e de lecture estim\u00e9e":"1 minute"},"schema":{"@context":"https:\/\/schema.org","@graph":[{"@type":"WebPage","@id":"https:\/\/beavertechcanada.com\/fr\/produit\/debroussailleuse-vtt-a-fleau-pour-herbage-et-arbuste-debvttfl\/","url":"https:\/\/beavertechcanada.com\/fr\/produit\/debroussailleuse-vtt-a-fleau-pour-herbage-et-arbuste-debvttfl\/","name":"D\u00e9broussailleuse VTT \u00e0 fl\u00e9au pour herbage et arbuste DEBVTTFL | BeaverTech","isPartOf":{"@id":"https:\/\/beavertechcanada.com\/fr\/#website"},"primaryImageOfPage":{"@id":"https:\/\/beavertechcanada.com\/fr\/produit\/debroussailleuse-vtt-a-fleau-pour-herbage-et-arbuste-debvttfl\/#primaryimage"},"image":{"@id":"https:\/\/beavertechcanada.com\/fr\/produit\/debroussailleuse-vtt-a-fleau-pour-herbage-et-arbuste-debvttfl\/#primaryimage"},"thumbnailUrl":"https:\/\/beavertechcanada.com\/wp-content\/uploads\/2024\/10\/DEBVTT-FL-beavertech-3.jpg","datePublished":"2024-10-25T15:07:09+00:00","dateModified":"2026-01-30T19:47:20+00:00","breadcrumb":{"@id":"https:\/\/beavertechcanada.com\/fr\/produit\/debroussailleuse-vtt-a-fleau-pour-herbage-et-arbuste-debvttfl\/#breadcrumb"},"inLanguage":"fr-FR","potentialAction":[{"@type":"ReadAction","target":["https:\/\/beavertechcanada.com\/fr\/produit\/debroussailleuse-vtt-a-fleau-pour-herbage-et-arbuste-debvttfl\/"]}]},{"@type":"ImageObject","inLanguage":"fr-FR","@id":"https:\/\/beavertechcanada.com\/fr\/produit\/debroussailleuse-vtt-a-fleau-pour-herbage-et-arbuste-debvttfl\/#primaryimage","url":"https:\/\/beavertechcanada.com\/wp-content\/uploads\/2024\/10\/DEBVTT-FL-beavertech-3.jpg","contentUrl":"https:\/\/beavertechcanada.com\/wp-content\/uploads\/2024\/10\/DEBVTT-FL-beavertech-3.jpg","width":980,"height":735,"caption":"DEBVTT-FL-beavertech-3"},{"@type":"BreadcrumbList","@id":"https:\/\/beavertechcanada.com\/fr\/produit\/debroussailleuse-vtt-a-fleau-pour-herbage-et-arbuste-debvttfl\/#breadcrumb","itemListElement":[{"@type":"ListItem","position":1,"name":"Accueil","item":"https:\/\/beavertechcanada.com\/fr\/"},{"@type":"ListItem","position":2,"name":"Boutique","item":"https:\/\/beavertechcanada.com\/fr\/boutique\/"},{"@type":"ListItem","position":3,"name":"D\u00e9broussailleuse VTT \u00e0 fl\u00e9au pour herbage et arbuste DEBVTTFL"}]},{"@type":"WebSite","@id":"https:\/\/beavertechcanada.com\/fr\/#website","url":"https:\/\/beavertechcanada.com\/fr\/","name":"BeaverTech","description":"D\u00e9broussailleuses pour VTT, tracteurs, surfaceurs et excavatrices","potentialAction":[{"@type":"SearchAction","target":{"@type":"EntryPoint","urlTemplate":"https:\/\/beavertechcanada.com\/fr\/?s={search_term_string}"},"query-input":{"@type":"PropertyValueSpecification","valueRequired":true,"valueName":"search_term_string"}}],"inLanguage":"fr-FR"}]}},"_links":{"self":[{"href":"https:\/\/beavertechcanada.com\/fr\/wp-json\/wp\/v2\/product\/446","targetHints":{"allow":["GET"]}}],"collection":[{"href":"https:\/\/beavertechcanada.com\/fr\/wp-json\/wp\/v2\/product"}],"about":[{"href":"https:\/\/beavertechcanada.com\/fr\/wp-json\/wp\/v2\/types\/product"}],"wp:featuredmedia":[{"embeddable":true,"href":"https:\/\/beavertechcanada.com\/fr\/wp-json\/wp\/v2\/media\/451"}],"wp:attachment":[{"href":"https:\/\/beavertechcanada.com\/fr\/wp-json\/wp\/v2\/media?parent=446"}],"wp:term":[{"taxonomy":"product_brand","embeddable":true,"href":"https:\/\/beavertechcanada.com\/fr\/wp-json\/wp\/v2\/product_brand?post=446"},{"taxonomy":"product_cat","embeddable":true,"href":"https:\/\/beavertechcanada.com\/fr\/wp-json\/wp\/v2\/product_cat?post=446"},{"taxonomy":"product_tag","embeddable":true,"href":"https:\/\/beavertechcanada.com\/fr\/wp-json\/wp\/v2\/product_tag?post=446"}],"curies":[{"name":"wp","href":"https:\/\/api.w.org\/{rel}","templated":true}]}}