{"id":455,"date":"2024-10-25T11:21:13","date_gmt":"2024-10-25T15:21:13","guid":{"rendered":"https:\/\/beavertechcanada.com\/?post_type=product&#038;p=455"},"modified":"2026-01-30T14:46:56","modified_gmt":"2026-01-30T19:46:56","slug":"debrousailleuse-vtt-a-fleau-pour-herbage-et-arbuste-debfl36","status":"publish","type":"product","link":"https:\/\/beavertechcanada.com\/fr\/produit\/debrousailleuse-vtt-a-fleau-pour-herbage-et-arbuste-debfl36\/","title":{"rendered":"D\u00e9broussailleuse \u00e0 fl\u00e9au pour herbage et arbuste DEBFL36"},"content":{"rendered":"<p>Le rotor \u00e0 couteaux mobiles interchangeables actionn\u00e9 par moteur hydraulique, permet une coupe pr\u00e9cise jusqu&rsquo;\u00e0 des diam\u00e8tres de<strong> 1\/2 po<\/strong>. Construite avec la robustesse industrielle<strong> BeaverTech<\/strong>, le ch\u00e2ssis principal s&rsquo;adapte \u00e0 tous les types d&rsquo;attachement frontal en option. Son ch\u00e2ssis optionnel t\u00e9lescopique de <strong>24 po<\/strong> augmente la port\u00e9e de coupe au dessus des foss\u00e9s. L&rsquo;angle de la t\u00eate de coupe, offerte en version de <strong>36 ou 57 po de largeur<\/strong>, est mobile de <strong>-20 degr\u00e9s<\/strong> vers le bas jusqu&rsquo;\u00e0 <strong>90 degr\u00e9s<\/strong> par rapport au sol, ajoutant la versatilit\u00e9 \u00e0 la performance. Garantie <strong>BeaverTech<\/strong> 1 an sur les pi\u00e8ces et la fabrication.<\/p>\n","protected":false},"excerpt":{"rendered":"<p>Notre d\u00e9broussailleuse \u00e0 fl\u00e9aux \u00e0<strong> montage frontal<\/strong> est sp\u00e9cifiquement con\u00e7ue pour l&rsquo;entretien des bordures de sentiers bois\u00e9s, pistes cyclables et sentiers p\u00e9destres.<\/p>\n","protected":false},"featured_media":490,"template":"","meta":{"_et_pb_use_builder":"off","_et_pb_old_content":"Le rotor \u00e0 couteaux mobiles interchangeables actionn\u00e9 par moteur hydraulique, permet une coupe pr\u00e9cise jusqu'\u00e0 des diam\u00e8tres de<strong> 1\/2 po<\/strong>.\r\n\r\nConstruite avec la robustesse industrielle<strong> BeaverTech<\/strong>, le ch\u00e2ssis principal s'adapte \u00e0 tous les types d'attachement frontal en option.\r\n\r\nSon ch\u00e2ssis optionnel t\u00e9lescopique de <strong>24 po<\/strong> augmente la port\u00e9e de coupe au dessus des foss\u00e9s.\r\n\r\nL'angle de la t\u00eate de coupe, offerte en version de <strong>36 ou 57 po de largeur<\/strong>, est mobile de <strong>-20 degr\u00e9s<\/strong> vers le bas jusqu'\u00e0 <strong>90 degr\u00e9s<\/strong> par rapport au sol, ajoutant la versatilit\u00e9 \u00e0 la performance.\r\n\r\nGarantie <strong>BeaverTech<\/strong> 1 an sur les pi\u00e8ces et la fabrication.","_et_gb_content_width":""},"product_brand":[],"product_cat":[24,26,43,35],"product_tag":[],"class_list":{"0":"post-455","1":"product","2":"type-product","3":"status-publish","4":"has-post-thumbnail","6":"product_cat-debroussaillage","7":"product_cat-herbage-et-arbustes","8":"product_cat-tracteur","9":"product_cat-tracteur-loader-frontal","11":"first","12":"instock","13":"shipping-taxable","14":"purchasable","15":"product-type-simple"},"yoast_head":"<!-- This site is optimized with the Yoast SEO plugin v27.3 - https:\/\/yoast.com\/product\/yoast-seo-wordpress\/ -->\n<title>D\u00e9broussailleuse \u00e0 fl\u00e9au pour herbage et arbuste DEBFL36 | BeaverTech<\/title>\n<meta name=\"robots\" content=\"index, follow, max-snippet:-1, max-image-preview:large, max-video-preview:-1\" \/>\n<link rel=\"canonical\" href=\"https:\/\/beavertechcanada.com\/fr\/produit\/debrousailleuse-vtt-a-fleau-pour-herbage-et-arbuste-debfl36\/\" \/>\n<meta property=\"og:locale\" content=\"fr_FR\" \/>\n<meta property=\"og:type\" content=\"article\" \/>\n<meta property=\"og:title\" content=\"D\u00e9broussailleuse \u00e0 fl\u00e9au pour herbage et arbuste DEBFL36 | BeaverTech\" \/>\n<meta property=\"og:description\" content=\"Notre d\u00e9broussailleuse \u00e0 fl\u00e9aux \u00e0 montage frontal est sp\u00e9cifiquement con\u00e7ue pour l&#039;entretien des bordures de sentiers bois\u00e9s, pistes cyclables et sentiers p\u00e9destres.\" \/>\n<meta property=\"og:url\" content=\"https:\/\/beavertechcanada.com\/fr\/produit\/debrousailleuse-vtt-a-fleau-pour-herbage-et-arbuste-debfl36\/\" \/>\n<meta property=\"og:site_name\" content=\"BeaverTech\" \/>\n<meta property=\"article:publisher\" content=\"https:\/\/www.facebook.com\/debroussailleusebeavertech\" \/>\n<meta property=\"article:modified_time\" content=\"2026-01-30T19:46:56+00:00\" \/>\n<meta property=\"og:image\" content=\"https:\/\/beavertechcanada.com\/wp-content\/uploads\/2024\/10\/DEBHYD-FL-beavertech-4-1.jpg\" \/>\n\t<meta property=\"og:image:width\" content=\"980\" \/>\n\t<meta property=\"og:image:height\" content=\"735\" \/>\n\t<meta property=\"og:image:type\" content=\"image\/jpeg\" \/>\n<meta name=\"twitter:card\" content=\"summary_large_image\" \/>\n<meta name=\"twitter:label1\" content=\"Dur\u00e9e de lecture estim\u00e9e\" \/>\n\t<meta name=\"twitter:data1\" content=\"1 minute\" \/>\n<script type=\"application\/ld+json\" class=\"yoast-schema-graph\">{\"@context\":\"https:\\\/\\\/schema.org\",\"@graph\":[{\"@type\":\"WebPage\",\"@id\":\"https:\\\/\\\/beavertechcanada.com\\\/fr\\\/produit\\\/debrousailleuse-vtt-a-fleau-pour-herbage-et-arbuste-debfl36\\\/\",\"url\":\"https:\\\/\\\/beavertechcanada.com\\\/fr\\\/produit\\\/debrousailleuse-vtt-a-fleau-pour-herbage-et-arbuste-debfl36\\\/\",\"name\":\"D\u00e9broussailleuse \u00e0 fl\u00e9au pour herbage et arbuste DEBFL36 | BeaverTech\",\"isPartOf\":{\"@id\":\"https:\\\/\\\/beavertechcanada.com\\\/fr\\\/#website\"},\"primaryImageOfPage\":{\"@id\":\"https:\\\/\\\/beavertechcanada.com\\\/fr\\\/produit\\\/debrousailleuse-vtt-a-fleau-pour-herbage-et-arbuste-debfl36\\\/#primaryimage\"},\"image\":{\"@id\":\"https:\\\/\\\/beavertechcanada.com\\\/fr\\\/produit\\\/debrousailleuse-vtt-a-fleau-pour-herbage-et-arbuste-debfl36\\\/#primaryimage\"},\"thumbnailUrl\":\"https:\\\/\\\/beavertechcanada.com\\\/wp-content\\\/uploads\\\/2024\\\/10\\\/DEBHYD-FL-beavertech-4-1.jpg\",\"datePublished\":\"2024-10-25T15:21:13+00:00\",\"dateModified\":\"2026-01-30T19:46:56+00:00\",\"breadcrumb\":{\"@id\":\"https:\\\/\\\/beavertechcanada.com\\\/fr\\\/produit\\\/debrousailleuse-vtt-a-fleau-pour-herbage-et-arbuste-debfl36\\\/#breadcrumb\"},\"inLanguage\":\"fr-FR\",\"potentialAction\":[{\"@type\":\"ReadAction\",\"target\":[\"https:\\\/\\\/beavertechcanada.com\\\/fr\\\/produit\\\/debrousailleuse-vtt-a-fleau-pour-herbage-et-arbuste-debfl36\\\/\"]}]},{\"@type\":\"ImageObject\",\"inLanguage\":\"fr-FR\",\"@id\":\"https:\\\/\\\/beavertechcanada.com\\\/fr\\\/produit\\\/debrousailleuse-vtt-a-fleau-pour-herbage-et-arbuste-debfl36\\\/#primaryimage\",\"url\":\"https:\\\/\\\/beavertechcanada.com\\\/wp-content\\\/uploads\\\/2024\\\/10\\\/DEBHYD-FL-beavertech-4-1.jpg\",\"contentUrl\":\"https:\\\/\\\/beavertechcanada.com\\\/wp-content\\\/uploads\\\/2024\\\/10\\\/DEBHYD-FL-beavertech-4-1.jpg\",\"width\":980,\"height\":735,\"caption\":\"DEBHYD-FL-beavertech-4\"},{\"@type\":\"BreadcrumbList\",\"@id\":\"https:\\\/\\\/beavertechcanada.com\\\/fr\\\/produit\\\/debrousailleuse-vtt-a-fleau-pour-herbage-et-arbuste-debfl36\\\/#breadcrumb\",\"itemListElement\":[{\"@type\":\"ListItem\",\"position\":1,\"name\":\"Accueil\",\"item\":\"https:\\\/\\\/beavertechcanada.com\\\/fr\\\/\"},{\"@type\":\"ListItem\",\"position\":2,\"name\":\"Boutique\",\"item\":\"https:\\\/\\\/beavertechcanada.com\\\/fr\\\/boutique\\\/\"},{\"@type\":\"ListItem\",\"position\":3,\"name\":\"D\u00e9broussailleuse \u00e0 fl\u00e9au pour herbage et arbuste DEBFL36\"}]},{\"@type\":\"WebSite\",\"@id\":\"https:\\\/\\\/beavertechcanada.com\\\/fr\\\/#website\",\"url\":\"https:\\\/\\\/beavertechcanada.com\\\/fr\\\/\",\"name\":\"BeaverTech\",\"description\":\"D\u00e9broussailleuses pour VTT, tracteurs, surfaceurs et excavatrices\",\"potentialAction\":[{\"@type\":\"SearchAction\",\"target\":{\"@type\":\"EntryPoint\",\"urlTemplate\":\"https:\\\/\\\/beavertechcanada.com\\\/fr\\\/?s={search_term_string}\"},\"query-input\":{\"@type\":\"PropertyValueSpecification\",\"valueRequired\":true,\"valueName\":\"search_term_string\"}}],\"inLanguage\":\"fr-FR\"}]}<\/script>\n<!-- \/ Yoast SEO plugin. -->","yoast_head_json":{"title":"D\u00e9broussailleuse \u00e0 fl\u00e9au pour herbage et arbuste DEBFL36 | BeaverTech","robots":{"index":"index","follow":"follow","max-snippet":"max-snippet:-1","max-image-preview":"max-image-preview:large","max-video-preview":"max-video-preview:-1"},"canonical":"https:\/\/beavertechcanada.com\/fr\/produit\/debrousailleuse-vtt-a-fleau-pour-herbage-et-arbuste-debfl36\/","og_locale":"fr_FR","og_type":"article","og_title":"D\u00e9broussailleuse \u00e0 fl\u00e9au pour herbage et arbuste DEBFL36 | BeaverTech","og_description":"Notre d\u00e9broussailleuse \u00e0 fl\u00e9aux \u00e0 montage frontal est sp\u00e9cifiquement con\u00e7ue pour l'entretien des bordures de sentiers bois\u00e9s, pistes cyclables et sentiers p\u00e9destres.","og_url":"https:\/\/beavertechcanada.com\/fr\/produit\/debrousailleuse-vtt-a-fleau-pour-herbage-et-arbuste-debfl36\/","og_site_name":"BeaverTech","article_publisher":"https:\/\/www.facebook.com\/debroussailleusebeavertech","article_modified_time":"2026-01-30T19:46:56+00:00","og_image":[{"width":980,"height":735,"url":"https:\/\/beavertechcanada.com\/wp-content\/uploads\/2024\/10\/DEBHYD-FL-beavertech-4-1.jpg","type":"image\/jpeg"}],"twitter_card":"summary_large_image","twitter_misc":{"Dur\u00e9e de lecture estim\u00e9e":"1 minute"},"schema":{"@context":"https:\/\/schema.org","@graph":[{"@type":"WebPage","@id":"https:\/\/beavertechcanada.com\/fr\/produit\/debrousailleuse-vtt-a-fleau-pour-herbage-et-arbuste-debfl36\/","url":"https:\/\/beavertechcanada.com\/fr\/produit\/debrousailleuse-vtt-a-fleau-pour-herbage-et-arbuste-debfl36\/","name":"D\u00e9broussailleuse \u00e0 fl\u00e9au pour herbage et arbuste DEBFL36 | BeaverTech","isPartOf":{"@id":"https:\/\/beavertechcanada.com\/fr\/#website"},"primaryImageOfPage":{"@id":"https:\/\/beavertechcanada.com\/fr\/produit\/debrousailleuse-vtt-a-fleau-pour-herbage-et-arbuste-debfl36\/#primaryimage"},"image":{"@id":"https:\/\/beavertechcanada.com\/fr\/produit\/debrousailleuse-vtt-a-fleau-pour-herbage-et-arbuste-debfl36\/#primaryimage"},"thumbnailUrl":"https:\/\/beavertechcanada.com\/wp-content\/uploads\/2024\/10\/DEBHYD-FL-beavertech-4-1.jpg","datePublished":"2024-10-25T15:21:13+00:00","dateModified":"2026-01-30T19:46:56+00:00","breadcrumb":{"@id":"https:\/\/beavertechcanada.com\/fr\/produit\/debrousailleuse-vtt-a-fleau-pour-herbage-et-arbuste-debfl36\/#breadcrumb"},"inLanguage":"fr-FR","potentialAction":[{"@type":"ReadAction","target":["https:\/\/beavertechcanada.com\/fr\/produit\/debrousailleuse-vtt-a-fleau-pour-herbage-et-arbuste-debfl36\/"]}]},{"@type":"ImageObject","inLanguage":"fr-FR","@id":"https:\/\/beavertechcanada.com\/fr\/produit\/debrousailleuse-vtt-a-fleau-pour-herbage-et-arbuste-debfl36\/#primaryimage","url":"https:\/\/beavertechcanada.com\/wp-content\/uploads\/2024\/10\/DEBHYD-FL-beavertech-4-1.jpg","contentUrl":"https:\/\/beavertechcanada.com\/wp-content\/uploads\/2024\/10\/DEBHYD-FL-beavertech-4-1.jpg","width":980,"height":735,"caption":"DEBHYD-FL-beavertech-4"},{"@type":"BreadcrumbList","@id":"https:\/\/beavertechcanada.com\/fr\/produit\/debrousailleuse-vtt-a-fleau-pour-herbage-et-arbuste-debfl36\/#breadcrumb","itemListElement":[{"@type":"ListItem","position":1,"name":"Accueil","item":"https:\/\/beavertechcanada.com\/fr\/"},{"@type":"ListItem","position":2,"name":"Boutique","item":"https:\/\/beavertechcanada.com\/fr\/boutique\/"},{"@type":"ListItem","position":3,"name":"D\u00e9broussailleuse \u00e0 fl\u00e9au pour herbage et arbuste DEBFL36"}]},{"@type":"WebSite","@id":"https:\/\/beavertechcanada.com\/fr\/#website","url":"https:\/\/beavertechcanada.com\/fr\/","name":"BeaverTech","description":"D\u00e9broussailleuses pour VTT, tracteurs, surfaceurs et excavatrices","potentialAction":[{"@type":"SearchAction","target":{"@type":"EntryPoint","urlTemplate":"https:\/\/beavertechcanada.com\/fr\/?s={search_term_string}"},"query-input":{"@type":"PropertyValueSpecification","valueRequired":true,"valueName":"search_term_string"}}],"inLanguage":"fr-FR"}]}},"_links":{"self":[{"href":"https:\/\/beavertechcanada.com\/fr\/wp-json\/wp\/v2\/product\/455","targetHints":{"allow":["GET"]}}],"collection":[{"href":"https:\/\/beavertechcanada.com\/fr\/wp-json\/wp\/v2\/product"}],"about":[{"href":"https:\/\/beavertechcanada.com\/fr\/wp-json\/wp\/v2\/types\/product"}],"wp:featuredmedia":[{"embeddable":true,"href":"https:\/\/beavertechcanada.com\/fr\/wp-json\/wp\/v2\/media\/490"}],"wp:attachment":[{"href":"https:\/\/beavertechcanada.com\/fr\/wp-json\/wp\/v2\/media?parent=455"}],"wp:term":[{"taxonomy":"product_brand","embeddable":true,"href":"https:\/\/beavertechcanada.com\/fr\/wp-json\/wp\/v2\/product_brand?post=455"},{"taxonomy":"product_cat","embeddable":true,"href":"https:\/\/beavertechcanada.com\/fr\/wp-json\/wp\/v2\/product_cat?post=455"},{"taxonomy":"product_tag","embeddable":true,"href":"https:\/\/beavertechcanada.com\/fr\/wp-json\/wp\/v2\/product_tag?post=455"}],"curies":[{"name":"wp","href":"https:\/\/api.w.org\/{rel}","templated":true}]}}