{"id":456,"date":"2024-10-25T11:25:25","date_gmt":"2024-10-25T15:25:25","guid":{"rendered":"https:\/\/beavertechcanada.com\/?post_type=product&#038;p=456"},"modified":"2026-01-30T14:46:35","modified_gmt":"2026-01-30T19:46:35","slug":"debrousailleuse-sur-pto-debpto36l","status":"publish","type":"product","link":"https:\/\/beavertechcanada.com\/fr\/produit\/debrousailleuse-sur-pto-debpto36l\/","title":{"rendered":"D\u00e9broussailleuse sur PTO DEBPTO36L"},"content":{"rendered":"<p>Offert en version unique de <strong>36\u00a0pouces<\/strong> de largeur de coupe, la t\u00eate d\u00e9port\u00e9e vers la droite d&rsquo;un angle de <strong>-10 degr\u00e9s \u00e0 45 degr\u00e9s<\/strong> permet des coupes de troncs de <strong>4po<\/strong> sans effort.<\/p>\n<p>Son rotor industriel de<strong> 6 lames<\/strong> est actionn\u00e9 par prise de force, courroies et bo\u00eetier de transfert. Lames\u00a0 r\u00e9aff\u00fbtables en place sans d\u00e9montage, pour plus de <strong>150 heures<\/strong> d&rsquo;op\u00e9ration.<\/p>\n<p>\u00c9quip\u00e9e d&rsquo;une garantie limit\u00e9e de 1 an <strong>BeaverTech<\/strong> sur les pi\u00e8ces et la fabrication, la <strong>DEBPTO36<\/strong> brille dans son cr\u00e9neau qui lui est propre.<\/p>\n","protected":false},"excerpt":{"rendered":"<p>Le mod\u00e8le DEBPTO36 de <strong>BeaverTech<\/strong> permet un rapport puissance\/performance in\u00e9gal\u00e9 m\u00eame sur des tracteurs compacts de faible puissance.<\/p>\n","protected":false},"featured_media":459,"template":"","meta":{"_et_pb_use_builder":"","_et_pb_old_content":"","_et_gb_content_width":""},"product_brand":[],"product_cat":[24,37],"product_tag":[],"class_list":{"0":"post-456","1":"product","2":"type-product","3":"status-publish","4":"has-post-thumbnail","6":"product_cat-debroussaillage","7":"product_cat-pto","9":"first","10":"instock","11":"shipping-taxable","12":"purchasable","13":"product-type-simple"},"yoast_head":"<!-- This site is optimized with the Yoast SEO plugin v27.4 - https:\/\/yoast.com\/product\/yoast-seo-wordpress\/ -->\n<title>D\u00e9broussailleuse sur PTO DEBPTO36L | BeaverTech<\/title>\n<meta name=\"robots\" content=\"index, follow, max-snippet:-1, max-image-preview:large, max-video-preview:-1\" \/>\n<link rel=\"canonical\" href=\"https:\/\/beavertechcanada.com\/fr\/produit\/debrousailleuse-sur-pto-debpto36l\/\" \/>\n<meta property=\"og:locale\" content=\"fr_FR\" \/>\n<meta property=\"og:type\" content=\"article\" \/>\n<meta property=\"og:title\" content=\"D\u00e9broussailleuse sur PTO DEBPTO36L | BeaverTech\" \/>\n<meta property=\"og:description\" content=\"Le mod\u00e8le DEBPTO36 de BeaverTech permet un rapport puissance\/performance in\u00e9gal\u00e9 m\u00eame sur des tracteurs compacts de faible puissance.\" \/>\n<meta property=\"og:url\" content=\"https:\/\/beavertechcanada.com\/fr\/produit\/debrousailleuse-sur-pto-debpto36l\/\" \/>\n<meta property=\"og:site_name\" content=\"BeaverTech\" \/>\n<meta property=\"article:publisher\" content=\"https:\/\/www.facebook.com\/debroussailleusebeavertech\" \/>\n<meta property=\"article:modified_time\" content=\"2026-01-30T19:46:35+00:00\" \/>\n<meta property=\"og:image\" content=\"https:\/\/beavertechcanada.com\/wp-content\/uploads\/2024\/10\/DEBPTO-36-beavertech-2.jpg\" \/>\n\t<meta property=\"og:image:width\" content=\"980\" \/>\n\t<meta property=\"og:image:height\" content=\"735\" \/>\n\t<meta property=\"og:image:type\" content=\"image\/jpeg\" \/>\n<meta name=\"twitter:card\" content=\"summary_large_image\" \/>\n<meta name=\"twitter:label1\" content=\"Dur\u00e9e de lecture estim\u00e9e\" \/>\n\t<meta name=\"twitter:data1\" content=\"1 minute\" \/>\n<script type=\"application\/ld+json\" class=\"yoast-schema-graph\">{\"@context\":\"https:\\\/\\\/schema.org\",\"@graph\":[{\"@type\":\"WebPage\",\"@id\":\"https:\\\/\\\/beavertechcanada.com\\\/fr\\\/produit\\\/debrousailleuse-sur-pto-debpto36l\\\/\",\"url\":\"https:\\\/\\\/beavertechcanada.com\\\/fr\\\/produit\\\/debrousailleuse-sur-pto-debpto36l\\\/\",\"name\":\"D\u00e9broussailleuse sur PTO DEBPTO36L | BeaverTech\",\"isPartOf\":{\"@id\":\"https:\\\/\\\/beavertechcanada.com\\\/fr\\\/#website\"},\"primaryImageOfPage\":{\"@id\":\"https:\\\/\\\/beavertechcanada.com\\\/fr\\\/produit\\\/debrousailleuse-sur-pto-debpto36l\\\/#primaryimage\"},\"image\":{\"@id\":\"https:\\\/\\\/beavertechcanada.com\\\/fr\\\/produit\\\/debrousailleuse-sur-pto-debpto36l\\\/#primaryimage\"},\"thumbnailUrl\":\"https:\\\/\\\/beavertechcanada.com\\\/wp-content\\\/uploads\\\/2024\\\/10\\\/DEBPTO-36-beavertech-2.jpg\",\"datePublished\":\"2024-10-25T15:25:25+00:00\",\"dateModified\":\"2026-01-30T19:46:35+00:00\",\"breadcrumb\":{\"@id\":\"https:\\\/\\\/beavertechcanada.com\\\/fr\\\/produit\\\/debrousailleuse-sur-pto-debpto36l\\\/#breadcrumb\"},\"inLanguage\":\"fr-FR\",\"potentialAction\":[{\"@type\":\"ReadAction\",\"target\":[\"https:\\\/\\\/beavertechcanada.com\\\/fr\\\/produit\\\/debrousailleuse-sur-pto-debpto36l\\\/\"]}]},{\"@type\":\"ImageObject\",\"inLanguage\":\"fr-FR\",\"@id\":\"https:\\\/\\\/beavertechcanada.com\\\/fr\\\/produit\\\/debrousailleuse-sur-pto-debpto36l\\\/#primaryimage\",\"url\":\"https:\\\/\\\/beavertechcanada.com\\\/wp-content\\\/uploads\\\/2024\\\/10\\\/DEBPTO-36-beavertech-2.jpg\",\"contentUrl\":\"https:\\\/\\\/beavertechcanada.com\\\/wp-content\\\/uploads\\\/2024\\\/10\\\/DEBPTO-36-beavertech-2.jpg\",\"width\":980,\"height\":735,\"caption\":\"DEBPTO-36-beavertech-2\"},{\"@type\":\"BreadcrumbList\",\"@id\":\"https:\\\/\\\/beavertechcanada.com\\\/fr\\\/produit\\\/debrousailleuse-sur-pto-debpto36l\\\/#breadcrumb\",\"itemListElement\":[{\"@type\":\"ListItem\",\"position\":1,\"name\":\"Accueil\",\"item\":\"https:\\\/\\\/beavertechcanada.com\\\/fr\\\/\"},{\"@type\":\"ListItem\",\"position\":2,\"name\":\"Boutique\",\"item\":\"https:\\\/\\\/beavertechcanada.com\\\/fr\\\/boutique\\\/\"},{\"@type\":\"ListItem\",\"position\":3,\"name\":\"D\u00e9broussailleuse sur PTO DEBPTO36L\"}]},{\"@type\":\"WebSite\",\"@id\":\"https:\\\/\\\/beavertechcanada.com\\\/fr\\\/#website\",\"url\":\"https:\\\/\\\/beavertechcanada.com\\\/fr\\\/\",\"name\":\"BeaverTech\",\"description\":\"D\u00e9broussailleuses pour VTT, tracteurs, surfaceurs et excavatrices\",\"potentialAction\":[{\"@type\":\"SearchAction\",\"target\":{\"@type\":\"EntryPoint\",\"urlTemplate\":\"https:\\\/\\\/beavertechcanada.com\\\/fr\\\/?s={search_term_string}\"},\"query-input\":{\"@type\":\"PropertyValueSpecification\",\"valueRequired\":true,\"valueName\":\"search_term_string\"}}],\"inLanguage\":\"fr-FR\"}]}<\/script>\n<!-- \/ Yoast SEO plugin. -->","yoast_head_json":{"title":"D\u00e9broussailleuse sur PTO DEBPTO36L | BeaverTech","robots":{"index":"index","follow":"follow","max-snippet":"max-snippet:-1","max-image-preview":"max-image-preview:large","max-video-preview":"max-video-preview:-1"},"canonical":"https:\/\/beavertechcanada.com\/fr\/produit\/debrousailleuse-sur-pto-debpto36l\/","og_locale":"fr_FR","og_type":"article","og_title":"D\u00e9broussailleuse sur PTO DEBPTO36L | BeaverTech","og_description":"Le mod\u00e8le DEBPTO36 de BeaverTech permet un rapport puissance\/performance in\u00e9gal\u00e9 m\u00eame sur des tracteurs compacts de faible puissance.","og_url":"https:\/\/beavertechcanada.com\/fr\/produit\/debrousailleuse-sur-pto-debpto36l\/","og_site_name":"BeaverTech","article_publisher":"https:\/\/www.facebook.com\/debroussailleusebeavertech","article_modified_time":"2026-01-30T19:46:35+00:00","og_image":[{"width":980,"height":735,"url":"https:\/\/beavertechcanada.com\/wp-content\/uploads\/2024\/10\/DEBPTO-36-beavertech-2.jpg","type":"image\/jpeg"}],"twitter_card":"summary_large_image","twitter_misc":{"Dur\u00e9e de lecture estim\u00e9e":"1 minute"},"schema":{"@context":"https:\/\/schema.org","@graph":[{"@type":"WebPage","@id":"https:\/\/beavertechcanada.com\/fr\/produit\/debrousailleuse-sur-pto-debpto36l\/","url":"https:\/\/beavertechcanada.com\/fr\/produit\/debrousailleuse-sur-pto-debpto36l\/","name":"D\u00e9broussailleuse sur PTO DEBPTO36L | BeaverTech","isPartOf":{"@id":"https:\/\/beavertechcanada.com\/fr\/#website"},"primaryImageOfPage":{"@id":"https:\/\/beavertechcanada.com\/fr\/produit\/debrousailleuse-sur-pto-debpto36l\/#primaryimage"},"image":{"@id":"https:\/\/beavertechcanada.com\/fr\/produit\/debrousailleuse-sur-pto-debpto36l\/#primaryimage"},"thumbnailUrl":"https:\/\/beavertechcanada.com\/wp-content\/uploads\/2024\/10\/DEBPTO-36-beavertech-2.jpg","datePublished":"2024-10-25T15:25:25+00:00","dateModified":"2026-01-30T19:46:35+00:00","breadcrumb":{"@id":"https:\/\/beavertechcanada.com\/fr\/produit\/debrousailleuse-sur-pto-debpto36l\/#breadcrumb"},"inLanguage":"fr-FR","potentialAction":[{"@type":"ReadAction","target":["https:\/\/beavertechcanada.com\/fr\/produit\/debrousailleuse-sur-pto-debpto36l\/"]}]},{"@type":"ImageObject","inLanguage":"fr-FR","@id":"https:\/\/beavertechcanada.com\/fr\/produit\/debrousailleuse-sur-pto-debpto36l\/#primaryimage","url":"https:\/\/beavertechcanada.com\/wp-content\/uploads\/2024\/10\/DEBPTO-36-beavertech-2.jpg","contentUrl":"https:\/\/beavertechcanada.com\/wp-content\/uploads\/2024\/10\/DEBPTO-36-beavertech-2.jpg","width":980,"height":735,"caption":"DEBPTO-36-beavertech-2"},{"@type":"BreadcrumbList","@id":"https:\/\/beavertechcanada.com\/fr\/produit\/debrousailleuse-sur-pto-debpto36l\/#breadcrumb","itemListElement":[{"@type":"ListItem","position":1,"name":"Accueil","item":"https:\/\/beavertechcanada.com\/fr\/"},{"@type":"ListItem","position":2,"name":"Boutique","item":"https:\/\/beavertechcanada.com\/fr\/boutique\/"},{"@type":"ListItem","position":3,"name":"D\u00e9broussailleuse sur PTO DEBPTO36L"}]},{"@type":"WebSite","@id":"https:\/\/beavertechcanada.com\/fr\/#website","url":"https:\/\/beavertechcanada.com\/fr\/","name":"BeaverTech","description":"D\u00e9broussailleuses pour VTT, tracteurs, surfaceurs et excavatrices","potentialAction":[{"@type":"SearchAction","target":{"@type":"EntryPoint","urlTemplate":"https:\/\/beavertechcanada.com\/fr\/?s={search_term_string}"},"query-input":{"@type":"PropertyValueSpecification","valueRequired":true,"valueName":"search_term_string"}}],"inLanguage":"fr-FR"}]}},"_links":{"self":[{"href":"https:\/\/beavertechcanada.com\/fr\/wp-json\/wp\/v2\/product\/456","targetHints":{"allow":["GET"]}}],"collection":[{"href":"https:\/\/beavertechcanada.com\/fr\/wp-json\/wp\/v2\/product"}],"about":[{"href":"https:\/\/beavertechcanada.com\/fr\/wp-json\/wp\/v2\/types\/product"}],"wp:featuredmedia":[{"embeddable":true,"href":"https:\/\/beavertechcanada.com\/fr\/wp-json\/wp\/v2\/media\/459"}],"wp:attachment":[{"href":"https:\/\/beavertechcanada.com\/fr\/wp-json\/wp\/v2\/media?parent=456"}],"wp:term":[{"taxonomy":"product_brand","embeddable":true,"href":"https:\/\/beavertechcanada.com\/fr\/wp-json\/wp\/v2\/product_brand?post=456"},{"taxonomy":"product_cat","embeddable":true,"href":"https:\/\/beavertechcanada.com\/fr\/wp-json\/wp\/v2\/product_cat?post=456"},{"taxonomy":"product_tag","embeddable":true,"href":"https:\/\/beavertechcanada.com\/fr\/wp-json\/wp\/v2\/product_tag?post=456"}],"curies":[{"name":"wp","href":"https:\/\/api.w.org\/{rel}","templated":true}]}}