{"id":465,"date":"2024-10-25T11:48:56","date_gmt":"2024-10-25T15:48:56","guid":{"rendered":"https:\/\/beavertechcanada.com\/?post_type=product&#038;p=465"},"modified":"2024-10-28T09:04:40","modified_gmt":"2024-10-28T13:04:40","slug":"debroussailleuse-frontale-autonome-pour-tracteur-et-loader-debaut36-debaut72","status":"publish","type":"product","link":"https:\/\/beavertechcanada.com\/fr\/produit\/debroussailleuse-frontale-autonome-pour-tracteur-et-loader-debaut36-debaut72\/","title":{"rendered":"D\u00e9broussailleuse frontale autonome pour tracteur et loader DEBAUT36 \/ DEBAUT72"},"content":{"rendered":"<p>La <strong>DEBAUT36<\/strong> est propuls\u00e9e par un moteur \u00e0 essence <strong>GX630 de 20 CV<\/strong> Honda, version <strong>36 po<\/strong> de largeur.<\/p>\n<p>La <strong>DEBAUT72<\/strong> est propuls\u00e9 par un puissant moteur<strong> 720cc de 27 CV<\/strong> par Kohler dans la version pleine largeur de<strong> 72 po<\/strong>.<\/p>\n<p>La t\u00eate de coupe est mont\u00e9e avec un rotor \u00e0 <strong>6 lames industrielles<\/strong> actionn\u00e9es par courroies et boitier de transfert.<\/p>\n<p>Son ch\u00e2ssis de montage robuste peut accueillir tous les types <strong>d&rsquo;attachements agricoles et industriels<\/strong> offerts en option.<\/p>\n<p>L&rsquo;angle de coupe r\u00e9glable de <strong>-20 degr\u00e9s<\/strong> vers le bas et jusqu&rsquo;\u00e0 <strong>90 degr\u00e9s<\/strong> par rapport au sol permet le d\u00e9gagement de sentiers de quads et de motoneiges avec versatilit\u00e9.<\/p>\n<p>Son ch\u00e2ssis optionnel t\u00e9lescopique de <strong>24 po<\/strong> augmente la port\u00e9e de coupe jusqu&rsquo;\u00e0 <strong>8 pieds.<\/strong><\/p>\n<p>Une <strong>t\u00e9l\u00e9commande<\/strong> robuste et de premi\u00e8re qualit\u00e9 offre le d\u00e9marrage et l&rsquo;arr\u00eat du moteur de s\u00e9rie. Le d\u00e9placement de la t\u00eate de coupe totalement autonome est offert en option.<\/p>\n<p>Les lames sont <strong>r\u00e9aff\u00fbtables en place<\/strong> directement sur le rotor pour une dur\u00e9e de vie de plus de <strong>150 heures<\/strong>, avec l&rsquo;<strong>outil d&rsquo;aff\u00fbtage fourni<\/strong>.<\/p>\n<p>Garantie Honda et Kohler de <strong>2 ans<\/strong> sur la motorisation, garantie <strong>1 an BeaverTech<\/strong> sur les pi\u00e8ces et la fabrication.<\/p>\n","protected":false},"excerpt":{"rendered":"<p>Si l&rsquo;absence d&rsquo;un syst\u00e8me hydraulique suffisamment performant pose probl\u00e8me sur votre \u00e9quipement, la s\u00e9rie <strong>DEBAUT<\/strong> de <strong>BeaverTech<\/strong> est LA solution et permet une utilisation totalement <strong>autonome<\/strong> par commande sans fil.<\/p>\n","protected":false},"featured_media":472,"template":"","meta":{"_et_pb_use_builder":"","_et_pb_old_content":"","_et_gb_content_width":""},"product_brand":[],"product_cat":[24,35],"product_tag":[],"class_list":{"0":"post-465","1":"product","2":"type-product","3":"status-publish","4":"has-post-thumbnail","6":"product_cat-debroussaillage","7":"product_cat-tracteur-loader-frontal","9":"first","10":"instock","11":"shipping-taxable","12":"purchasable","13":"product-type-simple"},"yoast_head":"<!-- This site is optimized with the Yoast SEO plugin v27.4 - https:\/\/yoast.com\/product\/yoast-seo-wordpress\/ -->\n<title>D\u00e9broussailleuse frontale autonome pour tracteur et loader DEBAUT36 \/ DEBAUT72 | BeaverTech<\/title>\n<meta name=\"robots\" content=\"index, follow, max-snippet:-1, max-image-preview:large, max-video-preview:-1\" \/>\n<link rel=\"canonical\" href=\"https:\/\/beavertechcanada.com\/fr\/produit\/debroussailleuse-frontale-autonome-pour-tracteur-et-loader-debaut36-debaut72\/\" \/>\n<meta property=\"og:locale\" content=\"fr_FR\" \/>\n<meta property=\"og:type\" content=\"article\" \/>\n<meta property=\"og:title\" content=\"D\u00e9broussailleuse frontale autonome pour tracteur et loader DEBAUT36 \/ DEBAUT72 | BeaverTech\" \/>\n<meta property=\"og:description\" content=\"Si l&#039;absence d&#039;un syst\u00e8me hydraulique suffisamment performant pose probl\u00e8me sur votre \u00e9quipement, la s\u00e9rie DEBAUT de BeaverTech est LA solution et permet une utilisation totalement autonome par commande sans fil.\" \/>\n<meta property=\"og:url\" content=\"https:\/\/beavertechcanada.com\/fr\/produit\/debroussailleuse-frontale-autonome-pour-tracteur-et-loader-debaut36-debaut72\/\" \/>\n<meta property=\"og:site_name\" content=\"BeaverTech\" \/>\n<meta property=\"article:publisher\" content=\"https:\/\/www.facebook.com\/debroussailleusebeavertech\" \/>\n<meta property=\"article:modified_time\" content=\"2024-10-28T13:04:40+00:00\" \/>\n<meta property=\"og:image\" content=\"https:\/\/beavertechcanada.com\/wp-content\/uploads\/2024\/10\/DEBAUT-72-et-36-beavertech-3.jpg\" \/>\n\t<meta property=\"og:image:width\" content=\"980\" \/>\n\t<meta property=\"og:image:height\" content=\"735\" \/>\n\t<meta property=\"og:image:type\" content=\"image\/jpeg\" \/>\n<meta name=\"twitter:card\" content=\"summary_large_image\" \/>\n<meta name=\"twitter:label1\" content=\"Dur\u00e9e de lecture estim\u00e9e\" \/>\n\t<meta name=\"twitter:data1\" content=\"2 minutes\" \/>\n<script type=\"application\/ld+json\" class=\"yoast-schema-graph\">{\"@context\":\"https:\\\/\\\/schema.org\",\"@graph\":[{\"@type\":\"WebPage\",\"@id\":\"https:\\\/\\\/beavertechcanada.com\\\/fr\\\/produit\\\/debroussailleuse-frontale-autonome-pour-tracteur-et-loader-debaut36-debaut72\\\/\",\"url\":\"https:\\\/\\\/beavertechcanada.com\\\/fr\\\/produit\\\/debroussailleuse-frontale-autonome-pour-tracteur-et-loader-debaut36-debaut72\\\/\",\"name\":\"D\u00e9broussailleuse frontale autonome pour tracteur et loader DEBAUT36 \\\/ DEBAUT72 | BeaverTech\",\"isPartOf\":{\"@id\":\"https:\\\/\\\/beavertechcanada.com\\\/fr\\\/#website\"},\"primaryImageOfPage\":{\"@id\":\"https:\\\/\\\/beavertechcanada.com\\\/fr\\\/produit\\\/debroussailleuse-frontale-autonome-pour-tracteur-et-loader-debaut36-debaut72\\\/#primaryimage\"},\"image\":{\"@id\":\"https:\\\/\\\/beavertechcanada.com\\\/fr\\\/produit\\\/debroussailleuse-frontale-autonome-pour-tracteur-et-loader-debaut36-debaut72\\\/#primaryimage\"},\"thumbnailUrl\":\"https:\\\/\\\/beavertechcanada.com\\\/wp-content\\\/uploads\\\/2024\\\/10\\\/DEBAUT-72-et-36-beavertech-3.jpg\",\"datePublished\":\"2024-10-25T15:48:56+00:00\",\"dateModified\":\"2024-10-28T13:04:40+00:00\",\"breadcrumb\":{\"@id\":\"https:\\\/\\\/beavertechcanada.com\\\/fr\\\/produit\\\/debroussailleuse-frontale-autonome-pour-tracteur-et-loader-debaut36-debaut72\\\/#breadcrumb\"},\"inLanguage\":\"fr-FR\",\"potentialAction\":[{\"@type\":\"ReadAction\",\"target\":[\"https:\\\/\\\/beavertechcanada.com\\\/fr\\\/produit\\\/debroussailleuse-frontale-autonome-pour-tracteur-et-loader-debaut36-debaut72\\\/\"]}]},{\"@type\":\"ImageObject\",\"inLanguage\":\"fr-FR\",\"@id\":\"https:\\\/\\\/beavertechcanada.com\\\/fr\\\/produit\\\/debroussailleuse-frontale-autonome-pour-tracteur-et-loader-debaut36-debaut72\\\/#primaryimage\",\"url\":\"https:\\\/\\\/beavertechcanada.com\\\/wp-content\\\/uploads\\\/2024\\\/10\\\/DEBAUT-72-et-36-beavertech-3.jpg\",\"contentUrl\":\"https:\\\/\\\/beavertechcanada.com\\\/wp-content\\\/uploads\\\/2024\\\/10\\\/DEBAUT-72-et-36-beavertech-3.jpg\",\"width\":980,\"height\":735,\"caption\":\"DEBAUT-72-et-36-beavertech-3\"},{\"@type\":\"BreadcrumbList\",\"@id\":\"https:\\\/\\\/beavertechcanada.com\\\/fr\\\/produit\\\/debroussailleuse-frontale-autonome-pour-tracteur-et-loader-debaut36-debaut72\\\/#breadcrumb\",\"itemListElement\":[{\"@type\":\"ListItem\",\"position\":1,\"name\":\"Accueil\",\"item\":\"https:\\\/\\\/beavertechcanada.com\\\/fr\\\/\"},{\"@type\":\"ListItem\",\"position\":2,\"name\":\"Boutique\",\"item\":\"https:\\\/\\\/beavertechcanada.com\\\/fr\\\/boutique\\\/\"},{\"@type\":\"ListItem\",\"position\":3,\"name\":\"D\u00e9broussailleuse frontale autonome pour tracteur et loader DEBAUT36 \\\/ DEBAUT72\"}]},{\"@type\":\"WebSite\",\"@id\":\"https:\\\/\\\/beavertechcanada.com\\\/fr\\\/#website\",\"url\":\"https:\\\/\\\/beavertechcanada.com\\\/fr\\\/\",\"name\":\"BeaverTech\",\"description\":\"D\u00e9broussailleuses pour VTT, tracteurs, surfaceurs et excavatrices\",\"potentialAction\":[{\"@type\":\"SearchAction\",\"target\":{\"@type\":\"EntryPoint\",\"urlTemplate\":\"https:\\\/\\\/beavertechcanada.com\\\/fr\\\/?s={search_term_string}\"},\"query-input\":{\"@type\":\"PropertyValueSpecification\",\"valueRequired\":true,\"valueName\":\"search_term_string\"}}],\"inLanguage\":\"fr-FR\"}]}<\/script>\n<!-- \/ Yoast SEO plugin. -->","yoast_head_json":{"title":"D\u00e9broussailleuse frontale autonome pour tracteur et loader DEBAUT36 \/ DEBAUT72 | BeaverTech","robots":{"index":"index","follow":"follow","max-snippet":"max-snippet:-1","max-image-preview":"max-image-preview:large","max-video-preview":"max-video-preview:-1"},"canonical":"https:\/\/beavertechcanada.com\/fr\/produit\/debroussailleuse-frontale-autonome-pour-tracteur-et-loader-debaut36-debaut72\/","og_locale":"fr_FR","og_type":"article","og_title":"D\u00e9broussailleuse frontale autonome pour tracteur et loader DEBAUT36 \/ DEBAUT72 | BeaverTech","og_description":"Si l'absence d'un syst\u00e8me hydraulique suffisamment performant pose probl\u00e8me sur votre \u00e9quipement, la s\u00e9rie DEBAUT de BeaverTech est LA solution et permet une utilisation totalement autonome par commande sans fil.","og_url":"https:\/\/beavertechcanada.com\/fr\/produit\/debroussailleuse-frontale-autonome-pour-tracteur-et-loader-debaut36-debaut72\/","og_site_name":"BeaverTech","article_publisher":"https:\/\/www.facebook.com\/debroussailleusebeavertech","article_modified_time":"2024-10-28T13:04:40+00:00","og_image":[{"width":980,"height":735,"url":"https:\/\/beavertechcanada.com\/wp-content\/uploads\/2024\/10\/DEBAUT-72-et-36-beavertech-3.jpg","type":"image\/jpeg"}],"twitter_card":"summary_large_image","twitter_misc":{"Dur\u00e9e de lecture estim\u00e9e":"2 minutes"},"schema":{"@context":"https:\/\/schema.org","@graph":[{"@type":"WebPage","@id":"https:\/\/beavertechcanada.com\/fr\/produit\/debroussailleuse-frontale-autonome-pour-tracteur-et-loader-debaut36-debaut72\/","url":"https:\/\/beavertechcanada.com\/fr\/produit\/debroussailleuse-frontale-autonome-pour-tracteur-et-loader-debaut36-debaut72\/","name":"D\u00e9broussailleuse frontale autonome pour tracteur et loader DEBAUT36 \/ DEBAUT72 | BeaverTech","isPartOf":{"@id":"https:\/\/beavertechcanada.com\/fr\/#website"},"primaryImageOfPage":{"@id":"https:\/\/beavertechcanada.com\/fr\/produit\/debroussailleuse-frontale-autonome-pour-tracteur-et-loader-debaut36-debaut72\/#primaryimage"},"image":{"@id":"https:\/\/beavertechcanada.com\/fr\/produit\/debroussailleuse-frontale-autonome-pour-tracteur-et-loader-debaut36-debaut72\/#primaryimage"},"thumbnailUrl":"https:\/\/beavertechcanada.com\/wp-content\/uploads\/2024\/10\/DEBAUT-72-et-36-beavertech-3.jpg","datePublished":"2024-10-25T15:48:56+00:00","dateModified":"2024-10-28T13:04:40+00:00","breadcrumb":{"@id":"https:\/\/beavertechcanada.com\/fr\/produit\/debroussailleuse-frontale-autonome-pour-tracteur-et-loader-debaut36-debaut72\/#breadcrumb"},"inLanguage":"fr-FR","potentialAction":[{"@type":"ReadAction","target":["https:\/\/beavertechcanada.com\/fr\/produit\/debroussailleuse-frontale-autonome-pour-tracteur-et-loader-debaut36-debaut72\/"]}]},{"@type":"ImageObject","inLanguage":"fr-FR","@id":"https:\/\/beavertechcanada.com\/fr\/produit\/debroussailleuse-frontale-autonome-pour-tracteur-et-loader-debaut36-debaut72\/#primaryimage","url":"https:\/\/beavertechcanada.com\/wp-content\/uploads\/2024\/10\/DEBAUT-72-et-36-beavertech-3.jpg","contentUrl":"https:\/\/beavertechcanada.com\/wp-content\/uploads\/2024\/10\/DEBAUT-72-et-36-beavertech-3.jpg","width":980,"height":735,"caption":"DEBAUT-72-et-36-beavertech-3"},{"@type":"BreadcrumbList","@id":"https:\/\/beavertechcanada.com\/fr\/produit\/debroussailleuse-frontale-autonome-pour-tracteur-et-loader-debaut36-debaut72\/#breadcrumb","itemListElement":[{"@type":"ListItem","position":1,"name":"Accueil","item":"https:\/\/beavertechcanada.com\/fr\/"},{"@type":"ListItem","position":2,"name":"Boutique","item":"https:\/\/beavertechcanada.com\/fr\/boutique\/"},{"@type":"ListItem","position":3,"name":"D\u00e9broussailleuse frontale autonome pour tracteur et loader DEBAUT36 \/ DEBAUT72"}]},{"@type":"WebSite","@id":"https:\/\/beavertechcanada.com\/fr\/#website","url":"https:\/\/beavertechcanada.com\/fr\/","name":"BeaverTech","description":"D\u00e9broussailleuses pour VTT, tracteurs, surfaceurs et excavatrices","potentialAction":[{"@type":"SearchAction","target":{"@type":"EntryPoint","urlTemplate":"https:\/\/beavertechcanada.com\/fr\/?s={search_term_string}"},"query-input":{"@type":"PropertyValueSpecification","valueRequired":true,"valueName":"search_term_string"}}],"inLanguage":"fr-FR"}]}},"_links":{"self":[{"href":"https:\/\/beavertechcanada.com\/fr\/wp-json\/wp\/v2\/product\/465","targetHints":{"allow":["GET"]}}],"collection":[{"href":"https:\/\/beavertechcanada.com\/fr\/wp-json\/wp\/v2\/product"}],"about":[{"href":"https:\/\/beavertechcanada.com\/fr\/wp-json\/wp\/v2\/types\/product"}],"wp:featuredmedia":[{"embeddable":true,"href":"https:\/\/beavertechcanada.com\/fr\/wp-json\/wp\/v2\/media\/472"}],"wp:attachment":[{"href":"https:\/\/beavertechcanada.com\/fr\/wp-json\/wp\/v2\/media?parent=465"}],"wp:term":[{"taxonomy":"product_brand","embeddable":true,"href":"https:\/\/beavertechcanada.com\/fr\/wp-json\/wp\/v2\/product_brand?post=465"},{"taxonomy":"product_cat","embeddable":true,"href":"https:\/\/beavertechcanada.com\/fr\/wp-json\/wp\/v2\/product_cat?post=465"},{"taxonomy":"product_tag","embeddable":true,"href":"https:\/\/beavertechcanada.com\/fr\/wp-json\/wp\/v2\/product_tag?post=465"}],"curies":[{"name":"wp","href":"https:\/\/api.w.org\/{rel}","templated":true}]}}