{"id":492,"date":"2024-10-28T08:42:43","date_gmt":"2024-10-28T12:42:43","guid":{"rendered":"https:\/\/beavertechcanada.com\/?post_type=product&#038;p=492"},"modified":"2026-01-30T14:46:03","modified_gmt":"2026-01-30T19:46:03","slug":"debroussailleuse-pour-tracteur-et-loader-frontale-hydraulique-debhyd36l-debhyd72","status":"publish","type":"product","link":"https:\/\/beavertechcanada.com\/fr\/produit\/debroussailleuse-pour-tracteur-et-loader-frontale-hydraulique-debhyd36l-debhyd72\/","title":{"rendered":"D\u00e9broussailleuse pour tracteur et loader frontale hydraulique DEBHYD36L \/ DEBHYD72"},"content":{"rendered":"<p>La t\u00eate de coupe est mont\u00e9e avec un rotor \u00e0 <strong>6 lames industrielles<\/strong> actionn\u00e9es par moteur hydraulique.<\/p>\n<p>La <strong>DEBHYD36L offre 36 po de coupe<\/strong> pour la version l\u00e9g\u00e8re et la <strong>DEBHYD72 offre 72 pouces de coupe<\/strong> pour la version pleine largeur.<\/p>\n<p>Son <strong>ch\u00e2ssis de montage robuste<\/strong> peut accueillir tous les types d&rsquo;attachements agricoles et industriels offerts en option.<\/p>\n<p>\u00c9quip\u00e9e du principe de coupe<strong> BeaverTech<\/strong> n\u00e9cessitant peu d&rsquo;\u00e9nergie, elle performe m\u00eame avec un d\u00e9bit \u00e0 partir de <strong>8 GPM<\/strong>.<\/p>\n<p>L&rsquo;angle de coupe r\u00e9glable de<strong> -20 degr\u00e9s<\/strong> vers le bas et jusqu&rsquo;\u00e0 <strong>90 degr\u00e9s<\/strong> par rapport au sol, offre une versatilit\u00e9 tr\u00e8s appr\u00e9ci\u00e9e des utilisateurs.<\/p>\n<p>Le ch\u00e2ssis optionnel avec le <strong>t\u00e9lescopique de 24 po<\/strong> augmente la port\u00e9e de coupe.<\/p>\n<p>Les lames sont aff\u00fbtables directement sur le rotor en place, et ce pour une dur\u00e9e de vie de plus de <strong>150 heures<\/strong> d&rsquo;op\u00e9ration soutenues.<\/p>\n<p>Disque d&rsquo;aff\u00fbtage inclus et <strong>garantie BeaverTech 1 an<\/strong> sur les pi\u00e8ces et la fabrication.<\/p>\n","protected":false},"excerpt":{"rendered":"<p>La d\u00e9broussailleuse \u00e0 montage frontal est un \u00e9quipement de choix pour les propri\u00e9taires de bois\u00e9s et terres agricoles, con\u00e7ue pour <strong>des heures intensives d&rsquo;entretien<\/strong> de bordures de sentiers et de champs.<\/p>\n","protected":false},"featured_media":495,"template":"","meta":{"_et_pb_use_builder":"","_et_pb_old_content":"","_et_gb_content_width":""},"product_brand":[],"product_cat":[24,35],"product_tag":[],"class_list":{"0":"post-492","1":"product","2":"type-product","3":"status-publish","4":"has-post-thumbnail","6":"product_cat-debroussaillage","7":"product_cat-tracteur-loader-frontal","9":"first","10":"instock","11":"shipping-taxable","12":"purchasable","13":"product-type-simple"},"yoast_head":"<!-- This site is optimized with the Yoast SEO plugin v27.3 - https:\/\/yoast.com\/product\/yoast-seo-wordpress\/ -->\n<title>D\u00e9broussailleuse pour tracteur et loader frontale hydraulique DEBHYD36L \/ DEBHYD72 | BeaverTech<\/title>\n<meta name=\"robots\" content=\"index, follow, max-snippet:-1, max-image-preview:large, max-video-preview:-1\" \/>\n<link rel=\"canonical\" href=\"https:\/\/beavertechcanada.com\/fr\/produit\/debroussailleuse-pour-tracteur-et-loader-frontale-hydraulique-debhyd36l-debhyd72\/\" \/>\n<meta property=\"og:locale\" content=\"fr_FR\" \/>\n<meta property=\"og:type\" content=\"article\" \/>\n<meta property=\"og:title\" content=\"D\u00e9broussailleuse pour tracteur et loader frontale hydraulique DEBHYD36L \/ DEBHYD72 | BeaverTech\" \/>\n<meta property=\"og:description\" content=\"La d\u00e9broussailleuse \u00e0 montage frontal est un \u00e9quipement de choix pour les propri\u00e9taires de bois\u00e9s et terres agricoles, con\u00e7ue pour des heures intensives d&#039;entretien de bordures de sentiers et de champs.\" \/>\n<meta property=\"og:url\" content=\"https:\/\/beavertechcanada.com\/fr\/produit\/debroussailleuse-pour-tracteur-et-loader-frontale-hydraulique-debhyd36l-debhyd72\/\" \/>\n<meta property=\"og:site_name\" content=\"BeaverTech\" \/>\n<meta property=\"article:publisher\" content=\"https:\/\/www.facebook.com\/debroussailleusebeavertech\" \/>\n<meta property=\"article:modified_time\" content=\"2026-01-30T19:46:03+00:00\" \/>\n<meta property=\"og:image\" content=\"https:\/\/beavertechcanada.com\/wp-content\/uploads\/2024\/10\/DEBHYD-36-et-72-beavertech-2.jpg\" \/>\n\t<meta property=\"og:image:width\" content=\"980\" \/>\n\t<meta property=\"og:image:height\" content=\"735\" \/>\n\t<meta property=\"og:image:type\" content=\"image\/jpeg\" \/>\n<meta name=\"twitter:card\" content=\"summary_large_image\" \/>\n<meta name=\"twitter:label1\" content=\"Dur\u00e9e de lecture estim\u00e9e\" \/>\n\t<meta name=\"twitter:data1\" content=\"1 minute\" \/>\n<script type=\"application\/ld+json\" class=\"yoast-schema-graph\">{\"@context\":\"https:\\\/\\\/schema.org\",\"@graph\":[{\"@type\":\"WebPage\",\"@id\":\"https:\\\/\\\/beavertechcanada.com\\\/fr\\\/produit\\\/debroussailleuse-pour-tracteur-et-loader-frontale-hydraulique-debhyd36l-debhyd72\\\/\",\"url\":\"https:\\\/\\\/beavertechcanada.com\\\/fr\\\/produit\\\/debroussailleuse-pour-tracteur-et-loader-frontale-hydraulique-debhyd36l-debhyd72\\\/\",\"name\":\"D\u00e9broussailleuse pour tracteur et loader frontale hydraulique DEBHYD36L \\\/ DEBHYD72 | BeaverTech\",\"isPartOf\":{\"@id\":\"https:\\\/\\\/beavertechcanada.com\\\/fr\\\/#website\"},\"primaryImageOfPage\":{\"@id\":\"https:\\\/\\\/beavertechcanada.com\\\/fr\\\/produit\\\/debroussailleuse-pour-tracteur-et-loader-frontale-hydraulique-debhyd36l-debhyd72\\\/#primaryimage\"},\"image\":{\"@id\":\"https:\\\/\\\/beavertechcanada.com\\\/fr\\\/produit\\\/debroussailleuse-pour-tracteur-et-loader-frontale-hydraulique-debhyd36l-debhyd72\\\/#primaryimage\"},\"thumbnailUrl\":\"https:\\\/\\\/beavertechcanada.com\\\/wp-content\\\/uploads\\\/2024\\\/10\\\/DEBHYD-36-et-72-beavertech-2.jpg\",\"datePublished\":\"2024-10-28T12:42:43+00:00\",\"dateModified\":\"2026-01-30T19:46:03+00:00\",\"breadcrumb\":{\"@id\":\"https:\\\/\\\/beavertechcanada.com\\\/fr\\\/produit\\\/debroussailleuse-pour-tracteur-et-loader-frontale-hydraulique-debhyd36l-debhyd72\\\/#breadcrumb\"},\"inLanguage\":\"fr-FR\",\"potentialAction\":[{\"@type\":\"ReadAction\",\"target\":[\"https:\\\/\\\/beavertechcanada.com\\\/fr\\\/produit\\\/debroussailleuse-pour-tracteur-et-loader-frontale-hydraulique-debhyd36l-debhyd72\\\/\"]}]},{\"@type\":\"ImageObject\",\"inLanguage\":\"fr-FR\",\"@id\":\"https:\\\/\\\/beavertechcanada.com\\\/fr\\\/produit\\\/debroussailleuse-pour-tracteur-et-loader-frontale-hydraulique-debhyd36l-debhyd72\\\/#primaryimage\",\"url\":\"https:\\\/\\\/beavertechcanada.com\\\/wp-content\\\/uploads\\\/2024\\\/10\\\/DEBHYD-36-et-72-beavertech-2.jpg\",\"contentUrl\":\"https:\\\/\\\/beavertechcanada.com\\\/wp-content\\\/uploads\\\/2024\\\/10\\\/DEBHYD-36-et-72-beavertech-2.jpg\",\"width\":980,\"height\":735,\"caption\":\"DEBHYD-36-et-72-beavertech-2\"},{\"@type\":\"BreadcrumbList\",\"@id\":\"https:\\\/\\\/beavertechcanada.com\\\/fr\\\/produit\\\/debroussailleuse-pour-tracteur-et-loader-frontale-hydraulique-debhyd36l-debhyd72\\\/#breadcrumb\",\"itemListElement\":[{\"@type\":\"ListItem\",\"position\":1,\"name\":\"Accueil\",\"item\":\"https:\\\/\\\/beavertechcanada.com\\\/fr\\\/\"},{\"@type\":\"ListItem\",\"position\":2,\"name\":\"Boutique\",\"item\":\"https:\\\/\\\/beavertechcanada.com\\\/fr\\\/boutique\\\/\"},{\"@type\":\"ListItem\",\"position\":3,\"name\":\"D\u00e9broussailleuse pour tracteur et loader frontale hydraulique DEBHYD36L \\\/ DEBHYD72\"}]},{\"@type\":\"WebSite\",\"@id\":\"https:\\\/\\\/beavertechcanada.com\\\/fr\\\/#website\",\"url\":\"https:\\\/\\\/beavertechcanada.com\\\/fr\\\/\",\"name\":\"BeaverTech\",\"description\":\"D\u00e9broussailleuses pour VTT, tracteurs, surfaceurs et excavatrices\",\"potentialAction\":[{\"@type\":\"SearchAction\",\"target\":{\"@type\":\"EntryPoint\",\"urlTemplate\":\"https:\\\/\\\/beavertechcanada.com\\\/fr\\\/?s={search_term_string}\"},\"query-input\":{\"@type\":\"PropertyValueSpecification\",\"valueRequired\":true,\"valueName\":\"search_term_string\"}}],\"inLanguage\":\"fr-FR\"}]}<\/script>\n<!-- \/ Yoast SEO plugin. -->","yoast_head_json":{"title":"D\u00e9broussailleuse pour tracteur et loader frontale hydraulique DEBHYD36L \/ DEBHYD72 | BeaverTech","robots":{"index":"index","follow":"follow","max-snippet":"max-snippet:-1","max-image-preview":"max-image-preview:large","max-video-preview":"max-video-preview:-1"},"canonical":"https:\/\/beavertechcanada.com\/fr\/produit\/debroussailleuse-pour-tracteur-et-loader-frontale-hydraulique-debhyd36l-debhyd72\/","og_locale":"fr_FR","og_type":"article","og_title":"D\u00e9broussailleuse pour tracteur et loader frontale hydraulique DEBHYD36L \/ DEBHYD72 | BeaverTech","og_description":"La d\u00e9broussailleuse \u00e0 montage frontal est un \u00e9quipement de choix pour les propri\u00e9taires de bois\u00e9s et terres agricoles, con\u00e7ue pour des heures intensives d'entretien de bordures de sentiers et de champs.","og_url":"https:\/\/beavertechcanada.com\/fr\/produit\/debroussailleuse-pour-tracteur-et-loader-frontale-hydraulique-debhyd36l-debhyd72\/","og_site_name":"BeaverTech","article_publisher":"https:\/\/www.facebook.com\/debroussailleusebeavertech","article_modified_time":"2026-01-30T19:46:03+00:00","og_image":[{"width":980,"height":735,"url":"https:\/\/beavertechcanada.com\/wp-content\/uploads\/2024\/10\/DEBHYD-36-et-72-beavertech-2.jpg","type":"image\/jpeg"}],"twitter_card":"summary_large_image","twitter_misc":{"Dur\u00e9e de lecture estim\u00e9e":"1 minute"},"schema":{"@context":"https:\/\/schema.org","@graph":[{"@type":"WebPage","@id":"https:\/\/beavertechcanada.com\/fr\/produit\/debroussailleuse-pour-tracteur-et-loader-frontale-hydraulique-debhyd36l-debhyd72\/","url":"https:\/\/beavertechcanada.com\/fr\/produit\/debroussailleuse-pour-tracteur-et-loader-frontale-hydraulique-debhyd36l-debhyd72\/","name":"D\u00e9broussailleuse pour tracteur et loader frontale hydraulique DEBHYD36L \/ DEBHYD72 | BeaverTech","isPartOf":{"@id":"https:\/\/beavertechcanada.com\/fr\/#website"},"primaryImageOfPage":{"@id":"https:\/\/beavertechcanada.com\/fr\/produit\/debroussailleuse-pour-tracteur-et-loader-frontale-hydraulique-debhyd36l-debhyd72\/#primaryimage"},"image":{"@id":"https:\/\/beavertechcanada.com\/fr\/produit\/debroussailleuse-pour-tracteur-et-loader-frontale-hydraulique-debhyd36l-debhyd72\/#primaryimage"},"thumbnailUrl":"https:\/\/beavertechcanada.com\/wp-content\/uploads\/2024\/10\/DEBHYD-36-et-72-beavertech-2.jpg","datePublished":"2024-10-28T12:42:43+00:00","dateModified":"2026-01-30T19:46:03+00:00","breadcrumb":{"@id":"https:\/\/beavertechcanada.com\/fr\/produit\/debroussailleuse-pour-tracteur-et-loader-frontale-hydraulique-debhyd36l-debhyd72\/#breadcrumb"},"inLanguage":"fr-FR","potentialAction":[{"@type":"ReadAction","target":["https:\/\/beavertechcanada.com\/fr\/produit\/debroussailleuse-pour-tracteur-et-loader-frontale-hydraulique-debhyd36l-debhyd72\/"]}]},{"@type":"ImageObject","inLanguage":"fr-FR","@id":"https:\/\/beavertechcanada.com\/fr\/produit\/debroussailleuse-pour-tracteur-et-loader-frontale-hydraulique-debhyd36l-debhyd72\/#primaryimage","url":"https:\/\/beavertechcanada.com\/wp-content\/uploads\/2024\/10\/DEBHYD-36-et-72-beavertech-2.jpg","contentUrl":"https:\/\/beavertechcanada.com\/wp-content\/uploads\/2024\/10\/DEBHYD-36-et-72-beavertech-2.jpg","width":980,"height":735,"caption":"DEBHYD-36-et-72-beavertech-2"},{"@type":"BreadcrumbList","@id":"https:\/\/beavertechcanada.com\/fr\/produit\/debroussailleuse-pour-tracteur-et-loader-frontale-hydraulique-debhyd36l-debhyd72\/#breadcrumb","itemListElement":[{"@type":"ListItem","position":1,"name":"Accueil","item":"https:\/\/beavertechcanada.com\/fr\/"},{"@type":"ListItem","position":2,"name":"Boutique","item":"https:\/\/beavertechcanada.com\/fr\/boutique\/"},{"@type":"ListItem","position":3,"name":"D\u00e9broussailleuse pour tracteur et loader frontale hydraulique DEBHYD36L \/ DEBHYD72"}]},{"@type":"WebSite","@id":"https:\/\/beavertechcanada.com\/fr\/#website","url":"https:\/\/beavertechcanada.com\/fr\/","name":"BeaverTech","description":"D\u00e9broussailleuses pour VTT, tracteurs, surfaceurs et excavatrices","potentialAction":[{"@type":"SearchAction","target":{"@type":"EntryPoint","urlTemplate":"https:\/\/beavertechcanada.com\/fr\/?s={search_term_string}"},"query-input":{"@type":"PropertyValueSpecification","valueRequired":true,"valueName":"search_term_string"}}],"inLanguage":"fr-FR"}]}},"_links":{"self":[{"href":"https:\/\/beavertechcanada.com\/fr\/wp-json\/wp\/v2\/product\/492","targetHints":{"allow":["GET"]}}],"collection":[{"href":"https:\/\/beavertechcanada.com\/fr\/wp-json\/wp\/v2\/product"}],"about":[{"href":"https:\/\/beavertechcanada.com\/fr\/wp-json\/wp\/v2\/types\/product"}],"wp:featuredmedia":[{"embeddable":true,"href":"https:\/\/beavertechcanada.com\/fr\/wp-json\/wp\/v2\/media\/495"}],"wp:attachment":[{"href":"https:\/\/beavertechcanada.com\/fr\/wp-json\/wp\/v2\/media?parent=492"}],"wp:term":[{"taxonomy":"product_brand","embeddable":true,"href":"https:\/\/beavertechcanada.com\/fr\/wp-json\/wp\/v2\/product_brand?post=492"},{"taxonomy":"product_cat","embeddable":true,"href":"https:\/\/beavertechcanada.com\/fr\/wp-json\/wp\/v2\/product_cat?post=492"},{"taxonomy":"product_tag","embeddable":true,"href":"https:\/\/beavertechcanada.com\/fr\/wp-json\/wp\/v2\/product_tag?post=492"}],"curies":[{"name":"wp","href":"https:\/\/api.w.org\/{rel}","templated":true}]}}