{"id":501,"date":"2024-10-28T08:51:51","date_gmt":"2024-10-28T12:51:51","guid":{"rendered":"https:\/\/beavertechcanada.com\/?post_type=product&#038;p=501"},"modified":"2026-01-30T14:45:47","modified_gmt":"2026-01-30T19:45:47","slug":"debroussailleuses-pour-excavatrice-debexc24","status":"publish","type":"product","link":"https:\/\/beavertechcanada.com\/fr\/produit\/debroussailleuses-pour-excavatrice-debexc24\/","title":{"rendered":"D\u00e9broussailleuses pour excavatrice DEBEXC24"},"content":{"rendered":"<p>Son faible poids de <strong>250\u00a0lbs<\/strong> et son rotor de coupe actionn\u00e9 par moteur hydraulique en font un accessoire de pr\u00e9dilection pour les<strong> mini-excavatrices<\/strong>.<\/p>\n<p>Pouvant attaquer les troncs de<strong> 3 po<\/strong> de diam\u00e8tre sur<strong> 24 po<\/strong> de largeur et ce avec tr\u00e8s peu d&rsquo;\u00e9nergie, elle requiert un d\u00e9bit \u00e0 partir de<strong> 6 GPM.<\/strong><\/p>\n<p>Ses <strong>6 lames r\u00e9aff\u00fbtables<\/strong> en place vous donneront de<strong> 150 \u00e0 200 heures<\/strong> de coupe efficace.<\/p>\n<p>Attache-rapide offerte en option selon l&rsquo;excavatrice.<\/p>\n<p><strong>Disque d&rsquo;aff\u00fbtage<\/strong> et <strong>plaque de fixation<\/strong> universelle inclus.<\/p>\n<p>Garantie <strong>BeaverTech 1 an <\/strong>sur les pi\u00e8ces et la fabrication.<\/p>\n","protected":false},"excerpt":{"rendered":"<p>Voici la plus compacte des d\u00e9broussailleuses <strong>BeaverTech<\/strong>, la <strong>DEBEXC24<\/strong>.<\/p>\n","protected":false},"featured_media":504,"template":"","meta":{"_et_pb_use_builder":"","_et_pb_old_content":"","_et_gb_content_width":""},"product_brand":[],"product_cat":[24,36],"product_tag":[],"class_list":{"0":"post-501","1":"product","2":"type-product","3":"status-publish","4":"has-post-thumbnail","6":"product_cat-debroussaillage","7":"product_cat-excavatrice","9":"first","10":"instock","11":"shipping-taxable","12":"purchasable","13":"product-type-simple"},"yoast_head":"<!-- This site is optimized with the Yoast SEO plugin v27.4 - https:\/\/yoast.com\/product\/yoast-seo-wordpress\/ -->\n<title>D\u00e9broussailleuses pour excavatrice DEBEXC24 | BeaverTech<\/title>\n<meta name=\"robots\" content=\"index, follow, max-snippet:-1, max-image-preview:large, max-video-preview:-1\" \/>\n<link rel=\"canonical\" href=\"https:\/\/beavertechcanada.com\/fr\/produit\/debroussailleuses-pour-excavatrice-debexc24\/\" \/>\n<meta property=\"og:locale\" content=\"fr_FR\" \/>\n<meta property=\"og:type\" content=\"article\" \/>\n<meta property=\"og:title\" content=\"D\u00e9broussailleuses pour excavatrice DEBEXC24 | BeaverTech\" \/>\n<meta property=\"og:description\" content=\"Voici la plus compacte des d\u00e9broussailleuses BeaverTech, la DEBEXC24.\" \/>\n<meta property=\"og:url\" content=\"https:\/\/beavertechcanada.com\/fr\/produit\/debroussailleuses-pour-excavatrice-debexc24\/\" \/>\n<meta property=\"og:site_name\" content=\"BeaverTech\" \/>\n<meta property=\"article:publisher\" content=\"https:\/\/www.facebook.com\/debroussailleusebeavertech\" \/>\n<meta property=\"article:modified_time\" content=\"2026-01-30T19:45:47+00:00\" \/>\n<meta property=\"og:image\" content=\"https:\/\/beavertechcanada.com\/wp-content\/uploads\/2024\/10\/DEBEXC-24-beavertech-2.jpg\" \/>\n\t<meta property=\"og:image:width\" content=\"980\" \/>\n\t<meta property=\"og:image:height\" content=\"735\" \/>\n\t<meta property=\"og:image:type\" content=\"image\/jpeg\" \/>\n<meta name=\"twitter:card\" content=\"summary_large_image\" \/>\n<meta name=\"twitter:label1\" content=\"Dur\u00e9e de lecture estim\u00e9e\" \/>\n\t<meta name=\"twitter:data1\" content=\"1 minute\" \/>\n<script type=\"application\/ld+json\" class=\"yoast-schema-graph\">{\"@context\":\"https:\\\/\\\/schema.org\",\"@graph\":[{\"@type\":\"WebPage\",\"@id\":\"https:\\\/\\\/beavertechcanada.com\\\/fr\\\/produit\\\/debroussailleuses-pour-excavatrice-debexc24\\\/\",\"url\":\"https:\\\/\\\/beavertechcanada.com\\\/fr\\\/produit\\\/debroussailleuses-pour-excavatrice-debexc24\\\/\",\"name\":\"D\u00e9broussailleuses pour excavatrice DEBEXC24 | BeaverTech\",\"isPartOf\":{\"@id\":\"https:\\\/\\\/beavertechcanada.com\\\/fr\\\/#website\"},\"primaryImageOfPage\":{\"@id\":\"https:\\\/\\\/beavertechcanada.com\\\/fr\\\/produit\\\/debroussailleuses-pour-excavatrice-debexc24\\\/#primaryimage\"},\"image\":{\"@id\":\"https:\\\/\\\/beavertechcanada.com\\\/fr\\\/produit\\\/debroussailleuses-pour-excavatrice-debexc24\\\/#primaryimage\"},\"thumbnailUrl\":\"https:\\\/\\\/beavertechcanada.com\\\/wp-content\\\/uploads\\\/2024\\\/10\\\/DEBEXC-24-beavertech-2.jpg\",\"datePublished\":\"2024-10-28T12:51:51+00:00\",\"dateModified\":\"2026-01-30T19:45:47+00:00\",\"breadcrumb\":{\"@id\":\"https:\\\/\\\/beavertechcanada.com\\\/fr\\\/produit\\\/debroussailleuses-pour-excavatrice-debexc24\\\/#breadcrumb\"},\"inLanguage\":\"fr-FR\",\"potentialAction\":[{\"@type\":\"ReadAction\",\"target\":[\"https:\\\/\\\/beavertechcanada.com\\\/fr\\\/produit\\\/debroussailleuses-pour-excavatrice-debexc24\\\/\"]}]},{\"@type\":\"ImageObject\",\"inLanguage\":\"fr-FR\",\"@id\":\"https:\\\/\\\/beavertechcanada.com\\\/fr\\\/produit\\\/debroussailleuses-pour-excavatrice-debexc24\\\/#primaryimage\",\"url\":\"https:\\\/\\\/beavertechcanada.com\\\/wp-content\\\/uploads\\\/2024\\\/10\\\/DEBEXC-24-beavertech-2.jpg\",\"contentUrl\":\"https:\\\/\\\/beavertechcanada.com\\\/wp-content\\\/uploads\\\/2024\\\/10\\\/DEBEXC-24-beavertech-2.jpg\",\"width\":980,\"height\":735,\"caption\":\"DEBEXC-24-beavertech-2\"},{\"@type\":\"BreadcrumbList\",\"@id\":\"https:\\\/\\\/beavertechcanada.com\\\/fr\\\/produit\\\/debroussailleuses-pour-excavatrice-debexc24\\\/#breadcrumb\",\"itemListElement\":[{\"@type\":\"ListItem\",\"position\":1,\"name\":\"Accueil\",\"item\":\"https:\\\/\\\/beavertechcanada.com\\\/fr\\\/\"},{\"@type\":\"ListItem\",\"position\":2,\"name\":\"Boutique\",\"item\":\"https:\\\/\\\/beavertechcanada.com\\\/fr\\\/boutique\\\/\"},{\"@type\":\"ListItem\",\"position\":3,\"name\":\"D\u00e9broussailleuses pour excavatrice DEBEXC24\"}]},{\"@type\":\"WebSite\",\"@id\":\"https:\\\/\\\/beavertechcanada.com\\\/fr\\\/#website\",\"url\":\"https:\\\/\\\/beavertechcanada.com\\\/fr\\\/\",\"name\":\"BeaverTech\",\"description\":\"D\u00e9broussailleuses pour VTT, tracteurs, surfaceurs et excavatrices\",\"potentialAction\":[{\"@type\":\"SearchAction\",\"target\":{\"@type\":\"EntryPoint\",\"urlTemplate\":\"https:\\\/\\\/beavertechcanada.com\\\/fr\\\/?s={search_term_string}\"},\"query-input\":{\"@type\":\"PropertyValueSpecification\",\"valueRequired\":true,\"valueName\":\"search_term_string\"}}],\"inLanguage\":\"fr-FR\"}]}<\/script>\n<!-- \/ Yoast SEO plugin. -->","yoast_head_json":{"title":"D\u00e9broussailleuses pour excavatrice DEBEXC24 | BeaverTech","robots":{"index":"index","follow":"follow","max-snippet":"max-snippet:-1","max-image-preview":"max-image-preview:large","max-video-preview":"max-video-preview:-1"},"canonical":"https:\/\/beavertechcanada.com\/fr\/produit\/debroussailleuses-pour-excavatrice-debexc24\/","og_locale":"fr_FR","og_type":"article","og_title":"D\u00e9broussailleuses pour excavatrice DEBEXC24 | BeaverTech","og_description":"Voici la plus compacte des d\u00e9broussailleuses BeaverTech, la DEBEXC24.","og_url":"https:\/\/beavertechcanada.com\/fr\/produit\/debroussailleuses-pour-excavatrice-debexc24\/","og_site_name":"BeaverTech","article_publisher":"https:\/\/www.facebook.com\/debroussailleusebeavertech","article_modified_time":"2026-01-30T19:45:47+00:00","og_image":[{"width":980,"height":735,"url":"https:\/\/beavertechcanada.com\/wp-content\/uploads\/2024\/10\/DEBEXC-24-beavertech-2.jpg","type":"image\/jpeg"}],"twitter_card":"summary_large_image","twitter_misc":{"Dur\u00e9e de lecture estim\u00e9e":"1 minute"},"schema":{"@context":"https:\/\/schema.org","@graph":[{"@type":"WebPage","@id":"https:\/\/beavertechcanada.com\/fr\/produit\/debroussailleuses-pour-excavatrice-debexc24\/","url":"https:\/\/beavertechcanada.com\/fr\/produit\/debroussailleuses-pour-excavatrice-debexc24\/","name":"D\u00e9broussailleuses pour excavatrice DEBEXC24 | BeaverTech","isPartOf":{"@id":"https:\/\/beavertechcanada.com\/fr\/#website"},"primaryImageOfPage":{"@id":"https:\/\/beavertechcanada.com\/fr\/produit\/debroussailleuses-pour-excavatrice-debexc24\/#primaryimage"},"image":{"@id":"https:\/\/beavertechcanada.com\/fr\/produit\/debroussailleuses-pour-excavatrice-debexc24\/#primaryimage"},"thumbnailUrl":"https:\/\/beavertechcanada.com\/wp-content\/uploads\/2024\/10\/DEBEXC-24-beavertech-2.jpg","datePublished":"2024-10-28T12:51:51+00:00","dateModified":"2026-01-30T19:45:47+00:00","breadcrumb":{"@id":"https:\/\/beavertechcanada.com\/fr\/produit\/debroussailleuses-pour-excavatrice-debexc24\/#breadcrumb"},"inLanguage":"fr-FR","potentialAction":[{"@type":"ReadAction","target":["https:\/\/beavertechcanada.com\/fr\/produit\/debroussailleuses-pour-excavatrice-debexc24\/"]}]},{"@type":"ImageObject","inLanguage":"fr-FR","@id":"https:\/\/beavertechcanada.com\/fr\/produit\/debroussailleuses-pour-excavatrice-debexc24\/#primaryimage","url":"https:\/\/beavertechcanada.com\/wp-content\/uploads\/2024\/10\/DEBEXC-24-beavertech-2.jpg","contentUrl":"https:\/\/beavertechcanada.com\/wp-content\/uploads\/2024\/10\/DEBEXC-24-beavertech-2.jpg","width":980,"height":735,"caption":"DEBEXC-24-beavertech-2"},{"@type":"BreadcrumbList","@id":"https:\/\/beavertechcanada.com\/fr\/produit\/debroussailleuses-pour-excavatrice-debexc24\/#breadcrumb","itemListElement":[{"@type":"ListItem","position":1,"name":"Accueil","item":"https:\/\/beavertechcanada.com\/fr\/"},{"@type":"ListItem","position":2,"name":"Boutique","item":"https:\/\/beavertechcanada.com\/fr\/boutique\/"},{"@type":"ListItem","position":3,"name":"D\u00e9broussailleuses pour excavatrice DEBEXC24"}]},{"@type":"WebSite","@id":"https:\/\/beavertechcanada.com\/fr\/#website","url":"https:\/\/beavertechcanada.com\/fr\/","name":"BeaverTech","description":"D\u00e9broussailleuses pour VTT, tracteurs, surfaceurs et excavatrices","potentialAction":[{"@type":"SearchAction","target":{"@type":"EntryPoint","urlTemplate":"https:\/\/beavertechcanada.com\/fr\/?s={search_term_string}"},"query-input":{"@type":"PropertyValueSpecification","valueRequired":true,"valueName":"search_term_string"}}],"inLanguage":"fr-FR"}]}},"_links":{"self":[{"href":"https:\/\/beavertechcanada.com\/fr\/wp-json\/wp\/v2\/product\/501","targetHints":{"allow":["GET"]}}],"collection":[{"href":"https:\/\/beavertechcanada.com\/fr\/wp-json\/wp\/v2\/product"}],"about":[{"href":"https:\/\/beavertechcanada.com\/fr\/wp-json\/wp\/v2\/types\/product"}],"wp:featuredmedia":[{"embeddable":true,"href":"https:\/\/beavertechcanada.com\/fr\/wp-json\/wp\/v2\/media\/504"}],"wp:attachment":[{"href":"https:\/\/beavertechcanada.com\/fr\/wp-json\/wp\/v2\/media?parent=501"}],"wp:term":[{"taxonomy":"product_brand","embeddable":true,"href":"https:\/\/beavertechcanada.com\/fr\/wp-json\/wp\/v2\/product_brand?post=501"},{"taxonomy":"product_cat","embeddable":true,"href":"https:\/\/beavertechcanada.com\/fr\/wp-json\/wp\/v2\/product_cat?post=501"},{"taxonomy":"product_tag","embeddable":true,"href":"https:\/\/beavertechcanada.com\/fr\/wp-json\/wp\/v2\/product_tag?post=501"}],"curies":[{"name":"wp","href":"https:\/\/api.w.org\/{rel}","templated":true}]}}