{"id":510,"date":"2024-10-28T08:57:50","date_gmt":"2024-10-28T12:57:50","guid":{"rendered":"https:\/\/beavertechcanada.com\/?post_type=product&#038;p=510"},"modified":"2026-01-30T14:45:30","modified_gmt":"2026-01-30T19:45:30","slug":"debroussailleuses-pour-excavatrice-debexc36","status":"publish","type":"product","link":"https:\/\/beavertechcanada.com\/fr\/produit\/debroussailleuses-pour-excavatrice-debexc36\/","title":{"rendered":"D\u00e9broussailleuses pour excavatrice DEBEXC36"},"content":{"rendered":"<p>Ses <strong>6 lames de 36 po<\/strong> actionn\u00e9es par moteur hydraulique donnent un rendement optimal dans les troncs <strong>jusqu&rsquo;\u00e0 3 po.<\/strong><\/p>\n<p>Elle requiert peu d&rsquo;\u00e9nergie et performe m\u00eame avec un d\u00e9bit \u00e0 partir de 6 GPM.<\/p>\n<p>Ses <strong>lames r\u00e9aff\u00fbtables<\/strong> en place vous donneront de <strong>150 \u00e0 200 heures<\/strong> d&rsquo;op\u00e9ration efficace.<\/p>\n<p>Attache rapide offerte en option selon l&rsquo;excavatrice.<\/p>\n<p><strong>Disque d&rsquo;aff\u00fbtage<\/strong> et<strong> plaque de fixation<\/strong> universelle incluse.<\/p>\n<p>Garantie <strong>BeaverTech 1 an<\/strong> sur les pi\u00e8ces et la fabrication.<\/p>\n","protected":false},"excerpt":{"rendered":"<p>La <strong>DEBEXC36<\/strong> est l&rsquo;outil de d\u00e9broussaillage id\u00e9al pour les <strong>excavatrices de 3 \u00e0 8 tonnes<\/strong>.<\/p>\n","protected":false},"featured_media":511,"template":"","meta":{"_et_pb_use_builder":"","_et_pb_old_content":"","_et_gb_content_width":""},"product_brand":[],"product_cat":[24,36],"product_tag":[],"class_list":{"0":"post-510","1":"product","2":"type-product","3":"status-publish","4":"has-post-thumbnail","6":"product_cat-debroussaillage","7":"product_cat-excavatrice","9":"first","10":"instock","11":"shipping-taxable","12":"purchasable","13":"product-type-simple"},"yoast_head":"<!-- This site is optimized with the Yoast SEO plugin v27.4 - https:\/\/yoast.com\/product\/yoast-seo-wordpress\/ -->\n<title>D\u00e9broussailleuses pour excavatrice DEBEXC36 | BeaverTech<\/title>\n<meta name=\"robots\" content=\"index, follow, max-snippet:-1, max-image-preview:large, max-video-preview:-1\" \/>\n<link rel=\"canonical\" href=\"https:\/\/beavertechcanada.com\/fr\/produit\/debroussailleuses-pour-excavatrice-debexc36\/\" \/>\n<meta property=\"og:locale\" content=\"fr_FR\" \/>\n<meta property=\"og:type\" content=\"article\" \/>\n<meta property=\"og:title\" content=\"D\u00e9broussailleuses pour excavatrice DEBEXC36 | BeaverTech\" \/>\n<meta property=\"og:description\" content=\"La DEBEXC36 est l&#039;outil de d\u00e9broussaillage id\u00e9al pour les excavatrices de 3 \u00e0 8 tonnes.\" \/>\n<meta property=\"og:url\" content=\"https:\/\/beavertechcanada.com\/fr\/produit\/debroussailleuses-pour-excavatrice-debexc36\/\" \/>\n<meta property=\"og:site_name\" content=\"BeaverTech\" \/>\n<meta property=\"article:publisher\" content=\"https:\/\/www.facebook.com\/debroussailleusebeavertech\" \/>\n<meta property=\"article:modified_time\" content=\"2026-01-30T19:45:30+00:00\" \/>\n<meta property=\"og:image\" content=\"https:\/\/beavertechcanada.com\/wp-content\/uploads\/2024\/10\/DEBEXC-36-beavertech-1.jpg\" \/>\n\t<meta property=\"og:image:width\" content=\"980\" \/>\n\t<meta property=\"og:image:height\" content=\"735\" \/>\n\t<meta property=\"og:image:type\" content=\"image\/jpeg\" \/>\n<meta name=\"twitter:card\" content=\"summary_large_image\" \/>\n<meta name=\"twitter:label1\" content=\"Dur\u00e9e de lecture estim\u00e9e\" \/>\n\t<meta name=\"twitter:data1\" content=\"1 minute\" \/>\n<script type=\"application\/ld+json\" class=\"yoast-schema-graph\">{\"@context\":\"https:\\\/\\\/schema.org\",\"@graph\":[{\"@type\":\"WebPage\",\"@id\":\"https:\\\/\\\/beavertechcanada.com\\\/fr\\\/produit\\\/debroussailleuses-pour-excavatrice-debexc36\\\/\",\"url\":\"https:\\\/\\\/beavertechcanada.com\\\/fr\\\/produit\\\/debroussailleuses-pour-excavatrice-debexc36\\\/\",\"name\":\"D\u00e9broussailleuses pour excavatrice DEBEXC36 | BeaverTech\",\"isPartOf\":{\"@id\":\"https:\\\/\\\/beavertechcanada.com\\\/fr\\\/#website\"},\"primaryImageOfPage\":{\"@id\":\"https:\\\/\\\/beavertechcanada.com\\\/fr\\\/produit\\\/debroussailleuses-pour-excavatrice-debexc36\\\/#primaryimage\"},\"image\":{\"@id\":\"https:\\\/\\\/beavertechcanada.com\\\/fr\\\/produit\\\/debroussailleuses-pour-excavatrice-debexc36\\\/#primaryimage\"},\"thumbnailUrl\":\"https:\\\/\\\/beavertechcanada.com\\\/wp-content\\\/uploads\\\/2024\\\/10\\\/DEBEXC-36-beavertech-1.jpg\",\"datePublished\":\"2024-10-28T12:57:50+00:00\",\"dateModified\":\"2026-01-30T19:45:30+00:00\",\"breadcrumb\":{\"@id\":\"https:\\\/\\\/beavertechcanada.com\\\/fr\\\/produit\\\/debroussailleuses-pour-excavatrice-debexc36\\\/#breadcrumb\"},\"inLanguage\":\"fr-FR\",\"potentialAction\":[{\"@type\":\"ReadAction\",\"target\":[\"https:\\\/\\\/beavertechcanada.com\\\/fr\\\/produit\\\/debroussailleuses-pour-excavatrice-debexc36\\\/\"]}]},{\"@type\":\"ImageObject\",\"inLanguage\":\"fr-FR\",\"@id\":\"https:\\\/\\\/beavertechcanada.com\\\/fr\\\/produit\\\/debroussailleuses-pour-excavatrice-debexc36\\\/#primaryimage\",\"url\":\"https:\\\/\\\/beavertechcanada.com\\\/wp-content\\\/uploads\\\/2024\\\/10\\\/DEBEXC-36-beavertech-1.jpg\",\"contentUrl\":\"https:\\\/\\\/beavertechcanada.com\\\/wp-content\\\/uploads\\\/2024\\\/10\\\/DEBEXC-36-beavertech-1.jpg\",\"width\":980,\"height\":735,\"caption\":\"DEBEXC-36-beavertech-1\"},{\"@type\":\"BreadcrumbList\",\"@id\":\"https:\\\/\\\/beavertechcanada.com\\\/fr\\\/produit\\\/debroussailleuses-pour-excavatrice-debexc36\\\/#breadcrumb\",\"itemListElement\":[{\"@type\":\"ListItem\",\"position\":1,\"name\":\"Accueil\",\"item\":\"https:\\\/\\\/beavertechcanada.com\\\/fr\\\/\"},{\"@type\":\"ListItem\",\"position\":2,\"name\":\"Boutique\",\"item\":\"https:\\\/\\\/beavertechcanada.com\\\/fr\\\/boutique\\\/\"},{\"@type\":\"ListItem\",\"position\":3,\"name\":\"D\u00e9broussailleuses pour excavatrice DEBEXC36\"}]},{\"@type\":\"WebSite\",\"@id\":\"https:\\\/\\\/beavertechcanada.com\\\/fr\\\/#website\",\"url\":\"https:\\\/\\\/beavertechcanada.com\\\/fr\\\/\",\"name\":\"BeaverTech\",\"description\":\"D\u00e9broussailleuses pour VTT, tracteurs, surfaceurs et excavatrices\",\"potentialAction\":[{\"@type\":\"SearchAction\",\"target\":{\"@type\":\"EntryPoint\",\"urlTemplate\":\"https:\\\/\\\/beavertechcanada.com\\\/fr\\\/?s={search_term_string}\"},\"query-input\":{\"@type\":\"PropertyValueSpecification\",\"valueRequired\":true,\"valueName\":\"search_term_string\"}}],\"inLanguage\":\"fr-FR\"}]}<\/script>\n<!-- \/ Yoast SEO plugin. -->","yoast_head_json":{"title":"D\u00e9broussailleuses pour excavatrice DEBEXC36 | BeaverTech","robots":{"index":"index","follow":"follow","max-snippet":"max-snippet:-1","max-image-preview":"max-image-preview:large","max-video-preview":"max-video-preview:-1"},"canonical":"https:\/\/beavertechcanada.com\/fr\/produit\/debroussailleuses-pour-excavatrice-debexc36\/","og_locale":"fr_FR","og_type":"article","og_title":"D\u00e9broussailleuses pour excavatrice DEBEXC36 | BeaverTech","og_description":"La DEBEXC36 est l'outil de d\u00e9broussaillage id\u00e9al pour les excavatrices de 3 \u00e0 8 tonnes.","og_url":"https:\/\/beavertechcanada.com\/fr\/produit\/debroussailleuses-pour-excavatrice-debexc36\/","og_site_name":"BeaverTech","article_publisher":"https:\/\/www.facebook.com\/debroussailleusebeavertech","article_modified_time":"2026-01-30T19:45:30+00:00","og_image":[{"width":980,"height":735,"url":"https:\/\/beavertechcanada.com\/wp-content\/uploads\/2024\/10\/DEBEXC-36-beavertech-1.jpg","type":"image\/jpeg"}],"twitter_card":"summary_large_image","twitter_misc":{"Dur\u00e9e de lecture estim\u00e9e":"1 minute"},"schema":{"@context":"https:\/\/schema.org","@graph":[{"@type":"WebPage","@id":"https:\/\/beavertechcanada.com\/fr\/produit\/debroussailleuses-pour-excavatrice-debexc36\/","url":"https:\/\/beavertechcanada.com\/fr\/produit\/debroussailleuses-pour-excavatrice-debexc36\/","name":"D\u00e9broussailleuses pour excavatrice DEBEXC36 | BeaverTech","isPartOf":{"@id":"https:\/\/beavertechcanada.com\/fr\/#website"},"primaryImageOfPage":{"@id":"https:\/\/beavertechcanada.com\/fr\/produit\/debroussailleuses-pour-excavatrice-debexc36\/#primaryimage"},"image":{"@id":"https:\/\/beavertechcanada.com\/fr\/produit\/debroussailleuses-pour-excavatrice-debexc36\/#primaryimage"},"thumbnailUrl":"https:\/\/beavertechcanada.com\/wp-content\/uploads\/2024\/10\/DEBEXC-36-beavertech-1.jpg","datePublished":"2024-10-28T12:57:50+00:00","dateModified":"2026-01-30T19:45:30+00:00","breadcrumb":{"@id":"https:\/\/beavertechcanada.com\/fr\/produit\/debroussailleuses-pour-excavatrice-debexc36\/#breadcrumb"},"inLanguage":"fr-FR","potentialAction":[{"@type":"ReadAction","target":["https:\/\/beavertechcanada.com\/fr\/produit\/debroussailleuses-pour-excavatrice-debexc36\/"]}]},{"@type":"ImageObject","inLanguage":"fr-FR","@id":"https:\/\/beavertechcanada.com\/fr\/produit\/debroussailleuses-pour-excavatrice-debexc36\/#primaryimage","url":"https:\/\/beavertechcanada.com\/wp-content\/uploads\/2024\/10\/DEBEXC-36-beavertech-1.jpg","contentUrl":"https:\/\/beavertechcanada.com\/wp-content\/uploads\/2024\/10\/DEBEXC-36-beavertech-1.jpg","width":980,"height":735,"caption":"DEBEXC-36-beavertech-1"},{"@type":"BreadcrumbList","@id":"https:\/\/beavertechcanada.com\/fr\/produit\/debroussailleuses-pour-excavatrice-debexc36\/#breadcrumb","itemListElement":[{"@type":"ListItem","position":1,"name":"Accueil","item":"https:\/\/beavertechcanada.com\/fr\/"},{"@type":"ListItem","position":2,"name":"Boutique","item":"https:\/\/beavertechcanada.com\/fr\/boutique\/"},{"@type":"ListItem","position":3,"name":"D\u00e9broussailleuses pour excavatrice DEBEXC36"}]},{"@type":"WebSite","@id":"https:\/\/beavertechcanada.com\/fr\/#website","url":"https:\/\/beavertechcanada.com\/fr\/","name":"BeaverTech","description":"D\u00e9broussailleuses pour VTT, tracteurs, surfaceurs et excavatrices","potentialAction":[{"@type":"SearchAction","target":{"@type":"EntryPoint","urlTemplate":"https:\/\/beavertechcanada.com\/fr\/?s={search_term_string}"},"query-input":{"@type":"PropertyValueSpecification","valueRequired":true,"valueName":"search_term_string"}}],"inLanguage":"fr-FR"}]}},"_links":{"self":[{"href":"https:\/\/beavertechcanada.com\/fr\/wp-json\/wp\/v2\/product\/510","targetHints":{"allow":["GET"]}}],"collection":[{"href":"https:\/\/beavertechcanada.com\/fr\/wp-json\/wp\/v2\/product"}],"about":[{"href":"https:\/\/beavertechcanada.com\/fr\/wp-json\/wp\/v2\/types\/product"}],"wp:featuredmedia":[{"embeddable":true,"href":"https:\/\/beavertechcanada.com\/fr\/wp-json\/wp\/v2\/media\/511"}],"wp:attachment":[{"href":"https:\/\/beavertechcanada.com\/fr\/wp-json\/wp\/v2\/media?parent=510"}],"wp:term":[{"taxonomy":"product_brand","embeddable":true,"href":"https:\/\/beavertechcanada.com\/fr\/wp-json\/wp\/v2\/product_brand?post=510"},{"taxonomy":"product_cat","embeddable":true,"href":"https:\/\/beavertechcanada.com\/fr\/wp-json\/wp\/v2\/product_cat?post=510"},{"taxonomy":"product_tag","embeddable":true,"href":"https:\/\/beavertechcanada.com\/fr\/wp-json\/wp\/v2\/product_tag?post=510"}],"curies":[{"name":"wp","href":"https:\/\/api.w.org\/{rel}","templated":true}]}}