{"id":522,"date":"2024-10-28T09:10:52","date_gmt":"2024-10-28T13:10:52","guid":{"rendered":"https:\/\/beavertechcanada.com\/?post_type=product&#038;p=522"},"modified":"2026-01-30T14:45:08","modified_gmt":"2026-01-30T19:45:08","slug":"debroussailleuse-vtt-debvtt13","status":"publish","type":"product","link":"https:\/\/beavertechcanada.com\/fr\/produit\/debroussailleuse-vtt-debvtt13\/","title":{"rendered":"D\u00e9broussailleuse VTT DEBVTT13"},"content":{"rendered":"<p>La fiabilit\u00e9 est au rendez-vous, en plus d&rsquo;offrir une<strong> garantie 2 ans Honda<\/strong>.<\/p>\n<p>Sa largeur de coupe de <strong>36 po<\/strong>, la hauteur r\u00e9glable <strong>de 5 \u00e0 15 po<\/strong> et ses <strong>couteaux aff\u00fbtables<\/strong> en place peuvent attaquer des diam\u00e8tres <strong>jusqu&rsquo;\u00e0 3 po<\/strong>, pendant<strong> plus de 150 heures<\/strong>.<\/p>\n<p><strong>D\u00e9marreur \u00e9lectrique<\/strong> et <strong>syst\u00e8me d&rsquo;arr\u00eat d&rsquo;urgence<\/strong> install\u00e9 en usine.<\/p>\n<p><strong>Disque d&rsquo;aff\u00fbtage<\/strong> fourni.<\/p>\n<p>Garantie <strong>BeaverTech<\/strong> de 1 an sur les pi\u00e8ces et la fabrication.<\/p>\n","protected":false},"excerpt":{"rendered":"<p>\u00c9quip\u00e9e d&rsquo;un moteur Honda GX390 qui n&rsquo;a pas besoin de pr\u00e9sentation, la <strong>DEBVTT13<\/strong> est la BeaverTech <strong>la plus populaire<\/strong> depuis plus de 10 ans.<\/p>\n","protected":false},"featured_media":523,"template":"","meta":{"_et_pb_use_builder":"","_et_pb_old_content":"","_et_gb_content_width":""},"product_brand":[],"product_cat":[24,34],"product_tag":[],"class_list":{"0":"post-522","1":"product","2":"type-product","3":"status-publish","4":"has-post-thumbnail","6":"product_cat-debroussaillage","7":"product_cat-vtt","9":"first","10":"instock","11":"shipping-taxable","12":"purchasable","13":"product-type-simple"},"yoast_head":"<!-- This site is optimized with the Yoast SEO plugin v27.4 - https:\/\/yoast.com\/product\/yoast-seo-wordpress\/ -->\n<title>D\u00e9broussailleuse VTT DEBVTT13 | BeaverTech<\/title>\n<meta name=\"robots\" content=\"index, follow, max-snippet:-1, max-image-preview:large, max-video-preview:-1\" \/>\n<link rel=\"canonical\" href=\"https:\/\/beavertechcanada.com\/fr\/produit\/debroussailleuse-vtt-debvtt13\/\" \/>\n<meta property=\"og:locale\" content=\"fr_FR\" \/>\n<meta property=\"og:type\" content=\"article\" \/>\n<meta property=\"og:title\" content=\"D\u00e9broussailleuse VTT DEBVTT13 | BeaverTech\" \/>\n<meta property=\"og:description\" content=\"\u00c9quip\u00e9e d&#039;un moteur Honda GX390 qui n&#039;a pas besoin de pr\u00e9sentation, la DEBVTT13 est la BeaverTech la plus populaire depuis plus de 10 ans.\" \/>\n<meta property=\"og:url\" content=\"https:\/\/beavertechcanada.com\/fr\/produit\/debroussailleuse-vtt-debvtt13\/\" \/>\n<meta property=\"og:site_name\" content=\"BeaverTech\" \/>\n<meta property=\"article:publisher\" content=\"https:\/\/www.facebook.com\/debroussailleusebeavertech\" \/>\n<meta property=\"article:modified_time\" content=\"2026-01-30T19:45:08+00:00\" \/>\n<meta property=\"og:image\" content=\"https:\/\/beavertechcanada.com\/wp-content\/uploads\/2024\/10\/DEBVTT-13-beavertech-2.jpg\" \/>\n\t<meta property=\"og:image:width\" content=\"980\" \/>\n\t<meta property=\"og:image:height\" content=\"735\" \/>\n\t<meta property=\"og:image:type\" content=\"image\/jpeg\" \/>\n<meta name=\"twitter:card\" content=\"summary_large_image\" \/>\n<meta name=\"twitter:label1\" content=\"Dur\u00e9e de lecture estim\u00e9e\" \/>\n\t<meta name=\"twitter:data1\" content=\"1 minute\" \/>\n<script type=\"application\/ld+json\" class=\"yoast-schema-graph\">{\"@context\":\"https:\\\/\\\/schema.org\",\"@graph\":[{\"@type\":\"WebPage\",\"@id\":\"https:\\\/\\\/beavertechcanada.com\\\/fr\\\/produit\\\/debroussailleuse-vtt-debvtt13\\\/\",\"url\":\"https:\\\/\\\/beavertechcanada.com\\\/fr\\\/produit\\\/debroussailleuse-vtt-debvtt13\\\/\",\"name\":\"D\u00e9broussailleuse VTT DEBVTT13 | BeaverTech\",\"isPartOf\":{\"@id\":\"https:\\\/\\\/beavertechcanada.com\\\/fr\\\/#website\"},\"primaryImageOfPage\":{\"@id\":\"https:\\\/\\\/beavertechcanada.com\\\/fr\\\/produit\\\/debroussailleuse-vtt-debvtt13\\\/#primaryimage\"},\"image\":{\"@id\":\"https:\\\/\\\/beavertechcanada.com\\\/fr\\\/produit\\\/debroussailleuse-vtt-debvtt13\\\/#primaryimage\"},\"thumbnailUrl\":\"https:\\\/\\\/beavertechcanada.com\\\/wp-content\\\/uploads\\\/2024\\\/10\\\/DEBVTT-13-beavertech-2.jpg\",\"datePublished\":\"2024-10-28T13:10:52+00:00\",\"dateModified\":\"2026-01-30T19:45:08+00:00\",\"breadcrumb\":{\"@id\":\"https:\\\/\\\/beavertechcanada.com\\\/fr\\\/produit\\\/debroussailleuse-vtt-debvtt13\\\/#breadcrumb\"},\"inLanguage\":\"fr-FR\",\"potentialAction\":[{\"@type\":\"ReadAction\",\"target\":[\"https:\\\/\\\/beavertechcanada.com\\\/fr\\\/produit\\\/debroussailleuse-vtt-debvtt13\\\/\"]}]},{\"@type\":\"ImageObject\",\"inLanguage\":\"fr-FR\",\"@id\":\"https:\\\/\\\/beavertechcanada.com\\\/fr\\\/produit\\\/debroussailleuse-vtt-debvtt13\\\/#primaryimage\",\"url\":\"https:\\\/\\\/beavertechcanada.com\\\/wp-content\\\/uploads\\\/2024\\\/10\\\/DEBVTT-13-beavertech-2.jpg\",\"contentUrl\":\"https:\\\/\\\/beavertechcanada.com\\\/wp-content\\\/uploads\\\/2024\\\/10\\\/DEBVTT-13-beavertech-2.jpg\",\"width\":980,\"height\":735,\"caption\":\"DEBVTT-13-beavertech-2\"},{\"@type\":\"BreadcrumbList\",\"@id\":\"https:\\\/\\\/beavertechcanada.com\\\/fr\\\/produit\\\/debroussailleuse-vtt-debvtt13\\\/#breadcrumb\",\"itemListElement\":[{\"@type\":\"ListItem\",\"position\":1,\"name\":\"Accueil\",\"item\":\"https:\\\/\\\/beavertechcanada.com\\\/fr\\\/\"},{\"@type\":\"ListItem\",\"position\":2,\"name\":\"Boutique\",\"item\":\"https:\\\/\\\/beavertechcanada.com\\\/fr\\\/boutique\\\/\"},{\"@type\":\"ListItem\",\"position\":3,\"name\":\"D\u00e9broussailleuse VTT DEBVTT13\"}]},{\"@type\":\"WebSite\",\"@id\":\"https:\\\/\\\/beavertechcanada.com\\\/fr\\\/#website\",\"url\":\"https:\\\/\\\/beavertechcanada.com\\\/fr\\\/\",\"name\":\"BeaverTech\",\"description\":\"D\u00e9broussailleuses pour VTT, tracteurs, surfaceurs et excavatrices\",\"potentialAction\":[{\"@type\":\"SearchAction\",\"target\":{\"@type\":\"EntryPoint\",\"urlTemplate\":\"https:\\\/\\\/beavertechcanada.com\\\/fr\\\/?s={search_term_string}\"},\"query-input\":{\"@type\":\"PropertyValueSpecification\",\"valueRequired\":true,\"valueName\":\"search_term_string\"}}],\"inLanguage\":\"fr-FR\"}]}<\/script>\n<!-- \/ Yoast SEO plugin. -->","yoast_head_json":{"title":"D\u00e9broussailleuse VTT DEBVTT13 | BeaverTech","robots":{"index":"index","follow":"follow","max-snippet":"max-snippet:-1","max-image-preview":"max-image-preview:large","max-video-preview":"max-video-preview:-1"},"canonical":"https:\/\/beavertechcanada.com\/fr\/produit\/debroussailleuse-vtt-debvtt13\/","og_locale":"fr_FR","og_type":"article","og_title":"D\u00e9broussailleuse VTT DEBVTT13 | BeaverTech","og_description":"\u00c9quip\u00e9e d'un moteur Honda GX390 qui n'a pas besoin de pr\u00e9sentation, la DEBVTT13 est la BeaverTech la plus populaire depuis plus de 10 ans.","og_url":"https:\/\/beavertechcanada.com\/fr\/produit\/debroussailleuse-vtt-debvtt13\/","og_site_name":"BeaverTech","article_publisher":"https:\/\/www.facebook.com\/debroussailleusebeavertech","article_modified_time":"2026-01-30T19:45:08+00:00","og_image":[{"width":980,"height":735,"url":"https:\/\/beavertechcanada.com\/wp-content\/uploads\/2024\/10\/DEBVTT-13-beavertech-2.jpg","type":"image\/jpeg"}],"twitter_card":"summary_large_image","twitter_misc":{"Dur\u00e9e de lecture estim\u00e9e":"1 minute"},"schema":{"@context":"https:\/\/schema.org","@graph":[{"@type":"WebPage","@id":"https:\/\/beavertechcanada.com\/fr\/produit\/debroussailleuse-vtt-debvtt13\/","url":"https:\/\/beavertechcanada.com\/fr\/produit\/debroussailleuse-vtt-debvtt13\/","name":"D\u00e9broussailleuse VTT DEBVTT13 | BeaverTech","isPartOf":{"@id":"https:\/\/beavertechcanada.com\/fr\/#website"},"primaryImageOfPage":{"@id":"https:\/\/beavertechcanada.com\/fr\/produit\/debroussailleuse-vtt-debvtt13\/#primaryimage"},"image":{"@id":"https:\/\/beavertechcanada.com\/fr\/produit\/debroussailleuse-vtt-debvtt13\/#primaryimage"},"thumbnailUrl":"https:\/\/beavertechcanada.com\/wp-content\/uploads\/2024\/10\/DEBVTT-13-beavertech-2.jpg","datePublished":"2024-10-28T13:10:52+00:00","dateModified":"2026-01-30T19:45:08+00:00","breadcrumb":{"@id":"https:\/\/beavertechcanada.com\/fr\/produit\/debroussailleuse-vtt-debvtt13\/#breadcrumb"},"inLanguage":"fr-FR","potentialAction":[{"@type":"ReadAction","target":["https:\/\/beavertechcanada.com\/fr\/produit\/debroussailleuse-vtt-debvtt13\/"]}]},{"@type":"ImageObject","inLanguage":"fr-FR","@id":"https:\/\/beavertechcanada.com\/fr\/produit\/debroussailleuse-vtt-debvtt13\/#primaryimage","url":"https:\/\/beavertechcanada.com\/wp-content\/uploads\/2024\/10\/DEBVTT-13-beavertech-2.jpg","contentUrl":"https:\/\/beavertechcanada.com\/wp-content\/uploads\/2024\/10\/DEBVTT-13-beavertech-2.jpg","width":980,"height":735,"caption":"DEBVTT-13-beavertech-2"},{"@type":"BreadcrumbList","@id":"https:\/\/beavertechcanada.com\/fr\/produit\/debroussailleuse-vtt-debvtt13\/#breadcrumb","itemListElement":[{"@type":"ListItem","position":1,"name":"Accueil","item":"https:\/\/beavertechcanada.com\/fr\/"},{"@type":"ListItem","position":2,"name":"Boutique","item":"https:\/\/beavertechcanada.com\/fr\/boutique\/"},{"@type":"ListItem","position":3,"name":"D\u00e9broussailleuse VTT DEBVTT13"}]},{"@type":"WebSite","@id":"https:\/\/beavertechcanada.com\/fr\/#website","url":"https:\/\/beavertechcanada.com\/fr\/","name":"BeaverTech","description":"D\u00e9broussailleuses pour VTT, tracteurs, surfaceurs et excavatrices","potentialAction":[{"@type":"SearchAction","target":{"@type":"EntryPoint","urlTemplate":"https:\/\/beavertechcanada.com\/fr\/?s={search_term_string}"},"query-input":{"@type":"PropertyValueSpecification","valueRequired":true,"valueName":"search_term_string"}}],"inLanguage":"fr-FR"}]}},"_links":{"self":[{"href":"https:\/\/beavertechcanada.com\/fr\/wp-json\/wp\/v2\/product\/522","targetHints":{"allow":["GET"]}}],"collection":[{"href":"https:\/\/beavertechcanada.com\/fr\/wp-json\/wp\/v2\/product"}],"about":[{"href":"https:\/\/beavertechcanada.com\/fr\/wp-json\/wp\/v2\/types\/product"}],"wp:featuredmedia":[{"embeddable":true,"href":"https:\/\/beavertechcanada.com\/fr\/wp-json\/wp\/v2\/media\/523"}],"wp:attachment":[{"href":"https:\/\/beavertechcanada.com\/fr\/wp-json\/wp\/v2\/media?parent=522"}],"wp:term":[{"taxonomy":"product_brand","embeddable":true,"href":"https:\/\/beavertechcanada.com\/fr\/wp-json\/wp\/v2\/product_brand?post=522"},{"taxonomy":"product_cat","embeddable":true,"href":"https:\/\/beavertechcanada.com\/fr\/wp-json\/wp\/v2\/product_cat?post=522"},{"taxonomy":"product_tag","embeddable":true,"href":"https:\/\/beavertechcanada.com\/fr\/wp-json\/wp\/v2\/product_tag?post=522"}],"curies":[{"name":"wp","href":"https:\/\/api.w.org\/{rel}","templated":true}]}}