{"id":691,"date":"2025-01-30T10:41:41","date_gmt":"2025-01-30T15:41:41","guid":{"rendered":"https:\/\/beavertechcanada.com\/?post_type=product&#038;p=691"},"modified":"2026-01-30T14:39:51","modified_gmt":"2026-01-30T19:39:51","slug":"option-attache-tracteur-pour-debroussailleuse-vtt-debclamattach","status":"publish","type":"product","link":"https:\/\/beavertechcanada.com\/fr\/produit\/option-attache-tracteur-pour-debroussailleuse-vtt-debclamattach\/","title":{"rendered":"Option attache tracteur pour d\u00e9broussailleuse VTT DEBCLAMATTACH"},"content":{"rendered":"","protected":false},"excerpt":{"rendered":"<p>Cette option est sp\u00e9cialement con\u00e7ue pour fixer votre <strong>d\u00e9broussailleuse VTT beavertech<\/strong> sur n\u2019importe quel godet de tracteur ou chargeur !<\/p>\n<p>Elle vous permettra d\u2019effectuer vos travaux en hauteur ou par-dessus les foss\u00e9s et obstacles, en plus de d\u00e9porter votre d\u00e9broussailleuse de<strong> 60\u2019\u2019 \u00e0 la droite<\/strong> de votre machinerie.<\/p>\n","protected":false},"featured_media":730,"template":"","meta":{"_et_pb_use_builder":"","_et_pb_old_content":"","_et_gb_content_width":""},"product_brand":[],"product_cat":[35,34],"product_tag":[],"class_list":{"0":"post-691","1":"product","2":"type-product","3":"status-publish","4":"has-post-thumbnail","6":"product_cat-tracteur-loader-frontal","7":"product_cat-vtt","9":"first","10":"instock","11":"shipping-taxable","12":"purchasable","13":"product-type-simple"},"yoast_head":"<!-- This site is optimized with the Yoast SEO plugin v27.4 - https:\/\/yoast.com\/product\/yoast-seo-wordpress\/ -->\n<title>Option attache tracteur pour d\u00e9broussailleuse VTT DEBCLAMATTACH | BeaverTech<\/title>\n<meta name=\"robots\" content=\"index, follow, max-snippet:-1, max-image-preview:large, max-video-preview:-1\" \/>\n<link rel=\"canonical\" href=\"https:\/\/beavertechcanada.com\/fr\/produit\/option-attache-tracteur-pour-debroussailleuse-vtt-debclamattach\/\" \/>\n<meta property=\"og:locale\" content=\"fr_FR\" \/>\n<meta property=\"og:type\" content=\"article\" \/>\n<meta property=\"og:title\" content=\"Option attache tracteur pour d\u00e9broussailleuse VTT DEBCLAMATTACH | BeaverTech\" \/>\n<meta property=\"og:description\" content=\"Cette option est sp\u00e9cialement con\u00e7ue pour fixer votre d\u00e9broussailleuse VTT beavertech sur n\u2019importe quel godet de tracteur ou chargeur !  Elle vous permettra d\u2019effectuer vos travaux en hauteur ou par-dessus les foss\u00e9s et obstacles, en plus de d\u00e9porter votre d\u00e9broussailleuse de 60\u2019\u2019 \u00e0 la droite de votre machinerie.\" \/>\n<meta property=\"og:url\" content=\"https:\/\/beavertechcanada.com\/fr\/produit\/option-attache-tracteur-pour-debroussailleuse-vtt-debclamattach\/\" \/>\n<meta property=\"og:site_name\" content=\"BeaverTech\" \/>\n<meta property=\"article:publisher\" content=\"https:\/\/www.facebook.com\/debroussailleusebeavertech\" \/>\n<meta property=\"article:modified_time\" content=\"2026-01-30T19:39:51+00:00\" \/>\n<meta property=\"og:image\" content=\"https:\/\/beavertechcanada.com\/wp-content\/uploads\/2024\/12\/clam-attache-debroussailleuse-beavertech-01.jpg\" \/>\n\t<meta property=\"og:image:width\" content=\"980\" \/>\n\t<meta property=\"og:image:height\" content=\"735\" \/>\n\t<meta property=\"og:image:type\" content=\"image\/jpeg\" \/>\n<meta name=\"twitter:card\" content=\"summary_large_image\" \/>\n<meta name=\"twitter:label1\" content=\"Dur\u00e9e de lecture estim\u00e9e\" \/>\n\t<meta name=\"twitter:data1\" content=\"1 minute\" \/>\n<script type=\"application\/ld+json\" class=\"yoast-schema-graph\">{\"@context\":\"https:\\\/\\\/schema.org\",\"@graph\":[{\"@type\":\"WebPage\",\"@id\":\"https:\\\/\\\/beavertechcanada.com\\\/fr\\\/produit\\\/option-attache-tracteur-pour-debroussailleuse-vtt-debclamattach\\\/\",\"url\":\"https:\\\/\\\/beavertechcanada.com\\\/fr\\\/produit\\\/option-attache-tracteur-pour-debroussailleuse-vtt-debclamattach\\\/\",\"name\":\"Option attache tracteur pour d\u00e9broussailleuse VTT DEBCLAMATTACH | BeaverTech\",\"isPartOf\":{\"@id\":\"https:\\\/\\\/beavertechcanada.com\\\/fr\\\/#website\"},\"primaryImageOfPage\":{\"@id\":\"https:\\\/\\\/beavertechcanada.com\\\/fr\\\/produit\\\/option-attache-tracteur-pour-debroussailleuse-vtt-debclamattach\\\/#primaryimage\"},\"image\":{\"@id\":\"https:\\\/\\\/beavertechcanada.com\\\/fr\\\/produit\\\/option-attache-tracteur-pour-debroussailleuse-vtt-debclamattach\\\/#primaryimage\"},\"thumbnailUrl\":\"https:\\\/\\\/beavertechcanada.com\\\/wp-content\\\/uploads\\\/2024\\\/12\\\/clam-attache-debroussailleuse-beavertech-01.jpg\",\"datePublished\":\"2025-01-30T15:41:41+00:00\",\"dateModified\":\"2026-01-30T19:39:51+00:00\",\"breadcrumb\":{\"@id\":\"https:\\\/\\\/beavertechcanada.com\\\/fr\\\/produit\\\/option-attache-tracteur-pour-debroussailleuse-vtt-debclamattach\\\/#breadcrumb\"},\"inLanguage\":\"fr-FR\",\"potentialAction\":[{\"@type\":\"ReadAction\",\"target\":[\"https:\\\/\\\/beavertechcanada.com\\\/fr\\\/produit\\\/option-attache-tracteur-pour-debroussailleuse-vtt-debclamattach\\\/\"]}]},{\"@type\":\"ImageObject\",\"inLanguage\":\"fr-FR\",\"@id\":\"https:\\\/\\\/beavertechcanada.com\\\/fr\\\/produit\\\/option-attache-tracteur-pour-debroussailleuse-vtt-debclamattach\\\/#primaryimage\",\"url\":\"https:\\\/\\\/beavertechcanada.com\\\/wp-content\\\/uploads\\\/2024\\\/12\\\/clam-attache-debroussailleuse-beavertech-01.jpg\",\"contentUrl\":\"https:\\\/\\\/beavertechcanada.com\\\/wp-content\\\/uploads\\\/2024\\\/12\\\/clam-attache-debroussailleuse-beavertech-01.jpg\",\"width\":980,\"height\":735,\"caption\":\"clam-attache-debroussailleuse-beavertech-01\"},{\"@type\":\"BreadcrumbList\",\"@id\":\"https:\\\/\\\/beavertechcanada.com\\\/fr\\\/produit\\\/option-attache-tracteur-pour-debroussailleuse-vtt-debclamattach\\\/#breadcrumb\",\"itemListElement\":[{\"@type\":\"ListItem\",\"position\":1,\"name\":\"Accueil\",\"item\":\"https:\\\/\\\/beavertechcanada.com\\\/fr\\\/\"},{\"@type\":\"ListItem\",\"position\":2,\"name\":\"Boutique\",\"item\":\"https:\\\/\\\/beavertechcanada.com\\\/fr\\\/boutique\\\/\"},{\"@type\":\"ListItem\",\"position\":3,\"name\":\"Option attache tracteur pour d\u00e9broussailleuse VTT DEBCLAMATTACH\"}]},{\"@type\":\"WebSite\",\"@id\":\"https:\\\/\\\/beavertechcanada.com\\\/fr\\\/#website\",\"url\":\"https:\\\/\\\/beavertechcanada.com\\\/fr\\\/\",\"name\":\"BeaverTech\",\"description\":\"D\u00e9broussailleuses pour VTT, tracteurs, surfaceurs et excavatrices\",\"potentialAction\":[{\"@type\":\"SearchAction\",\"target\":{\"@type\":\"EntryPoint\",\"urlTemplate\":\"https:\\\/\\\/beavertechcanada.com\\\/fr\\\/?s={search_term_string}\"},\"query-input\":{\"@type\":\"PropertyValueSpecification\",\"valueRequired\":true,\"valueName\":\"search_term_string\"}}],\"inLanguage\":\"fr-FR\"}]}<\/script>\n<!-- \/ Yoast SEO plugin. -->","yoast_head_json":{"title":"Option attache tracteur pour d\u00e9broussailleuse VTT DEBCLAMATTACH | BeaverTech","robots":{"index":"index","follow":"follow","max-snippet":"max-snippet:-1","max-image-preview":"max-image-preview:large","max-video-preview":"max-video-preview:-1"},"canonical":"https:\/\/beavertechcanada.com\/fr\/produit\/option-attache-tracteur-pour-debroussailleuse-vtt-debclamattach\/","og_locale":"fr_FR","og_type":"article","og_title":"Option attache tracteur pour d\u00e9broussailleuse VTT DEBCLAMATTACH | BeaverTech","og_description":"Cette option est sp\u00e9cialement con\u00e7ue pour fixer votre d\u00e9broussailleuse VTT beavertech sur n\u2019importe quel godet de tracteur ou chargeur !  Elle vous permettra d\u2019effectuer vos travaux en hauteur ou par-dessus les foss\u00e9s et obstacles, en plus de d\u00e9porter votre d\u00e9broussailleuse de 60\u2019\u2019 \u00e0 la droite de votre machinerie.","og_url":"https:\/\/beavertechcanada.com\/fr\/produit\/option-attache-tracteur-pour-debroussailleuse-vtt-debclamattach\/","og_site_name":"BeaverTech","article_publisher":"https:\/\/www.facebook.com\/debroussailleusebeavertech","article_modified_time":"2026-01-30T19:39:51+00:00","og_image":[{"width":980,"height":735,"url":"https:\/\/beavertechcanada.com\/wp-content\/uploads\/2024\/12\/clam-attache-debroussailleuse-beavertech-01.jpg","type":"image\/jpeg"}],"twitter_card":"summary_large_image","twitter_misc":{"Dur\u00e9e de lecture estim\u00e9e":"1 minute"},"schema":{"@context":"https:\/\/schema.org","@graph":[{"@type":"WebPage","@id":"https:\/\/beavertechcanada.com\/fr\/produit\/option-attache-tracteur-pour-debroussailleuse-vtt-debclamattach\/","url":"https:\/\/beavertechcanada.com\/fr\/produit\/option-attache-tracteur-pour-debroussailleuse-vtt-debclamattach\/","name":"Option attache tracteur pour d\u00e9broussailleuse VTT DEBCLAMATTACH | BeaverTech","isPartOf":{"@id":"https:\/\/beavertechcanada.com\/fr\/#website"},"primaryImageOfPage":{"@id":"https:\/\/beavertechcanada.com\/fr\/produit\/option-attache-tracteur-pour-debroussailleuse-vtt-debclamattach\/#primaryimage"},"image":{"@id":"https:\/\/beavertechcanada.com\/fr\/produit\/option-attache-tracteur-pour-debroussailleuse-vtt-debclamattach\/#primaryimage"},"thumbnailUrl":"https:\/\/beavertechcanada.com\/wp-content\/uploads\/2024\/12\/clam-attache-debroussailleuse-beavertech-01.jpg","datePublished":"2025-01-30T15:41:41+00:00","dateModified":"2026-01-30T19:39:51+00:00","breadcrumb":{"@id":"https:\/\/beavertechcanada.com\/fr\/produit\/option-attache-tracteur-pour-debroussailleuse-vtt-debclamattach\/#breadcrumb"},"inLanguage":"fr-FR","potentialAction":[{"@type":"ReadAction","target":["https:\/\/beavertechcanada.com\/fr\/produit\/option-attache-tracteur-pour-debroussailleuse-vtt-debclamattach\/"]}]},{"@type":"ImageObject","inLanguage":"fr-FR","@id":"https:\/\/beavertechcanada.com\/fr\/produit\/option-attache-tracteur-pour-debroussailleuse-vtt-debclamattach\/#primaryimage","url":"https:\/\/beavertechcanada.com\/wp-content\/uploads\/2024\/12\/clam-attache-debroussailleuse-beavertech-01.jpg","contentUrl":"https:\/\/beavertechcanada.com\/wp-content\/uploads\/2024\/12\/clam-attache-debroussailleuse-beavertech-01.jpg","width":980,"height":735,"caption":"clam-attache-debroussailleuse-beavertech-01"},{"@type":"BreadcrumbList","@id":"https:\/\/beavertechcanada.com\/fr\/produit\/option-attache-tracteur-pour-debroussailleuse-vtt-debclamattach\/#breadcrumb","itemListElement":[{"@type":"ListItem","position":1,"name":"Accueil","item":"https:\/\/beavertechcanada.com\/fr\/"},{"@type":"ListItem","position":2,"name":"Boutique","item":"https:\/\/beavertechcanada.com\/fr\/boutique\/"},{"@type":"ListItem","position":3,"name":"Option attache tracteur pour d\u00e9broussailleuse VTT DEBCLAMATTACH"}]},{"@type":"WebSite","@id":"https:\/\/beavertechcanada.com\/fr\/#website","url":"https:\/\/beavertechcanada.com\/fr\/","name":"BeaverTech","description":"D\u00e9broussailleuses pour VTT, tracteurs, surfaceurs et excavatrices","potentialAction":[{"@type":"SearchAction","target":{"@type":"EntryPoint","urlTemplate":"https:\/\/beavertechcanada.com\/fr\/?s={search_term_string}"},"query-input":{"@type":"PropertyValueSpecification","valueRequired":true,"valueName":"search_term_string"}}],"inLanguage":"fr-FR"}]}},"_links":{"self":[{"href":"https:\/\/beavertechcanada.com\/fr\/wp-json\/wp\/v2\/product\/691","targetHints":{"allow":["GET"]}}],"collection":[{"href":"https:\/\/beavertechcanada.com\/fr\/wp-json\/wp\/v2\/product"}],"about":[{"href":"https:\/\/beavertechcanada.com\/fr\/wp-json\/wp\/v2\/types\/product"}],"wp:featuredmedia":[{"embeddable":true,"href":"https:\/\/beavertechcanada.com\/fr\/wp-json\/wp\/v2\/media\/730"}],"wp:attachment":[{"href":"https:\/\/beavertechcanada.com\/fr\/wp-json\/wp\/v2\/media?parent=691"}],"wp:term":[{"taxonomy":"product_brand","embeddable":true,"href":"https:\/\/beavertechcanada.com\/fr\/wp-json\/wp\/v2\/product_brand?post=691"},{"taxonomy":"product_cat","embeddable":true,"href":"https:\/\/beavertechcanada.com\/fr\/wp-json\/wp\/v2\/product_cat?post=691"},{"taxonomy":"product_tag","embeddable":true,"href":"https:\/\/beavertechcanada.com\/fr\/wp-json\/wp\/v2\/product_tag?post=691"}],"curies":[{"name":"wp","href":"https:\/\/api.w.org\/{rel}","templated":true}]}}