{"id":693,"date":"2024-12-20T14:38:35","date_gmt":"2024-12-20T19:38:35","guid":{"rendered":"https:\/\/beavertechcanada.com\/?post_type=product&#038;p=693"},"modified":"2026-01-30T14:42:11","modified_gmt":"2026-01-30T19:42:11","slug":"option-kit-de-ski-pour-debroussailleuse-vtt-debkitpatins","status":"publish","type":"product","link":"https:\/\/beavertechcanada.com\/fr\/produit\/option-kit-de-ski-pour-debroussailleuse-vtt-debkitpatins\/","title":{"rendered":"Option kit de ski pour d\u00e9broussailleuse VTT DEBKITPATINS"},"content":{"rendered":"","protected":false},"excerpt":{"rendered":"<p><strong>Beavertech<\/strong> vous offre l\u2019option de pouvoir profiter de votre d\u00e9broussailleuse VTT m\u00eame en hiver avec <strong>son ensemble de patins!<\/strong><\/p>\n<p>Cette option est id\u00e9ale pour l\u2019entretien de <strong>sentier de motoneige<\/strong> en d\u00e9but de saison ou encore pour l\u2019entretien des <strong>sentiers et sites nourriciers<\/strong> pour la chasse.<\/p>\n","protected":false},"featured_media":735,"template":"","meta":{"_et_pb_use_builder":"","_et_pb_old_content":"","_et_gb_content_width":""},"product_brand":[],"product_cat":[34],"product_tag":[],"class_list":{"0":"post-693","1":"product","2":"type-product","3":"status-publish","4":"has-post-thumbnail","6":"product_cat-vtt","8":"first","9":"instock","10":"shipping-taxable","11":"purchasable","12":"product-type-simple"},"yoast_head":"<!-- This site is optimized with the Yoast SEO plugin v27.4 - https:\/\/yoast.com\/product\/yoast-seo-wordpress\/ -->\n<title>Option kit de ski pour d\u00e9broussailleuse VTT DEBKITPATINS | BeaverTech<\/title>\n<meta name=\"robots\" content=\"index, follow, max-snippet:-1, max-image-preview:large, max-video-preview:-1\" \/>\n<link rel=\"canonical\" href=\"https:\/\/beavertechcanada.com\/fr\/produit\/option-kit-de-ski-pour-debroussailleuse-vtt-debkitpatins\/\" \/>\n<meta property=\"og:locale\" content=\"fr_FR\" \/>\n<meta property=\"og:type\" content=\"article\" \/>\n<meta property=\"og:title\" content=\"Option kit de ski pour d\u00e9broussailleuse VTT DEBKITPATINS | BeaverTech\" \/>\n<meta property=\"og:description\" content=\"Beavertech vous offre l\u2019option de pouvoir profiter de votre d\u00e9broussailleuse VTT m\u00eame en hiver avec son ensemble de patins!  Cette option est id\u00e9ale pour l\u2019entretien de sentier de motoneige en d\u00e9but de saison ou encore pour l\u2019entretien des sentiers et sites nourriciers pour la chasse.\" \/>\n<meta property=\"og:url\" content=\"https:\/\/beavertechcanada.com\/fr\/produit\/option-kit-de-ski-pour-debroussailleuse-vtt-debkitpatins\/\" \/>\n<meta property=\"og:site_name\" content=\"BeaverTech\" \/>\n<meta property=\"article:publisher\" content=\"https:\/\/www.facebook.com\/debroussailleusebeavertech\" \/>\n<meta property=\"article:modified_time\" content=\"2026-01-30T19:42:11+00:00\" \/>\n<meta property=\"og:image\" content=\"https:\/\/beavertechcanada.com\/wp-content\/uploads\/2024\/12\/kit-patin-debroussailleuse-beavertech.jpg\" \/>\n\t<meta property=\"og:image:width\" content=\"980\" \/>\n\t<meta property=\"og:image:height\" content=\"735\" \/>\n\t<meta property=\"og:image:type\" content=\"image\/jpeg\" \/>\n<meta name=\"twitter:card\" content=\"summary_large_image\" \/>\n<meta name=\"twitter:label1\" content=\"Dur\u00e9e de lecture estim\u00e9e\" \/>\n\t<meta name=\"twitter:data1\" content=\"1 minute\" \/>\n<script type=\"application\/ld+json\" class=\"yoast-schema-graph\">{\"@context\":\"https:\\\/\\\/schema.org\",\"@graph\":[{\"@type\":\"WebPage\",\"@id\":\"https:\\\/\\\/beavertechcanada.com\\\/fr\\\/produit\\\/option-kit-de-ski-pour-debroussailleuse-vtt-debkitpatins\\\/\",\"url\":\"https:\\\/\\\/beavertechcanada.com\\\/fr\\\/produit\\\/option-kit-de-ski-pour-debroussailleuse-vtt-debkitpatins\\\/\",\"name\":\"Option kit de ski pour d\u00e9broussailleuse VTT DEBKITPATINS | BeaverTech\",\"isPartOf\":{\"@id\":\"https:\\\/\\\/beavertechcanada.com\\\/fr\\\/#website\"},\"primaryImageOfPage\":{\"@id\":\"https:\\\/\\\/beavertechcanada.com\\\/fr\\\/produit\\\/option-kit-de-ski-pour-debroussailleuse-vtt-debkitpatins\\\/#primaryimage\"},\"image\":{\"@id\":\"https:\\\/\\\/beavertechcanada.com\\\/fr\\\/produit\\\/option-kit-de-ski-pour-debroussailleuse-vtt-debkitpatins\\\/#primaryimage\"},\"thumbnailUrl\":\"https:\\\/\\\/beavertechcanada.com\\\/wp-content\\\/uploads\\\/2024\\\/12\\\/kit-patin-debroussailleuse-beavertech.jpg\",\"datePublished\":\"2024-12-20T19:38:35+00:00\",\"dateModified\":\"2026-01-30T19:42:11+00:00\",\"breadcrumb\":{\"@id\":\"https:\\\/\\\/beavertechcanada.com\\\/fr\\\/produit\\\/option-kit-de-ski-pour-debroussailleuse-vtt-debkitpatins\\\/#breadcrumb\"},\"inLanguage\":\"fr-FR\",\"potentialAction\":[{\"@type\":\"ReadAction\",\"target\":[\"https:\\\/\\\/beavertechcanada.com\\\/fr\\\/produit\\\/option-kit-de-ski-pour-debroussailleuse-vtt-debkitpatins\\\/\"]}]},{\"@type\":\"ImageObject\",\"inLanguage\":\"fr-FR\",\"@id\":\"https:\\\/\\\/beavertechcanada.com\\\/fr\\\/produit\\\/option-kit-de-ski-pour-debroussailleuse-vtt-debkitpatins\\\/#primaryimage\",\"url\":\"https:\\\/\\\/beavertechcanada.com\\\/wp-content\\\/uploads\\\/2024\\\/12\\\/kit-patin-debroussailleuse-beavertech.jpg\",\"contentUrl\":\"https:\\\/\\\/beavertechcanada.com\\\/wp-content\\\/uploads\\\/2024\\\/12\\\/kit-patin-debroussailleuse-beavertech.jpg\",\"width\":980,\"height\":735,\"caption\":\"kit-patin-debroussailleuse-beavertech\"},{\"@type\":\"BreadcrumbList\",\"@id\":\"https:\\\/\\\/beavertechcanada.com\\\/fr\\\/produit\\\/option-kit-de-ski-pour-debroussailleuse-vtt-debkitpatins\\\/#breadcrumb\",\"itemListElement\":[{\"@type\":\"ListItem\",\"position\":1,\"name\":\"Accueil\",\"item\":\"https:\\\/\\\/beavertechcanada.com\\\/fr\\\/\"},{\"@type\":\"ListItem\",\"position\":2,\"name\":\"Boutique\",\"item\":\"https:\\\/\\\/beavertechcanada.com\\\/fr\\\/boutique\\\/\"},{\"@type\":\"ListItem\",\"position\":3,\"name\":\"Option kit de ski pour d\u00e9broussailleuse VTT DEBKITPATINS\"}]},{\"@type\":\"WebSite\",\"@id\":\"https:\\\/\\\/beavertechcanada.com\\\/fr\\\/#website\",\"url\":\"https:\\\/\\\/beavertechcanada.com\\\/fr\\\/\",\"name\":\"BeaverTech\",\"description\":\"D\u00e9broussailleuses pour VTT, tracteurs, surfaceurs et excavatrices\",\"potentialAction\":[{\"@type\":\"SearchAction\",\"target\":{\"@type\":\"EntryPoint\",\"urlTemplate\":\"https:\\\/\\\/beavertechcanada.com\\\/fr\\\/?s={search_term_string}\"},\"query-input\":{\"@type\":\"PropertyValueSpecification\",\"valueRequired\":true,\"valueName\":\"search_term_string\"}}],\"inLanguage\":\"fr-FR\"}]}<\/script>\n<!-- \/ Yoast SEO plugin. -->","yoast_head_json":{"title":"Option kit de ski pour d\u00e9broussailleuse VTT DEBKITPATINS | BeaverTech","robots":{"index":"index","follow":"follow","max-snippet":"max-snippet:-1","max-image-preview":"max-image-preview:large","max-video-preview":"max-video-preview:-1"},"canonical":"https:\/\/beavertechcanada.com\/fr\/produit\/option-kit-de-ski-pour-debroussailleuse-vtt-debkitpatins\/","og_locale":"fr_FR","og_type":"article","og_title":"Option kit de ski pour d\u00e9broussailleuse VTT DEBKITPATINS | BeaverTech","og_description":"Beavertech vous offre l\u2019option de pouvoir profiter de votre d\u00e9broussailleuse VTT m\u00eame en hiver avec son ensemble de patins!  Cette option est id\u00e9ale pour l\u2019entretien de sentier de motoneige en d\u00e9but de saison ou encore pour l\u2019entretien des sentiers et sites nourriciers pour la chasse.","og_url":"https:\/\/beavertechcanada.com\/fr\/produit\/option-kit-de-ski-pour-debroussailleuse-vtt-debkitpatins\/","og_site_name":"BeaverTech","article_publisher":"https:\/\/www.facebook.com\/debroussailleusebeavertech","article_modified_time":"2026-01-30T19:42:11+00:00","og_image":[{"width":980,"height":735,"url":"https:\/\/beavertechcanada.com\/wp-content\/uploads\/2024\/12\/kit-patin-debroussailleuse-beavertech.jpg","type":"image\/jpeg"}],"twitter_card":"summary_large_image","twitter_misc":{"Dur\u00e9e de lecture estim\u00e9e":"1 minute"},"schema":{"@context":"https:\/\/schema.org","@graph":[{"@type":"WebPage","@id":"https:\/\/beavertechcanada.com\/fr\/produit\/option-kit-de-ski-pour-debroussailleuse-vtt-debkitpatins\/","url":"https:\/\/beavertechcanada.com\/fr\/produit\/option-kit-de-ski-pour-debroussailleuse-vtt-debkitpatins\/","name":"Option kit de ski pour d\u00e9broussailleuse VTT DEBKITPATINS | BeaverTech","isPartOf":{"@id":"https:\/\/beavertechcanada.com\/fr\/#website"},"primaryImageOfPage":{"@id":"https:\/\/beavertechcanada.com\/fr\/produit\/option-kit-de-ski-pour-debroussailleuse-vtt-debkitpatins\/#primaryimage"},"image":{"@id":"https:\/\/beavertechcanada.com\/fr\/produit\/option-kit-de-ski-pour-debroussailleuse-vtt-debkitpatins\/#primaryimage"},"thumbnailUrl":"https:\/\/beavertechcanada.com\/wp-content\/uploads\/2024\/12\/kit-patin-debroussailleuse-beavertech.jpg","datePublished":"2024-12-20T19:38:35+00:00","dateModified":"2026-01-30T19:42:11+00:00","breadcrumb":{"@id":"https:\/\/beavertechcanada.com\/fr\/produit\/option-kit-de-ski-pour-debroussailleuse-vtt-debkitpatins\/#breadcrumb"},"inLanguage":"fr-FR","potentialAction":[{"@type":"ReadAction","target":["https:\/\/beavertechcanada.com\/fr\/produit\/option-kit-de-ski-pour-debroussailleuse-vtt-debkitpatins\/"]}]},{"@type":"ImageObject","inLanguage":"fr-FR","@id":"https:\/\/beavertechcanada.com\/fr\/produit\/option-kit-de-ski-pour-debroussailleuse-vtt-debkitpatins\/#primaryimage","url":"https:\/\/beavertechcanada.com\/wp-content\/uploads\/2024\/12\/kit-patin-debroussailleuse-beavertech.jpg","contentUrl":"https:\/\/beavertechcanada.com\/wp-content\/uploads\/2024\/12\/kit-patin-debroussailleuse-beavertech.jpg","width":980,"height":735,"caption":"kit-patin-debroussailleuse-beavertech"},{"@type":"BreadcrumbList","@id":"https:\/\/beavertechcanada.com\/fr\/produit\/option-kit-de-ski-pour-debroussailleuse-vtt-debkitpatins\/#breadcrumb","itemListElement":[{"@type":"ListItem","position":1,"name":"Accueil","item":"https:\/\/beavertechcanada.com\/fr\/"},{"@type":"ListItem","position":2,"name":"Boutique","item":"https:\/\/beavertechcanada.com\/fr\/boutique\/"},{"@type":"ListItem","position":3,"name":"Option kit de ski pour d\u00e9broussailleuse VTT DEBKITPATINS"}]},{"@type":"WebSite","@id":"https:\/\/beavertechcanada.com\/fr\/#website","url":"https:\/\/beavertechcanada.com\/fr\/","name":"BeaverTech","description":"D\u00e9broussailleuses pour VTT, tracteurs, surfaceurs et excavatrices","potentialAction":[{"@type":"SearchAction","target":{"@type":"EntryPoint","urlTemplate":"https:\/\/beavertechcanada.com\/fr\/?s={search_term_string}"},"query-input":{"@type":"PropertyValueSpecification","valueRequired":true,"valueName":"search_term_string"}}],"inLanguage":"fr-FR"}]}},"_links":{"self":[{"href":"https:\/\/beavertechcanada.com\/fr\/wp-json\/wp\/v2\/product\/693","targetHints":{"allow":["GET"]}}],"collection":[{"href":"https:\/\/beavertechcanada.com\/fr\/wp-json\/wp\/v2\/product"}],"about":[{"href":"https:\/\/beavertechcanada.com\/fr\/wp-json\/wp\/v2\/types\/product"}],"wp:featuredmedia":[{"embeddable":true,"href":"https:\/\/beavertechcanada.com\/fr\/wp-json\/wp\/v2\/media\/735"}],"wp:attachment":[{"href":"https:\/\/beavertechcanada.com\/fr\/wp-json\/wp\/v2\/media?parent=693"}],"wp:term":[{"taxonomy":"product_brand","embeddable":true,"href":"https:\/\/beavertechcanada.com\/fr\/wp-json\/wp\/v2\/product_brand?post=693"},{"taxonomy":"product_cat","embeddable":true,"href":"https:\/\/beavertechcanada.com\/fr\/wp-json\/wp\/v2\/product_cat?post=693"},{"taxonomy":"product_tag","embeddable":true,"href":"https:\/\/beavertechcanada.com\/fr\/wp-json\/wp\/v2\/product_tag?post=693"}],"curies":[{"name":"wp","href":"https:\/\/api.w.org\/{rel}","templated":true}]}}