{"id":696,"date":"2024-12-20T14:40:11","date_gmt":"2024-12-20T19:40:11","guid":{"rendered":"https:\/\/beavertechcanada.com\/?post_type=product&#038;p=696"},"modified":"2026-01-30T14:41:45","modified_gmt":"2026-01-30T19:41:45","slug":"option-grappin-pour-debroussailleuse-excavatrice-debgrap24-debgrap36","status":"publish","type":"product","link":"https:\/\/beavertechcanada.com\/fr\/produit\/option-grappin-pour-debroussailleuse-excavatrice-debgrap24-debgrap36\/","title":{"rendered":"Option grappin pour d\u00e9broussailleuse excavatrice DEBGRAP24 \/ DEBGRAP36"},"content":{"rendered":"","protected":false},"excerpt":{"rendered":"<p>Cette option s\u2019adapte directement sur l\u2019attache de votre <strong>d\u00e9broussailleuse excavatrice<\/strong>!<\/p>\n<p>Elle vous permet de <strong>manipuler arbres, souches, roches et les branches coup\u00e9es<\/strong> qui tombent dans vos sentiers tout en effectuant vos travaux de d\u00e9broussaillage.<\/p>\n","protected":false},"featured_media":719,"template":"","meta":{"_et_pb_use_builder":"","_et_pb_old_content":"","_et_gb_content_width":""},"product_brand":[],"product_cat":[36],"product_tag":[],"class_list":{"0":"post-696","1":"product","2":"type-product","3":"status-publish","4":"has-post-thumbnail","6":"product_cat-excavatrice","8":"first","9":"instock","10":"shipping-taxable","11":"purchasable","12":"product-type-simple"},"yoast_head":"<!-- This site is optimized with the Yoast SEO plugin v27.6 - https:\/\/yoast.com\/product\/yoast-seo-wordpress\/ -->\n<title>Option grappin pour d\u00e9broussailleuse excavatrice DEBGRAP24 \/ DEBGRAP36 | BeaverTech<\/title>\n<meta name=\"robots\" content=\"index, follow, max-snippet:-1, max-image-preview:large, max-video-preview:-1\" \/>\n<link rel=\"canonical\" href=\"https:\/\/beavertechcanada.com\/fr\/produit\/option-grappin-pour-debroussailleuse-excavatrice-debgrap24-debgrap36\/\" \/>\n<meta property=\"og:locale\" content=\"fr_FR\" \/>\n<meta property=\"og:type\" content=\"article\" \/>\n<meta property=\"og:title\" content=\"Option grappin pour d\u00e9broussailleuse excavatrice DEBGRAP24 \/ DEBGRAP36 | BeaverTech\" \/>\n<meta property=\"og:description\" content=\"Cette option s\u2019adapte directement sur l\u2019attache de votre d\u00e9broussailleuse excavatrice!  Elle vous permet de manipuler arbres, souches, roches et les branches coup\u00e9es qui tombent dans vos sentiers tout en effectuant vos travaux de d\u00e9broussaillage.\" \/>\n<meta property=\"og:url\" content=\"https:\/\/beavertechcanada.com\/fr\/produit\/option-grappin-pour-debroussailleuse-excavatrice-debgrap24-debgrap36\/\" \/>\n<meta property=\"og:site_name\" content=\"BeaverTech\" \/>\n<meta property=\"article:publisher\" content=\"https:\/\/www.facebook.com\/debroussailleusebeavertech\" \/>\n<meta property=\"article:modified_time\" content=\"2026-01-30T19:41:45+00:00\" \/>\n<meta property=\"og:image\" content=\"https:\/\/beavertechcanada.com\/wp-content\/uploads\/2024\/12\/grappin-debroussailleuse-excavatrice-beavertech-03.jpg\" \/>\n\t<meta property=\"og:image:width\" content=\"980\" \/>\n\t<meta property=\"og:image:height\" content=\"735\" \/>\n\t<meta property=\"og:image:type\" content=\"image\/jpeg\" \/>\n<meta name=\"twitter:card\" content=\"summary_large_image\" \/>\n<meta name=\"twitter:label1\" content=\"Dur\u00e9e de lecture estim\u00e9e\" \/>\n\t<meta name=\"twitter:data1\" content=\"1 minute\" \/>\n<script type=\"application\/ld+json\" class=\"yoast-schema-graph\">{\"@context\":\"https:\\\/\\\/schema.org\",\"@graph\":[{\"@type\":\"WebPage\",\"@id\":\"https:\\\/\\\/beavertechcanada.com\\\/fr\\\/produit\\\/option-grappin-pour-debroussailleuse-excavatrice-debgrap24-debgrap36\\\/\",\"url\":\"https:\\\/\\\/beavertechcanada.com\\\/fr\\\/produit\\\/option-grappin-pour-debroussailleuse-excavatrice-debgrap24-debgrap36\\\/\",\"name\":\"Option grappin pour d\u00e9broussailleuse excavatrice DEBGRAP24 \\\/ DEBGRAP36 | BeaverTech\",\"isPartOf\":{\"@id\":\"https:\\\/\\\/beavertechcanada.com\\\/fr\\\/#website\"},\"primaryImageOfPage\":{\"@id\":\"https:\\\/\\\/beavertechcanada.com\\\/fr\\\/produit\\\/option-grappin-pour-debroussailleuse-excavatrice-debgrap24-debgrap36\\\/#primaryimage\"},\"image\":{\"@id\":\"https:\\\/\\\/beavertechcanada.com\\\/fr\\\/produit\\\/option-grappin-pour-debroussailleuse-excavatrice-debgrap24-debgrap36\\\/#primaryimage\"},\"thumbnailUrl\":\"https:\\\/\\\/beavertechcanada.com\\\/wp-content\\\/uploads\\\/2024\\\/12\\\/grappin-debroussailleuse-excavatrice-beavertech-03.jpg\",\"datePublished\":\"2024-12-20T19:40:11+00:00\",\"dateModified\":\"2026-01-30T19:41:45+00:00\",\"breadcrumb\":{\"@id\":\"https:\\\/\\\/beavertechcanada.com\\\/fr\\\/produit\\\/option-grappin-pour-debroussailleuse-excavatrice-debgrap24-debgrap36\\\/#breadcrumb\"},\"inLanguage\":\"fr-FR\",\"potentialAction\":[{\"@type\":\"ReadAction\",\"target\":[\"https:\\\/\\\/beavertechcanada.com\\\/fr\\\/produit\\\/option-grappin-pour-debroussailleuse-excavatrice-debgrap24-debgrap36\\\/\"]}]},{\"@type\":\"ImageObject\",\"inLanguage\":\"fr-FR\",\"@id\":\"https:\\\/\\\/beavertechcanada.com\\\/fr\\\/produit\\\/option-grappin-pour-debroussailleuse-excavatrice-debgrap24-debgrap36\\\/#primaryimage\",\"url\":\"https:\\\/\\\/beavertechcanada.com\\\/wp-content\\\/uploads\\\/2024\\\/12\\\/grappin-debroussailleuse-excavatrice-beavertech-03.jpg\",\"contentUrl\":\"https:\\\/\\\/beavertechcanada.com\\\/wp-content\\\/uploads\\\/2024\\\/12\\\/grappin-debroussailleuse-excavatrice-beavertech-03.jpg\",\"width\":980,\"height\":735,\"caption\":\"grappin-debroussailleuse-excavatrice-beavertech-03\"},{\"@type\":\"BreadcrumbList\",\"@id\":\"https:\\\/\\\/beavertechcanada.com\\\/fr\\\/produit\\\/option-grappin-pour-debroussailleuse-excavatrice-debgrap24-debgrap36\\\/#breadcrumb\",\"itemListElement\":[{\"@type\":\"ListItem\",\"position\":1,\"name\":\"Accueil\",\"item\":\"https:\\\/\\\/beavertechcanada.com\\\/fr\\\/\"},{\"@type\":\"ListItem\",\"position\":2,\"name\":\"Boutique\",\"item\":\"https:\\\/\\\/beavertechcanada.com\\\/fr\\\/boutique\\\/\"},{\"@type\":\"ListItem\",\"position\":3,\"name\":\"Option grappin pour d\u00e9broussailleuse excavatrice DEBGRAP24 \\\/ DEBGRAP36\"}]},{\"@type\":\"WebSite\",\"@id\":\"https:\\\/\\\/beavertechcanada.com\\\/fr\\\/#website\",\"url\":\"https:\\\/\\\/beavertechcanada.com\\\/fr\\\/\",\"name\":\"BeaverTech\",\"description\":\"D\u00e9broussailleuses pour VTT, tracteurs, surfaceurs et excavatrices\",\"potentialAction\":[{\"@type\":\"SearchAction\",\"target\":{\"@type\":\"EntryPoint\",\"urlTemplate\":\"https:\\\/\\\/beavertechcanada.com\\\/fr\\\/?s={search_term_string}\"},\"query-input\":{\"@type\":\"PropertyValueSpecification\",\"valueRequired\":true,\"valueName\":\"search_term_string\"}}],\"inLanguage\":\"fr-FR\"}]}<\/script>\n<!-- \/ Yoast SEO plugin. -->","yoast_head_json":{"title":"Option grappin pour d\u00e9broussailleuse excavatrice DEBGRAP24 \/ DEBGRAP36 | BeaverTech","robots":{"index":"index","follow":"follow","max-snippet":"max-snippet:-1","max-image-preview":"max-image-preview:large","max-video-preview":"max-video-preview:-1"},"canonical":"https:\/\/beavertechcanada.com\/fr\/produit\/option-grappin-pour-debroussailleuse-excavatrice-debgrap24-debgrap36\/","og_locale":"fr_FR","og_type":"article","og_title":"Option grappin pour d\u00e9broussailleuse excavatrice DEBGRAP24 \/ DEBGRAP36 | BeaverTech","og_description":"Cette option s\u2019adapte directement sur l\u2019attache de votre d\u00e9broussailleuse excavatrice!  Elle vous permet de manipuler arbres, souches, roches et les branches coup\u00e9es qui tombent dans vos sentiers tout en effectuant vos travaux de d\u00e9broussaillage.","og_url":"https:\/\/beavertechcanada.com\/fr\/produit\/option-grappin-pour-debroussailleuse-excavatrice-debgrap24-debgrap36\/","og_site_name":"BeaverTech","article_publisher":"https:\/\/www.facebook.com\/debroussailleusebeavertech","article_modified_time":"2026-01-30T19:41:45+00:00","og_image":[{"width":980,"height":735,"url":"https:\/\/beavertechcanada.com\/wp-content\/uploads\/2024\/12\/grappin-debroussailleuse-excavatrice-beavertech-03.jpg","type":"image\/jpeg"}],"twitter_card":"summary_large_image","twitter_misc":{"Dur\u00e9e de lecture estim\u00e9e":"1 minute"},"schema":{"@context":"https:\/\/schema.org","@graph":[{"@type":"WebPage","@id":"https:\/\/beavertechcanada.com\/fr\/produit\/option-grappin-pour-debroussailleuse-excavatrice-debgrap24-debgrap36\/","url":"https:\/\/beavertechcanada.com\/fr\/produit\/option-grappin-pour-debroussailleuse-excavatrice-debgrap24-debgrap36\/","name":"Option grappin pour d\u00e9broussailleuse excavatrice DEBGRAP24 \/ DEBGRAP36 | BeaverTech","isPartOf":{"@id":"https:\/\/beavertechcanada.com\/fr\/#website"},"primaryImageOfPage":{"@id":"https:\/\/beavertechcanada.com\/fr\/produit\/option-grappin-pour-debroussailleuse-excavatrice-debgrap24-debgrap36\/#primaryimage"},"image":{"@id":"https:\/\/beavertechcanada.com\/fr\/produit\/option-grappin-pour-debroussailleuse-excavatrice-debgrap24-debgrap36\/#primaryimage"},"thumbnailUrl":"https:\/\/beavertechcanada.com\/wp-content\/uploads\/2024\/12\/grappin-debroussailleuse-excavatrice-beavertech-03.jpg","datePublished":"2024-12-20T19:40:11+00:00","dateModified":"2026-01-30T19:41:45+00:00","breadcrumb":{"@id":"https:\/\/beavertechcanada.com\/fr\/produit\/option-grappin-pour-debroussailleuse-excavatrice-debgrap24-debgrap36\/#breadcrumb"},"inLanguage":"fr-FR","potentialAction":[{"@type":"ReadAction","target":["https:\/\/beavertechcanada.com\/fr\/produit\/option-grappin-pour-debroussailleuse-excavatrice-debgrap24-debgrap36\/"]}]},{"@type":"ImageObject","inLanguage":"fr-FR","@id":"https:\/\/beavertechcanada.com\/fr\/produit\/option-grappin-pour-debroussailleuse-excavatrice-debgrap24-debgrap36\/#primaryimage","url":"https:\/\/beavertechcanada.com\/wp-content\/uploads\/2024\/12\/grappin-debroussailleuse-excavatrice-beavertech-03.jpg","contentUrl":"https:\/\/beavertechcanada.com\/wp-content\/uploads\/2024\/12\/grappin-debroussailleuse-excavatrice-beavertech-03.jpg","width":980,"height":735,"caption":"grappin-debroussailleuse-excavatrice-beavertech-03"},{"@type":"BreadcrumbList","@id":"https:\/\/beavertechcanada.com\/fr\/produit\/option-grappin-pour-debroussailleuse-excavatrice-debgrap24-debgrap36\/#breadcrumb","itemListElement":[{"@type":"ListItem","position":1,"name":"Accueil","item":"https:\/\/beavertechcanada.com\/fr\/"},{"@type":"ListItem","position":2,"name":"Boutique","item":"https:\/\/beavertechcanada.com\/fr\/boutique\/"},{"@type":"ListItem","position":3,"name":"Option grappin pour d\u00e9broussailleuse excavatrice DEBGRAP24 \/ DEBGRAP36"}]},{"@type":"WebSite","@id":"https:\/\/beavertechcanada.com\/fr\/#website","url":"https:\/\/beavertechcanada.com\/fr\/","name":"BeaverTech","description":"D\u00e9broussailleuses pour VTT, tracteurs, surfaceurs et excavatrices","potentialAction":[{"@type":"SearchAction","target":{"@type":"EntryPoint","urlTemplate":"https:\/\/beavertechcanada.com\/fr\/?s={search_term_string}"},"query-input":{"@type":"PropertyValueSpecification","valueRequired":true,"valueName":"search_term_string"}}],"inLanguage":"fr-FR"}]}},"_links":{"self":[{"href":"https:\/\/beavertechcanada.com\/fr\/wp-json\/wp\/v2\/product\/696","targetHints":{"allow":["GET"]}}],"collection":[{"href":"https:\/\/beavertechcanada.com\/fr\/wp-json\/wp\/v2\/product"}],"about":[{"href":"https:\/\/beavertechcanada.com\/fr\/wp-json\/wp\/v2\/types\/product"}],"wp:featuredmedia":[{"embeddable":true,"href":"https:\/\/beavertechcanada.com\/fr\/wp-json\/wp\/v2\/media\/719"}],"wp:attachment":[{"href":"https:\/\/beavertechcanada.com\/fr\/wp-json\/wp\/v2\/media?parent=696"}],"wp:term":[{"taxonomy":"product_brand","embeddable":true,"href":"https:\/\/beavertechcanada.com\/fr\/wp-json\/wp\/v2\/product_brand?post=696"},{"taxonomy":"product_cat","embeddable":true,"href":"https:\/\/beavertechcanada.com\/fr\/wp-json\/wp\/v2\/product_cat?post=696"},{"taxonomy":"product_tag","embeddable":true,"href":"https:\/\/beavertechcanada.com\/fr\/wp-json\/wp\/v2\/product_tag?post=696"}],"curies":[{"name":"wp","href":"https:\/\/api.w.org\/{rel}","templated":true}]}}