{"id":697,"date":"2024-12-20T14:27:49","date_gmt":"2024-12-20T19:27:49","guid":{"rendered":"https:\/\/beavertechcanada.com\/?post_type=product&#038;p=697"},"modified":"2025-01-28T15:35:41","modified_gmt":"2025-01-28T20:35:41","slug":"outil-de-levage-pour-debroussailleuse-vtt-debvttsuplev","status":"publish","type":"product","link":"https:\/\/beavertechcanada.com\/fr\/produit\/outil-de-levage-pour-debroussailleuse-vtt-debvttsuplev\/","title":{"rendered":"Outil de levage pour d\u00e9broussailleuse VTT DEBVTTSUPLEV"},"content":{"rendered":"","protected":false},"excerpt":{"rendered":"<p>Id\u00e9al pour charger votre d\u00e9broussailleuse dans votre camion ou remorque!<\/p>\n<p>Il permet de soulever votre d\u00e9broussailleuse parfaitement \u00e9quilibr\u00e9e \u00e0 l\u2019aide de machinerie ou outil de levage.<\/p>\n","protected":false},"featured_media":707,"template":"","meta":{"_et_pb_use_builder":"","_et_pb_old_content":"","_et_gb_content_width":""},"product_brand":[],"product_cat":[34],"product_tag":[],"class_list":{"0":"post-697","1":"product","2":"type-product","3":"status-publish","4":"has-post-thumbnail","6":"product_cat-vtt","8":"first","9":"instock","10":"shipping-taxable","11":"purchasable","12":"product-type-simple"},"yoast_head":"<!-- This site is optimized with the Yoast SEO plugin v27.4 - https:\/\/yoast.com\/product\/yoast-seo-wordpress\/ -->\n<title>Outil de levage pour d\u00e9broussailleuse VTT DEBVTTSUPLEV | BeaverTech<\/title>\n<meta name=\"robots\" content=\"index, follow, max-snippet:-1, max-image-preview:large, max-video-preview:-1\" \/>\n<link rel=\"canonical\" href=\"https:\/\/beavertechcanada.com\/fr\/produit\/outil-de-levage-pour-debroussailleuse-vtt-debvttsuplev\/\" \/>\n<meta property=\"og:locale\" content=\"fr_FR\" \/>\n<meta property=\"og:type\" content=\"article\" \/>\n<meta property=\"og:title\" content=\"Outil de levage pour d\u00e9broussailleuse VTT DEBVTTSUPLEV | BeaverTech\" \/>\n<meta property=\"og:description\" content=\"Id\u00e9al pour charger votre d\u00e9broussailleuse dans votre camion ou remorque!  Il permet de soulever votre d\u00e9broussailleuse parfaitement \u00e9quilibr\u00e9e \u00e0 l\u2019aide de machinerie ou outil de levage.\" \/>\n<meta property=\"og:url\" content=\"https:\/\/beavertechcanada.com\/fr\/produit\/outil-de-levage-pour-debroussailleuse-vtt-debvttsuplev\/\" \/>\n<meta property=\"og:site_name\" content=\"BeaverTech\" \/>\n<meta property=\"article:publisher\" content=\"https:\/\/www.facebook.com\/debroussailleusebeavertech\" \/>\n<meta property=\"article:modified_time\" content=\"2025-01-28T20:35:41+00:00\" \/>\n<meta property=\"og:image\" content=\"https:\/\/beavertechcanada.com\/wp-content\/uploads\/2024\/12\/support-levage-debroussailleuse-beavertech.jpg\" \/>\n\t<meta property=\"og:image:width\" content=\"980\" \/>\n\t<meta property=\"og:image:height\" content=\"735\" \/>\n\t<meta property=\"og:image:type\" content=\"image\/jpeg\" \/>\n<meta name=\"twitter:card\" content=\"summary_large_image\" \/>\n<meta name=\"twitter:label1\" content=\"Dur\u00e9e de lecture estim\u00e9e\" \/>\n\t<meta name=\"twitter:data1\" content=\"1 minute\" \/>\n<script type=\"application\/ld+json\" class=\"yoast-schema-graph\">{\"@context\":\"https:\\\/\\\/schema.org\",\"@graph\":[{\"@type\":\"WebPage\",\"@id\":\"https:\\\/\\\/beavertechcanada.com\\\/fr\\\/produit\\\/outil-de-levage-pour-debroussailleuse-vtt-debvttsuplev\\\/\",\"url\":\"https:\\\/\\\/beavertechcanada.com\\\/fr\\\/produit\\\/outil-de-levage-pour-debroussailleuse-vtt-debvttsuplev\\\/\",\"name\":\"Outil de levage pour d\u00e9broussailleuse VTT DEBVTTSUPLEV | BeaverTech\",\"isPartOf\":{\"@id\":\"https:\\\/\\\/beavertechcanada.com\\\/fr\\\/#website\"},\"primaryImageOfPage\":{\"@id\":\"https:\\\/\\\/beavertechcanada.com\\\/fr\\\/produit\\\/outil-de-levage-pour-debroussailleuse-vtt-debvttsuplev\\\/#primaryimage\"},\"image\":{\"@id\":\"https:\\\/\\\/beavertechcanada.com\\\/fr\\\/produit\\\/outil-de-levage-pour-debroussailleuse-vtt-debvttsuplev\\\/#primaryimage\"},\"thumbnailUrl\":\"https:\\\/\\\/beavertechcanada.com\\\/wp-content\\\/uploads\\\/2024\\\/12\\\/support-levage-debroussailleuse-beavertech.jpg\",\"datePublished\":\"2024-12-20T19:27:49+00:00\",\"dateModified\":\"2025-01-28T20:35:41+00:00\",\"breadcrumb\":{\"@id\":\"https:\\\/\\\/beavertechcanada.com\\\/fr\\\/produit\\\/outil-de-levage-pour-debroussailleuse-vtt-debvttsuplev\\\/#breadcrumb\"},\"inLanguage\":\"fr-FR\",\"potentialAction\":[{\"@type\":\"ReadAction\",\"target\":[\"https:\\\/\\\/beavertechcanada.com\\\/fr\\\/produit\\\/outil-de-levage-pour-debroussailleuse-vtt-debvttsuplev\\\/\"]}]},{\"@type\":\"ImageObject\",\"inLanguage\":\"fr-FR\",\"@id\":\"https:\\\/\\\/beavertechcanada.com\\\/fr\\\/produit\\\/outil-de-levage-pour-debroussailleuse-vtt-debvttsuplev\\\/#primaryimage\",\"url\":\"https:\\\/\\\/beavertechcanada.com\\\/wp-content\\\/uploads\\\/2024\\\/12\\\/support-levage-debroussailleuse-beavertech.jpg\",\"contentUrl\":\"https:\\\/\\\/beavertechcanada.com\\\/wp-content\\\/uploads\\\/2024\\\/12\\\/support-levage-debroussailleuse-beavertech.jpg\",\"width\":980,\"height\":735,\"caption\":\"support-levage-debroussailleuse-beavertech\"},{\"@type\":\"BreadcrumbList\",\"@id\":\"https:\\\/\\\/beavertechcanada.com\\\/fr\\\/produit\\\/outil-de-levage-pour-debroussailleuse-vtt-debvttsuplev\\\/#breadcrumb\",\"itemListElement\":[{\"@type\":\"ListItem\",\"position\":1,\"name\":\"Accueil\",\"item\":\"https:\\\/\\\/beavertechcanada.com\\\/fr\\\/\"},{\"@type\":\"ListItem\",\"position\":2,\"name\":\"Boutique\",\"item\":\"https:\\\/\\\/beavertechcanada.com\\\/fr\\\/boutique\\\/\"},{\"@type\":\"ListItem\",\"position\":3,\"name\":\"Outil de levage pour d\u00e9broussailleuse VTT DEBVTTSUPLEV\"}]},{\"@type\":\"WebSite\",\"@id\":\"https:\\\/\\\/beavertechcanada.com\\\/fr\\\/#website\",\"url\":\"https:\\\/\\\/beavertechcanada.com\\\/fr\\\/\",\"name\":\"BeaverTech\",\"description\":\"D\u00e9broussailleuses pour VTT, tracteurs, surfaceurs et excavatrices\",\"potentialAction\":[{\"@type\":\"SearchAction\",\"target\":{\"@type\":\"EntryPoint\",\"urlTemplate\":\"https:\\\/\\\/beavertechcanada.com\\\/fr\\\/?s={search_term_string}\"},\"query-input\":{\"@type\":\"PropertyValueSpecification\",\"valueRequired\":true,\"valueName\":\"search_term_string\"}}],\"inLanguage\":\"fr-FR\"}]}<\/script>\n<!-- \/ Yoast SEO plugin. -->","yoast_head_json":{"title":"Outil de levage pour d\u00e9broussailleuse VTT DEBVTTSUPLEV | BeaverTech","robots":{"index":"index","follow":"follow","max-snippet":"max-snippet:-1","max-image-preview":"max-image-preview:large","max-video-preview":"max-video-preview:-1"},"canonical":"https:\/\/beavertechcanada.com\/fr\/produit\/outil-de-levage-pour-debroussailleuse-vtt-debvttsuplev\/","og_locale":"fr_FR","og_type":"article","og_title":"Outil de levage pour d\u00e9broussailleuse VTT DEBVTTSUPLEV | BeaverTech","og_description":"Id\u00e9al pour charger votre d\u00e9broussailleuse dans votre camion ou remorque!  Il permet de soulever votre d\u00e9broussailleuse parfaitement \u00e9quilibr\u00e9e \u00e0 l\u2019aide de machinerie ou outil de levage.","og_url":"https:\/\/beavertechcanada.com\/fr\/produit\/outil-de-levage-pour-debroussailleuse-vtt-debvttsuplev\/","og_site_name":"BeaverTech","article_publisher":"https:\/\/www.facebook.com\/debroussailleusebeavertech","article_modified_time":"2025-01-28T20:35:41+00:00","og_image":[{"width":980,"height":735,"url":"https:\/\/beavertechcanada.com\/wp-content\/uploads\/2024\/12\/support-levage-debroussailleuse-beavertech.jpg","type":"image\/jpeg"}],"twitter_card":"summary_large_image","twitter_misc":{"Dur\u00e9e de lecture estim\u00e9e":"1 minute"},"schema":{"@context":"https:\/\/schema.org","@graph":[{"@type":"WebPage","@id":"https:\/\/beavertechcanada.com\/fr\/produit\/outil-de-levage-pour-debroussailleuse-vtt-debvttsuplev\/","url":"https:\/\/beavertechcanada.com\/fr\/produit\/outil-de-levage-pour-debroussailleuse-vtt-debvttsuplev\/","name":"Outil de levage pour d\u00e9broussailleuse VTT DEBVTTSUPLEV | BeaverTech","isPartOf":{"@id":"https:\/\/beavertechcanada.com\/fr\/#website"},"primaryImageOfPage":{"@id":"https:\/\/beavertechcanada.com\/fr\/produit\/outil-de-levage-pour-debroussailleuse-vtt-debvttsuplev\/#primaryimage"},"image":{"@id":"https:\/\/beavertechcanada.com\/fr\/produit\/outil-de-levage-pour-debroussailleuse-vtt-debvttsuplev\/#primaryimage"},"thumbnailUrl":"https:\/\/beavertechcanada.com\/wp-content\/uploads\/2024\/12\/support-levage-debroussailleuse-beavertech.jpg","datePublished":"2024-12-20T19:27:49+00:00","dateModified":"2025-01-28T20:35:41+00:00","breadcrumb":{"@id":"https:\/\/beavertechcanada.com\/fr\/produit\/outil-de-levage-pour-debroussailleuse-vtt-debvttsuplev\/#breadcrumb"},"inLanguage":"fr-FR","potentialAction":[{"@type":"ReadAction","target":["https:\/\/beavertechcanada.com\/fr\/produit\/outil-de-levage-pour-debroussailleuse-vtt-debvttsuplev\/"]}]},{"@type":"ImageObject","inLanguage":"fr-FR","@id":"https:\/\/beavertechcanada.com\/fr\/produit\/outil-de-levage-pour-debroussailleuse-vtt-debvttsuplev\/#primaryimage","url":"https:\/\/beavertechcanada.com\/wp-content\/uploads\/2024\/12\/support-levage-debroussailleuse-beavertech.jpg","contentUrl":"https:\/\/beavertechcanada.com\/wp-content\/uploads\/2024\/12\/support-levage-debroussailleuse-beavertech.jpg","width":980,"height":735,"caption":"support-levage-debroussailleuse-beavertech"},{"@type":"BreadcrumbList","@id":"https:\/\/beavertechcanada.com\/fr\/produit\/outil-de-levage-pour-debroussailleuse-vtt-debvttsuplev\/#breadcrumb","itemListElement":[{"@type":"ListItem","position":1,"name":"Accueil","item":"https:\/\/beavertechcanada.com\/fr\/"},{"@type":"ListItem","position":2,"name":"Boutique","item":"https:\/\/beavertechcanada.com\/fr\/boutique\/"},{"@type":"ListItem","position":3,"name":"Outil de levage pour d\u00e9broussailleuse VTT DEBVTTSUPLEV"}]},{"@type":"WebSite","@id":"https:\/\/beavertechcanada.com\/fr\/#website","url":"https:\/\/beavertechcanada.com\/fr\/","name":"BeaverTech","description":"D\u00e9broussailleuses pour VTT, tracteurs, surfaceurs et excavatrices","potentialAction":[{"@type":"SearchAction","target":{"@type":"EntryPoint","urlTemplate":"https:\/\/beavertechcanada.com\/fr\/?s={search_term_string}"},"query-input":{"@type":"PropertyValueSpecification","valueRequired":true,"valueName":"search_term_string"}}],"inLanguage":"fr-FR"}]}},"_links":{"self":[{"href":"https:\/\/beavertechcanada.com\/fr\/wp-json\/wp\/v2\/product\/697","targetHints":{"allow":["GET"]}}],"collection":[{"href":"https:\/\/beavertechcanada.com\/fr\/wp-json\/wp\/v2\/product"}],"about":[{"href":"https:\/\/beavertechcanada.com\/fr\/wp-json\/wp\/v2\/types\/product"}],"wp:featuredmedia":[{"embeddable":true,"href":"https:\/\/beavertechcanada.com\/fr\/wp-json\/wp\/v2\/media\/707"}],"wp:attachment":[{"href":"https:\/\/beavertechcanada.com\/fr\/wp-json\/wp\/v2\/media?parent=697"}],"wp:term":[{"taxonomy":"product_brand","embeddable":true,"href":"https:\/\/beavertechcanada.com\/fr\/wp-json\/wp\/v2\/product_brand?post=697"},{"taxonomy":"product_cat","embeddable":true,"href":"https:\/\/beavertechcanada.com\/fr\/wp-json\/wp\/v2\/product_cat?post=697"},{"taxonomy":"product_tag","embeddable":true,"href":"https:\/\/beavertechcanada.com\/fr\/wp-json\/wp\/v2\/product_tag?post=697"}],"curies":[{"name":"wp","href":"https:\/\/api.w.org\/{rel}","templated":true}]}}