{"id":801,"date":"2025-01-28T10:27:05","date_gmt":"2025-01-28T15:27:05","guid":{"rendered":"https:\/\/beavertechcanada.com\/?post_type=product&#038;p=801"},"modified":"2026-01-30T14:40:20","modified_gmt":"2026-01-30T19:40:20","slug":"debroussailleuse-pour-excavatrice-jad-38","status":"publish","type":"product","link":"https:\/\/beavertechcanada.com\/fr\/produit\/debroussailleuse-pour-excavatrice-jad-38\/","title":{"rendered":"D\u00e9broussailleuse pour excavatrice JAD-38"},"content":{"rendered":"<h4>Une D\u00e9broussailleuse foresti\u00e8re flexible<\/h4>\n<p>Le mod\u00e8le <strong>JAD-38<\/strong> peut \u00eatre muni de 2 types d\u2019outils de coupe : soit le <strong>disque essoucheur EN OPTION<\/strong> ou<strong> les couteaux flottants<\/strong>.<\/p>\n<p>Les <strong>couteaux flottants ont un diam\u00e8tre de coupe plus grand (38po)<\/strong>. Ils sont aiguisables \u00e0 l\u2019aide d\u2019une meuleuse. Ainsi, ils peuvent entrer en contact avec du solide (exemple de la roche) et se retourner sur eux-m\u00eames pour \u00e9viter de se briser. De son c\u00f4t\u00e9, <strong>le disque essoucheur a un diam\u00e8tre de coupe un peu plus petit (28po).<\/strong> Il est muni de marteaux avec pointe de carbure.<\/p>\n<p>Le disque essoucheur fait le m\u00eame travail que les couteaux flottants dans la coupe de broussailles et\/ou petits arbres, ainsi sa fonction de valeur ajout\u00e9e est qu\u2019il est con\u00e7u pour travailler la surface du sol. Par exemple, \u00e9t\u00eater une souche ou raser le pied des broussailles. Offerte en plusieurs options de diam\u00e8tres de coupes, notre syst\u00e8me a fait ses preuves, et ce, pour de durs travaux.<\/p>\n<h4>Sp\u00e9cifications Techniques de notre D\u00e9broussailleuse foresti\u00e8re:<\/h4>\n<p>\u2022 Syst\u00e8me d\u2019<strong>attache rapide<\/strong><br \/>\n\u2022 Convenant \u00e0 tous les budgets. En effet, <strong>la plus \u00e9conomique<\/strong> sur le march\u00e9.<br \/>\n\u2022 Compacte et Performante<br \/>\n\u2022 Syst\u00e8me hydraulique sans cavitation permettant d\u2019en augmenter son efficacit\u00e9 et ainsi <strong>diminuer les risques de bris et maintenances<\/strong><br \/>\n\u2022 D\u00e9bit hydraulique minimum <strong>20 GPM A 30 GPM<\/strong><br \/>\n\u2022 Excavateur avec <strong>couteaux flottants, aff\u00fbtables et durables<\/strong><br \/>\n\u2022 Diam\u00e8tre de coupe de<strong> 38 ou 48 pouces<\/strong><br \/>\n\u2022 Disque essoucheur en option<\/p>\n","protected":false},"excerpt":{"rendered":"<p>Cette d\u00e9broussailleuse est id\u00e9ale pour vos travaux \u00e0 effectuer pr\u00e8s du sol et dans plusieurs types de v\u00e9g\u00e9tation comme l\u2019herbe, les arbustes, arbres et m\u00eame l\u2019essouchage avec l\u2019option disponible.<\/p>\n","protected":false},"featured_media":808,"template":"","meta":{"_et_pb_use_builder":"","_et_pb_old_content":"","_et_gb_content_width":""},"product_brand":[],"product_cat":[36,40],"product_tag":[],"class_list":{"0":"post-801","1":"product","2":"type-product","3":"status-publish","4":"has-post-thumbnail","6":"product_cat-excavatrice","7":"product_cat-excavatrice-2","9":"first","10":"instock","11":"shipping-taxable","12":"purchasable","13":"product-type-simple"},"yoast_head":"<!-- This site is optimized with the Yoast SEO plugin v27.4 - https:\/\/yoast.com\/product\/yoast-seo-wordpress\/ -->\n<title>D\u00e9broussailleuse pour excavatrice JAD-38 | BeaverTech<\/title>\n<meta name=\"robots\" content=\"index, follow, max-snippet:-1, max-image-preview:large, max-video-preview:-1\" \/>\n<link rel=\"canonical\" href=\"https:\/\/beavertechcanada.com\/fr\/produit\/debroussailleuse-pour-excavatrice-jad-38\/\" \/>\n<meta property=\"og:locale\" content=\"fr_FR\" \/>\n<meta property=\"og:type\" content=\"article\" \/>\n<meta property=\"og:title\" content=\"D\u00e9broussailleuse pour excavatrice JAD-38 | BeaverTech\" \/>\n<meta property=\"og:description\" content=\"Cette d\u00e9broussailleuse est id\u00e9ale pour vos travaux \u00e0 effectuer pr\u00e8s du sol et dans plusieurs types de v\u00e9g\u00e9tation comme l\u2019herbe, les arbustes, arbres et m\u00eame l\u2019essouchage avec l\u2019option disponible.\" \/>\n<meta property=\"og:url\" content=\"https:\/\/beavertechcanada.com\/fr\/produit\/debroussailleuse-pour-excavatrice-jad-38\/\" \/>\n<meta property=\"og:site_name\" content=\"BeaverTech\" \/>\n<meta property=\"article:publisher\" content=\"https:\/\/www.facebook.com\/debroussailleusebeavertech\" \/>\n<meta property=\"article:modified_time\" content=\"2026-01-30T19:40:20+00:00\" \/>\n<meta property=\"og:image\" content=\"https:\/\/beavertechcanada.com\/wp-content\/uploads\/2025\/01\/jad-38-debroussailleuse-excavatrice-beavertech-01.jpg\" \/>\n\t<meta property=\"og:image:width\" content=\"980\" \/>\n\t<meta property=\"og:image:height\" content=\"735\" \/>\n\t<meta property=\"og:image:type\" content=\"image\/jpeg\" \/>\n<meta name=\"twitter:card\" content=\"summary_large_image\" \/>\n<meta name=\"twitter:label1\" content=\"Dur\u00e9e de lecture estim\u00e9e\" \/>\n\t<meta name=\"twitter:data1\" content=\"2 minutes\" \/>\n<script type=\"application\/ld+json\" class=\"yoast-schema-graph\">{\"@context\":\"https:\\\/\\\/schema.org\",\"@graph\":[{\"@type\":\"WebPage\",\"@id\":\"https:\\\/\\\/beavertechcanada.com\\\/fr\\\/produit\\\/debroussailleuse-pour-excavatrice-jad-38\\\/\",\"url\":\"https:\\\/\\\/beavertechcanada.com\\\/fr\\\/produit\\\/debroussailleuse-pour-excavatrice-jad-38\\\/\",\"name\":\"D\u00e9broussailleuse pour excavatrice JAD-38 | BeaverTech\",\"isPartOf\":{\"@id\":\"https:\\\/\\\/beavertechcanada.com\\\/fr\\\/#website\"},\"primaryImageOfPage\":{\"@id\":\"https:\\\/\\\/beavertechcanada.com\\\/fr\\\/produit\\\/debroussailleuse-pour-excavatrice-jad-38\\\/#primaryimage\"},\"image\":{\"@id\":\"https:\\\/\\\/beavertechcanada.com\\\/fr\\\/produit\\\/debroussailleuse-pour-excavatrice-jad-38\\\/#primaryimage\"},\"thumbnailUrl\":\"https:\\\/\\\/beavertechcanada.com\\\/wp-content\\\/uploads\\\/2025\\\/01\\\/jad-38-debroussailleuse-excavatrice-beavertech-01.jpg\",\"datePublished\":\"2025-01-28T15:27:05+00:00\",\"dateModified\":\"2026-01-30T19:40:20+00:00\",\"breadcrumb\":{\"@id\":\"https:\\\/\\\/beavertechcanada.com\\\/fr\\\/produit\\\/debroussailleuse-pour-excavatrice-jad-38\\\/#breadcrumb\"},\"inLanguage\":\"fr-FR\",\"potentialAction\":[{\"@type\":\"ReadAction\",\"target\":[\"https:\\\/\\\/beavertechcanada.com\\\/fr\\\/produit\\\/debroussailleuse-pour-excavatrice-jad-38\\\/\"]}]},{\"@type\":\"ImageObject\",\"inLanguage\":\"fr-FR\",\"@id\":\"https:\\\/\\\/beavertechcanada.com\\\/fr\\\/produit\\\/debroussailleuse-pour-excavatrice-jad-38\\\/#primaryimage\",\"url\":\"https:\\\/\\\/beavertechcanada.com\\\/wp-content\\\/uploads\\\/2025\\\/01\\\/jad-38-debroussailleuse-excavatrice-beavertech-01.jpg\",\"contentUrl\":\"https:\\\/\\\/beavertechcanada.com\\\/wp-content\\\/uploads\\\/2025\\\/01\\\/jad-38-debroussailleuse-excavatrice-beavertech-01.jpg\",\"width\":980,\"height\":735,\"caption\":\"jad-38-debroussailleuse-excavatrice-beavertech-01\"},{\"@type\":\"BreadcrumbList\",\"@id\":\"https:\\\/\\\/beavertechcanada.com\\\/fr\\\/produit\\\/debroussailleuse-pour-excavatrice-jad-38\\\/#breadcrumb\",\"itemListElement\":[{\"@type\":\"ListItem\",\"position\":1,\"name\":\"Accueil\",\"item\":\"https:\\\/\\\/beavertechcanada.com\\\/fr\\\/\"},{\"@type\":\"ListItem\",\"position\":2,\"name\":\"Boutique\",\"item\":\"https:\\\/\\\/beavertechcanada.com\\\/fr\\\/boutique\\\/\"},{\"@type\":\"ListItem\",\"position\":3,\"name\":\"D\u00e9broussailleuse pour excavatrice JAD-38\"}]},{\"@type\":\"WebSite\",\"@id\":\"https:\\\/\\\/beavertechcanada.com\\\/fr\\\/#website\",\"url\":\"https:\\\/\\\/beavertechcanada.com\\\/fr\\\/\",\"name\":\"BeaverTech\",\"description\":\"D\u00e9broussailleuses pour VTT, tracteurs, surfaceurs et excavatrices\",\"potentialAction\":[{\"@type\":\"SearchAction\",\"target\":{\"@type\":\"EntryPoint\",\"urlTemplate\":\"https:\\\/\\\/beavertechcanada.com\\\/fr\\\/?s={search_term_string}\"},\"query-input\":{\"@type\":\"PropertyValueSpecification\",\"valueRequired\":true,\"valueName\":\"search_term_string\"}}],\"inLanguage\":\"fr-FR\"}]}<\/script>\n<!-- \/ Yoast SEO plugin. -->","yoast_head_json":{"title":"D\u00e9broussailleuse pour excavatrice JAD-38 | BeaverTech","robots":{"index":"index","follow":"follow","max-snippet":"max-snippet:-1","max-image-preview":"max-image-preview:large","max-video-preview":"max-video-preview:-1"},"canonical":"https:\/\/beavertechcanada.com\/fr\/produit\/debroussailleuse-pour-excavatrice-jad-38\/","og_locale":"fr_FR","og_type":"article","og_title":"D\u00e9broussailleuse pour excavatrice JAD-38 | BeaverTech","og_description":"Cette d\u00e9broussailleuse est id\u00e9ale pour vos travaux \u00e0 effectuer pr\u00e8s du sol et dans plusieurs types de v\u00e9g\u00e9tation comme l\u2019herbe, les arbustes, arbres et m\u00eame l\u2019essouchage avec l\u2019option disponible.","og_url":"https:\/\/beavertechcanada.com\/fr\/produit\/debroussailleuse-pour-excavatrice-jad-38\/","og_site_name":"BeaverTech","article_publisher":"https:\/\/www.facebook.com\/debroussailleusebeavertech","article_modified_time":"2026-01-30T19:40:20+00:00","og_image":[{"width":980,"height":735,"url":"https:\/\/beavertechcanada.com\/wp-content\/uploads\/2025\/01\/jad-38-debroussailleuse-excavatrice-beavertech-01.jpg","type":"image\/jpeg"}],"twitter_card":"summary_large_image","twitter_misc":{"Dur\u00e9e de lecture estim\u00e9e":"2 minutes"},"schema":{"@context":"https:\/\/schema.org","@graph":[{"@type":"WebPage","@id":"https:\/\/beavertechcanada.com\/fr\/produit\/debroussailleuse-pour-excavatrice-jad-38\/","url":"https:\/\/beavertechcanada.com\/fr\/produit\/debroussailleuse-pour-excavatrice-jad-38\/","name":"D\u00e9broussailleuse pour excavatrice JAD-38 | BeaverTech","isPartOf":{"@id":"https:\/\/beavertechcanada.com\/fr\/#website"},"primaryImageOfPage":{"@id":"https:\/\/beavertechcanada.com\/fr\/produit\/debroussailleuse-pour-excavatrice-jad-38\/#primaryimage"},"image":{"@id":"https:\/\/beavertechcanada.com\/fr\/produit\/debroussailleuse-pour-excavatrice-jad-38\/#primaryimage"},"thumbnailUrl":"https:\/\/beavertechcanada.com\/wp-content\/uploads\/2025\/01\/jad-38-debroussailleuse-excavatrice-beavertech-01.jpg","datePublished":"2025-01-28T15:27:05+00:00","dateModified":"2026-01-30T19:40:20+00:00","breadcrumb":{"@id":"https:\/\/beavertechcanada.com\/fr\/produit\/debroussailleuse-pour-excavatrice-jad-38\/#breadcrumb"},"inLanguage":"fr-FR","potentialAction":[{"@type":"ReadAction","target":["https:\/\/beavertechcanada.com\/fr\/produit\/debroussailleuse-pour-excavatrice-jad-38\/"]}]},{"@type":"ImageObject","inLanguage":"fr-FR","@id":"https:\/\/beavertechcanada.com\/fr\/produit\/debroussailleuse-pour-excavatrice-jad-38\/#primaryimage","url":"https:\/\/beavertechcanada.com\/wp-content\/uploads\/2025\/01\/jad-38-debroussailleuse-excavatrice-beavertech-01.jpg","contentUrl":"https:\/\/beavertechcanada.com\/wp-content\/uploads\/2025\/01\/jad-38-debroussailleuse-excavatrice-beavertech-01.jpg","width":980,"height":735,"caption":"jad-38-debroussailleuse-excavatrice-beavertech-01"},{"@type":"BreadcrumbList","@id":"https:\/\/beavertechcanada.com\/fr\/produit\/debroussailleuse-pour-excavatrice-jad-38\/#breadcrumb","itemListElement":[{"@type":"ListItem","position":1,"name":"Accueil","item":"https:\/\/beavertechcanada.com\/fr\/"},{"@type":"ListItem","position":2,"name":"Boutique","item":"https:\/\/beavertechcanada.com\/fr\/boutique\/"},{"@type":"ListItem","position":3,"name":"D\u00e9broussailleuse pour excavatrice JAD-38"}]},{"@type":"WebSite","@id":"https:\/\/beavertechcanada.com\/fr\/#website","url":"https:\/\/beavertechcanada.com\/fr\/","name":"BeaverTech","description":"D\u00e9broussailleuses pour VTT, tracteurs, surfaceurs et excavatrices","potentialAction":[{"@type":"SearchAction","target":{"@type":"EntryPoint","urlTemplate":"https:\/\/beavertechcanada.com\/fr\/?s={search_term_string}"},"query-input":{"@type":"PropertyValueSpecification","valueRequired":true,"valueName":"search_term_string"}}],"inLanguage":"fr-FR"}]}},"_links":{"self":[{"href":"https:\/\/beavertechcanada.com\/fr\/wp-json\/wp\/v2\/product\/801","targetHints":{"allow":["GET"]}}],"collection":[{"href":"https:\/\/beavertechcanada.com\/fr\/wp-json\/wp\/v2\/product"}],"about":[{"href":"https:\/\/beavertechcanada.com\/fr\/wp-json\/wp\/v2\/types\/product"}],"wp:featuredmedia":[{"embeddable":true,"href":"https:\/\/beavertechcanada.com\/fr\/wp-json\/wp\/v2\/media\/808"}],"wp:attachment":[{"href":"https:\/\/beavertechcanada.com\/fr\/wp-json\/wp\/v2\/media?parent=801"}],"wp:term":[{"taxonomy":"product_brand","embeddable":true,"href":"https:\/\/beavertechcanada.com\/fr\/wp-json\/wp\/v2\/product_brand?post=801"},{"taxonomy":"product_cat","embeddable":true,"href":"https:\/\/beavertechcanada.com\/fr\/wp-json\/wp\/v2\/product_cat?post=801"},{"taxonomy":"product_tag","embeddable":true,"href":"https:\/\/beavertechcanada.com\/fr\/wp-json\/wp\/v2\/product_tag?post=801"}],"curies":[{"name":"wp","href":"https:\/\/api.w.org\/{rel}","templated":true}]}}